{"id":9996,"date":"2017-11-27T21:18:10","date_gmt":"2017-11-27T19:18:10","guid":{"rendered":"https:\/\/ydeap.eu\/nasjonalt-program-4\/"},"modified":"2023-06-16T11:58:44","modified_gmt":"2023-06-16T08:58:44","slug":"nasjonalt-program-4","status":"publish","type":"page","link":"https:\/\/ydeap.gr\/no\/nasjonalt-program-4\/","title":{"rendered":"Nasjonalt program"},"content":{"rendered":"<div class=\"wpb-content-wrapper\"><p>[vc_row][vc_column css=&raquo;.vc_custom_1511006756505{padding-right: 20px !important;padding-left: 50px !important;}&raquo;][vc_single_image image=&raquo;8590&#8243; img_size=&raquo;full&raquo; alignment=&raquo;center&raquo;][vc_row_inner][vc_column_inner css=&raquo;.vc_custom_1511006867340{padding-top: 10px !important;padding-right: 0px !important;padding-left: 0px !important;}&raquo;][vc_single_image image=&raquo;8724&#8243; img_size=&raquo;full&raquo;][\/vc_column_inner][\/vc_row_inner][vc_row_inner css=&raquo;.vc_custom_1685867056109{margin-bottom: 30px !important;}&raquo;][vc_column_inner]<div class=\"dt-fancy-separator title-left h3-size title-color\" style=\"width: 100%;\"><div class=\"dt-fancy-title\"><span class=\"separator-holder separator-left\"><\/span>Financial Mechanism of the European Economic Area - E\u00d8S-tilskudd<span class=\"separator-holder separator-right\"><\/span><\/div><\/div>[vc_column_text css=&raquo;.vc_custom_1686905785892{margin-top: 20px !important;}&raquo;]Velkommen til nettsiden til GR-G-programmet for finansmekanismen i Det europeiske \u00f8konomiske samarbeidsomr\u00e5det (E\u00d8S).<br \/>\nDet europeiske \u00f8konomiske samarbeidsomr\u00e5det (E\u00d8S) ble opprettet i 1994 for \u00e5 utvide EUs bestemmelser om det indre marked til landene i det europeiske frihandelsomr\u00e5det (EFTA). De deltakende E\u00d8S-medlemmene er tre av de fire EFTA-medlemslandene (Island, Liechtenstein og Norge, unntatt Sveits), EU og dens 27 medlemsland.<br \/>\nDe generelle m\u00e5lene til H.M. E\u00d8S-perioden 2014-2021 skal p\u00e5 den ene siden bidra til \u00e5 redusere \u00f8konomiske og sosiale ulikheter i Det europeiske \u00f8konomiske samarbeidsomr\u00e5det og p\u00e5 den annen side \u00e5 styrke bilaterale forbindelser mellom de tre (3) giverlandene (Kongeriket Norge, Republikken Island). , fyrsted\u00f8mmet Liechtenstein) og Hellas gjennom \u00f8konomisk st\u00f8tte fra f\u00f8lgende fem (5) prioriterte sektorer:<br \/>\n\u2022 Innovasjon, forskning, utdanning og konkurranseevne<br \/>\n\u2022 Sosial inkludering, ungdomsentrepren\u00f8rskap og fattigdomsbekjempelse.<br \/>\n\u2022 Milj\u00f8, energi, klimaendringer og lavkarbon\u00f8konomi.<br \/>\n\u2022 Kultur, sivilsamfunn, godt styresett, grunnleggende rettigheter og friheter.<br \/>\n\u2022 Justis- og innenrikssaker.<br \/>\nFor programmeringsperioden 2014-2021 har E\u00d8S-departementet bevilget totalt 2,8 milliarder. euro, hvorav 116,7 millioner euro er tildelt Hellas gjennom den internasjonale protokoll 38c (protokoll 38c).<br \/>\nI oktober 2017 undertegnet de tre giverlandene og Hellas et Memorandum of Understanding (MoU: Memorandum of Understanding on the implementering av EEA Financial Mechanism 2014-2021) for programmeringsperioden 2014-2021, som gjelder finansieringen av ni (9) nye programmer:<br \/>\n1. Innovasjon, entrepren\u00f8rskap og SMB.<br \/>\n2. Sosial inkludering og myndiggj\u00f8ring av ROMA.<br \/>\n3. Lokal utvikling og fattigdomsbekjempelse.<\/p>\n<p>4. Vannforvaltning.<br \/>\n5. Fornybare energikilder \u2013 Energisparing.<br \/>\n6. Godt styresett, institusjoner og \u00e5penhet.<br \/>\n7. Asyl og innvandring (Styrking av nasjonale asyl- og immigrasjonssystemer).<br \/>\n8. Asyl og immigrasjon (Trengende behov for mottak og identifisering av nyankomne og innkvartering av s\u00e5rbare grupper)<br \/>\n9. Sivilsamfunnet<\/p>\n<p>I Memorandum of Understanding (MoU) er det ogs\u00e5 en bestemmelse om Fondet for bilaterale forbindelser, hvis form\u00e5l er gjennomf\u00f8ring av aktiviteter rettet mot st\u00f8rre strategisk samarbeid, nettverksbygging og utveksling av kunnskap mellom organer fra giverlandene og greske organer.[\/vc_column_text][\/vc_column_inner][vc_column_inner width=&raquo;1\/3&#8243;]<style type=\"text\/css\" data-type=\"the7_shortcodes-inline-css\">.shortcode-single-image-wrap.shortcode-single-image-fbeb78d05ce433617a5d2ad9ea2bfe8f.enable-bg-rollover .rollover i,\n.shortcode-single-image-wrap.shortcode-single-image-fbeb78d05ce433617a5d2ad9ea2bfe8f.enable-bg-rollover .rollover-video i {\n  background: -webkit-linear-gradient();\n  background: linear-gradient();\n}\n.shortcode-single-image-wrap.shortcode-single-image-fbeb78d05ce433617a5d2ad9ea2bfe8f .rollover-icon {\n  font-size: 32px;\n  color: #ffffff;\n  min-width: 44px;\n  min-height: 44px;\n  line-height: 44px;\n  border-radius: 100px;\n  border-style: solid;\n  border-width: 0px;\n}\n.dt-icon-bg-on.shortcode-single-image-wrap.shortcode-single-image-fbeb78d05ce433617a5d2ad9ea2bfe8f .rollover-icon {\n  background: rgba(255,255,255,0.3);\n  box-shadow: none;\n}<\/style><div class=\"shortcode-single-image-wrap shortcode-single-image-fbeb78d05ce433617a5d2ad9ea2bfe8f alignnone  enable-bg-rollover dt-icon-bg-off\" style=\"margin-top:0px; margin-bottom:0px; margin-left:0px; margin-right:0px; width:500px;\"><div class=\"shortcode-single-image\"><div class=\"fancy-media-wrap  layzr-bg\" style=\"\"><img decoding=\"async\" class=\"preload-me lazy-load aspect\" src=\"data:image\/svg+xml,%3Csvg%20xmlns%3D&#39;http%3A%2F%2Fwww.w3.org%2F2000%2Fsvg&#39;%20viewBox%3D&#39;0%200%20208%20128&#39;%2F%3E\" data-src=\"https:\/\/ydeap.gr\/wp-content\/uploads\/2023\/06\/ydeap.jpg\" data-srcset=\"https:\/\/ydeap.gr\/wp-content\/uploads\/2023\/06\/ydeap.jpg 208w\" loading=\"eager\" sizes=\"(max-width: 208px) 100vw, 208px\" width=\"208\" height=\"128\"  data-dt-location=\"https:\/\/ydeap.gr\/no\/alles-chrimatodotiseis\/eea-grands\/ethniko-programma\/attachment\/ydeap-4\/\" style=\"--ratio: 208 \/ 128;\" alt=\"\" \/><\/div><\/div><\/div>[\/vc_column_inner][vc_column_inner width=&raquo;1\/3&#8243;]<style type=\"text\/css\" data-type=\"the7_shortcodes-inline-css\">.shortcode-single-image-wrap.shortcode-single-image-148014d50fd793617b61579efc7395de.enable-bg-rollover .rollover i,\n.shortcode-single-image-wrap.shortcode-single-image-148014d50fd793617b61579efc7395de.enable-bg-rollover .rollover-video i {\n  background: -webkit-linear-gradient();\n  background: linear-gradient();\n}\n.shortcode-single-image-wrap.shortcode-single-image-148014d50fd793617b61579efc7395de .rollover-icon {\n  font-size: 32px;\n  color: #ffffff;\n  min-width: 44px;\n  min-height: 44px;\n  line-height: 44px;\n  border-radius: 100px;\n  border-style: solid;\n  border-width: 0px;\n}\n.dt-icon-bg-on.shortcode-single-image-wrap.shortcode-single-image-148014d50fd793617b61579efc7395de .rollover-icon {\n  background: rgba(255,255,255,0.3);\n  box-shadow: none;\n}<\/style><div class=\"shortcode-single-image-wrap shortcode-single-image-148014d50fd793617b61579efc7395de alignnone  enable-bg-rollover dt-icon-bg-off\" style=\"margin-top:0px; margin-bottom:0px; margin-left:0px; margin-right:0px; width:500px;\"><div class=\"shortcode-single-image\"><div class=\"fancy-media-wrap  layzr-bg\" style=\"\"><img decoding=\"async\" class=\"preload-me lazy-load aspect\" src=\"data:image\/svg+xml,%3Csvg%20xmlns%3D&#39;http%3A%2F%2Fwww.w3.org%2F2000%2Fsvg&#39;%20viewBox%3D&#39;0%200%20175%20123&#39;%2F%3E\" data-src=\"https:\/\/ydeap.gr\/wp-content\/uploads\/2023\/06\/iceland.png\" data-srcset=\"https:\/\/ydeap.gr\/wp-content\/uploads\/2023\/06\/iceland.png 175w\" loading=\"eager\" sizes=\"(max-width: 175px) 100vw, 175px\" width=\"175\" height=\"123\"  data-dt-location=\"https:\/\/ydeap.gr\/no\/alles-chrimatodotiseis\/eea-grands\/ethniko-programma\/attachment\/iceland-2\/\" style=\"--ratio: 175 \/ 123;\" alt=\"\" \/><\/div><\/div><\/div>[\/vc_column_inner][vc_column_inner width=&raquo;1\/3&#8243;]<style type=\"text\/css\" data-type=\"the7_shortcodes-inline-css\">.shortcode-single-image-wrap.shortcode-single-image-b286e85b8c10aa7cbd1a23699ed66960.enable-bg-rollover .rollover i,\n.shortcode-single-image-wrap.shortcode-single-image-b286e85b8c10aa7cbd1a23699ed66960.enable-bg-rollover .rollover-video i {\n  background: -webkit-linear-gradient();\n  background: linear-gradient();\n}\n.shortcode-single-image-wrap.shortcode-single-image-b286e85b8c10aa7cbd1a23699ed66960 .rollover-icon {\n  font-size: 32px;\n  color: #ffffff;\n  min-width: 44px;\n  min-height: 44px;\n  line-height: 44px;\n  border-radius: 100px;\n  border-style: solid;\n  border-width: 0px;\n}\n.dt-icon-bg-on.shortcode-single-image-wrap.shortcode-single-image-b286e85b8c10aa7cbd1a23699ed66960 .rollover-icon {\n  background: rgba(255,255,255,0.3);\n  box-shadow: none;\n}<\/style><div class=\"shortcode-single-image-wrap shortcode-single-image-b286e85b8c10aa7cbd1a23699ed66960 alignnone  enable-bg-rollover dt-icon-bg-off\" style=\"margin-top:0px; margin-bottom:0px; margin-left:0px; margin-right:0px; width:500px;\"><div class=\"shortcode-single-image\"><div class=\"fancy-media-wrap  layzr-bg\" style=\"\"><img decoding=\"async\" class=\"preload-me lazy-load aspect\" src=\"data:image\/svg+xml,%3Csvg%20xmlns%3D&#39;http%3A%2F%2Fwww.w3.org%2F2000%2Fsvg&#39;%20viewBox%3D&#39;0%200%20208%20128&#39;%2F%3E\" data-src=\"https:\/\/ydeap.gr\/wp-content\/uploads\/2023\/06\/udi.jpg\" data-srcset=\"https:\/\/ydeap.gr\/wp-content\/uploads\/2023\/06\/udi.jpg 208w\" loading=\"eager\" sizes=\"(max-width: 208px) 100vw, 208px\" width=\"208\" height=\"128\"  data-dt-location=\"https:\/\/ydeap.gr\/no\/alles-chrimatodotiseis\/eea-grands\/ethniko-programma\/attachment\/udi-2\/\" style=\"--ratio: 208 \/ 128;\" alt=\"\" \/><\/div><\/div><\/div>[\/vc_column_inner][vc_column_inner][vc_empty_space][vc_custom_heading text=&raquo;Program GR-G \u00abKapasitetsbygging av nasjonale asyl- og migrasjonsstyringssystemer\u00bb&raquo; font_container=&raquo;tag:h4|text_align:left&raquo; google_fonts=&raquo;font_family:Roboto%3A100%2C100italic%2C300%2C300italic%2Cregular%2Citalic%2C500%2C500italic%2C700%2C700italic%2C900%2C900italic|font_style:400%20regular%3A400%3Anormal&raquo;][\/vc_column_inner][\/vc_row_inner][vc_column_text css=&raquo;.vc_custom_1686905809266{margin-top: 30px !important;}&raquo;]Gjennomf\u00f8ringen av GR-G-programmet med tittelen &laquo;Capacity Building of National Asylum and Migration Management Systems&raquo; av den finansielle mekanismen i Det europeiske \u00f8konomiske samarbeidsomr\u00e5det (EEA) for perioden 2014-2021 har som m\u00e5l \u00e5 st\u00f8tte nasjonal politikk direkte knyttet til asyl og immigrasjon. Spesielt s\u00f8rger hovedaksene for planlegging og implementering av programmet for operasjonell og operasjonell st\u00f8tte fra \u00e5tte (8) forskjellige byr\u00e5er i den greske offentlige administrasjonen som er aktive p\u00e5 det aktuelle feltet og inkluderer oppn\u00e5else av f\u00f8lgende m\u00e5l:<\/p>\n<p>\u00d8kt kapasitet i asylh\u00e5ndtering.<br \/>\nForbedret strategisk og beredskapsplanlegging.<br \/>\nForbedrede tjenester for s\u00e5rbare grupper av innvandrere med vekt p\u00e5 enslige mindre\u00e5rige (Bedre tjenester for s\u00e5rbare grupper, spesielt enslige mindre\u00e5rige.)<br \/>\nMer effektivt mottakssystem (Forbedret mottakskapasitet.)<\/p>\n<p>Med undertegningen av Memorandum of Understanding (Memorandum of Understanding on the Implementation of the EEA Financial Mechanism 2014-2021), 31. oktober 2017, ble European and Development Programs Management Service i Ministry of Citizen Protection utpekt som administrator av GR-G-programmet. Utlendingsdirektoratet (UDI) er partner for programmet fra giverlandene.<\/p>\n<p>Det spesifikke programmet, med et totalbudsjett p\u00e5 \u20ac19 411 765,00, inkluderer gjennomf\u00f8ring av forh\u00e5ndsdefinerte prosjekter og en liten tilskuddsordning i det programtiske omr\u00e5det &laquo;Asyl og migrasjon&raquo;, mens berettigelsesperioden for kostnadene er definert frem til 30. april 2024.[\/vc_column_text][\/vc_column][\/vc_row][vc_row css=&raquo;.vc_custom_1510087190400{margin-top: -90px !important;}&raquo;][vc_column][vc_single_image image=&raquo;7124&#8243; img_size=&raquo;full&raquo; alignment=&raquo;center&raquo;][vc_custom_heading text=&raquo;F\u00d8LG OSS HER&raquo; font_container=&raquo;tag:h2|font_size:12|text_align:center|color:%236087a2|line_height:1&#8243; google_fonts=&raquo;font_family:Open%20Sans%3A300%2C300italic%2Cregular%2Citalic%2C600%2C600italic%2C700%2C700italic%2C800%2C800italic|font_style:400%20regular%3A400%3Anormal&raquo;][vc_column_text]<\/p>\n<p style=\"text-align: center;\"><a href=\"https:\/\/www.facebook.com\/pg\/%CE%A5%CE%94%CE%95%CE%91%CE%A0-EDPD-1343665249045273\/posts\/?ref=page_internal\"><img loading=\"lazy\" decoding=\"async\" class=\"alignnone size-full wp-image-306\" src=\"https:\/\/ydeap.gr\/wp-content\/uploads\/2017\/11\/facebook.jpg\" alt=\"\" width=\"8\" height=\"18\" \/><\/a><\/p>\n<p>[\/vc_column_text][\/vc_column][\/vc_row]<\/p>\n<\/div>","protected":false},"excerpt":{"rendered":"<p>[vc_row][vc_column css=&raquo;.vc_custom_1511006756505{padding-right: 20px !important;padding-left: 50px !important;}&raquo;][vc_single_image image=&raquo;8590&#8243; img_size=&raquo;full&raquo; alignment=&raquo;center&raquo;][vc_row_inner][vc_column_inner css=&raquo;.vc_custom_1511006867340{padding-top: 10px !important;padding-right: 0px !important;padding-left: 0px !important;}&raquo;][vc_single_image image=&raquo;8724&#8243; img_size=&raquo;full&raquo;][\/vc_column_inner][\/vc_row_inner][vc_row_inner css=&raquo;.vc_custom_1685867056109{margin-bottom: 30px !important;}&raquo;][vc_column_inner][vc_column_text css=&raquo;.vc_custom_1686905785892{margin-top: 20px !important;}&raquo;]Velkommen til nettsiden til GR-G-programmet for finansmekanismen i Det europeiske \u00f8konomiske samarbeidsomr\u00e5det (E\u00d8S). Det europeiske \u00f8konomiske samarbeidsomr\u00e5det (E\u00d8S) ble opprettet i 1994 for \u00e5 utvide EUs bestemmelser om det indre marked til&hellip;<\/p>\n","protected":false},"author":19,"featured_media":0,"parent":0,"menu_order":0,"comment_status":"closed","ping_status":"closed","template":"","meta":{"footnotes":""},"class_list":["post-9996","page","type-page","status-publish","hentry","description-off"],"yoast_head":"<!-- This site is optimized with the Yoast SEO plugin v26.9 - https:\/\/yoast.com\/product\/yoast-seo-wordpress\/ -->\n<title>Nasjonalt program - \u03a5\u0394\u0395\u0391\u03a0<\/title>\n<meta name=\"robots\" content=\"index, follow, max-snippet:-1, max-image-preview:large, max-video-preview:-1\" \/>\n<link rel=\"canonical\" href=\"https:\/\/ydeap.gr\/no\/nasjonalt-program-4\/\" \/>\n<meta property=\"og:locale\" content=\"nb_NO\" \/>\n<meta property=\"og:type\" content=\"article\" \/>\n<meta property=\"og:title\" content=\"Nasjonalt program - \u03a5\u0394\u0395\u0391\u03a0\" \/>\n<meta property=\"og:description\" content=\"[vc_row][vc_column css=&raquo;.vc_custom_1511006756505{padding-right: 20px !important;padding-left: 50px !important;}&raquo;][vc_single_image image=&raquo;8590&#8243; img_size=&raquo;full&raquo; alignment=&raquo;center&raquo;][vc_row_inner][vc_column_inner css=&raquo;.vc_custom_1511006867340{padding-top: 10px !important;padding-right: 0px !important;padding-left: 0px !important;}&raquo;][vc_single_image image=&raquo;8724&#8243; img_size=&raquo;full&raquo;][\/vc_column_inner][\/vc_row_inner][vc_row_inner css=&raquo;.vc_custom_1685867056109{margin-bottom: 30px !important;}&raquo;][vc_column_inner][vc_column_text css=&raquo;.vc_custom_1686905785892{margin-top: 20px !important;}&raquo;]Velkommen til nettsiden til GR-G-programmet for finansmekanismen i Det europeiske \u00f8konomiske samarbeidsomr\u00e5det (E\u00d8S). Det europeiske \u00f8konomiske samarbeidsomr\u00e5det (E\u00d8S) ble opprettet i 1994 for \u00e5 utvide EUs bestemmelser om det indre marked til&hellip;\" \/>\n<meta property=\"og:url\" content=\"https:\/\/ydeap.gr\/no\/nasjonalt-program-4\/\" \/>\n<meta property=\"og:site_name\" content=\"\u03a5\u0394\u0395\u0391\u03a0\" \/>\n<meta property=\"article:modified_time\" content=\"2023-06-16T08:58:44+00:00\" \/>\n<meta property=\"og:image\" content=\"https:\/\/ydeap.gr\/wp-content\/uploads\/2017\/11\/facebook.jpg\" \/>\n<meta name=\"twitter:card\" content=\"summary_large_image\" \/>\n<meta name=\"twitter:label1\" content=\"Ansl. lesetid\" \/>\n\t<meta name=\"twitter:data1\" content=\"4 minutter\" \/>\n<script type=\"application\/ld+json\" class=\"yoast-schema-graph\">{\"@context\":\"https:\/\/schema.org\",\"@graph\":[{\"@type\":\"WebPage\",\"@id\":\"https:\/\/ydeap.gr\/no\/nasjonalt-program-4\/\",\"url\":\"https:\/\/ydeap.gr\/no\/nasjonalt-program-4\/\",\"name\":\"Nasjonalt program - \u03a5\u0394\u0395\u0391\u03a0\",\"isPartOf\":{\"@id\":\"https:\/\/ydeap.gr\/no\/#website\"},\"primaryImageOfPage\":{\"@id\":\"https:\/\/ydeap.gr\/no\/nasjonalt-program-4\/#primaryimage\"},\"image\":{\"@id\":\"https:\/\/ydeap.gr\/no\/nasjonalt-program-4\/#primaryimage\"},\"thumbnailUrl\":\"https:\/\/ydeap.gr\/wp-content\/uploads\/2017\/11\/facebook.jpg\",\"datePublished\":\"2017-11-27T19:18:10+00:00\",\"dateModified\":\"2023-06-16T08:58:44+00:00\",\"breadcrumb\":{\"@id\":\"https:\/\/ydeap.gr\/no\/nasjonalt-program-4\/#breadcrumb\"},\"inLanguage\":\"nb-NO\",\"potentialAction\":[{\"@type\":\"ReadAction\",\"target\":[\"https:\/\/ydeap.gr\/no\/nasjonalt-program-4\/\"]}]},{\"@type\":\"ImageObject\",\"inLanguage\":\"nb-NO\",\"@id\":\"https:\/\/ydeap.gr\/no\/nasjonalt-program-4\/#primaryimage\",\"url\":\"https:\/\/ydeap.gr\/wp-content\/uploads\/2017\/11\/facebook.jpg\",\"contentUrl\":\"https:\/\/ydeap.gr\/wp-content\/uploads\/2017\/11\/facebook.jpg\"},{\"@type\":\"BreadcrumbList\",\"@id\":\"https:\/\/ydeap.gr\/no\/nasjonalt-program-4\/#breadcrumb\",\"itemListElement\":[{\"@type\":\"ListItem\",\"position\":1,\"name\":\"\u0391\u03c1\u03c7\u03b9\u03ba\u03ae\",\"item\":\"https:\/\/ydeap.gr\/no\/\"},{\"@type\":\"ListItem\",\"position\":2,\"name\":\"Nasjonalt program\"}]},{\"@type\":\"WebSite\",\"@id\":\"https:\/\/ydeap.gr\/no\/#website\",\"url\":\"https:\/\/ydeap.gr\/no\/\",\"name\":\"\u03a5\u0394\u0395\u0391\u03a0\",\"description\":\"\u0391\u03a1\u03a7\u0399\u039a\u0397\",\"potentialAction\":[{\"@type\":\"SearchAction\",\"target\":{\"@type\":\"EntryPoint\",\"urlTemplate\":\"https:\/\/ydeap.gr\/no\/?s={search_term_string}\"},\"query-input\":{\"@type\":\"PropertyValueSpecification\",\"valueRequired\":true,\"valueName\":\"search_term_string\"}}],\"inLanguage\":\"nb-NO\"}]}<\/script>\n<!-- \/ Yoast SEO plugin. -->","yoast_head_json":{"title":"Nasjonalt program - \u03a5\u0394\u0395\u0391\u03a0","robots":{"index":"index","follow":"follow","max-snippet":"max-snippet:-1","max-image-preview":"max-image-preview:large","max-video-preview":"max-video-preview:-1"},"canonical":"https:\/\/ydeap.gr\/no\/nasjonalt-program-4\/","og_locale":"nb_NO","og_type":"article","og_title":"Nasjonalt program - \u03a5\u0394\u0395\u0391\u03a0","og_description":"[vc_row][vc_column css=&raquo;.vc_custom_1511006756505{padding-right: 20px !important;padding-left: 50px !important;}&raquo;][vc_single_image image=&raquo;8590&#8243; img_size=&raquo;full&raquo; alignment=&raquo;center&raquo;][vc_row_inner][vc_column_inner css=&raquo;.vc_custom_1511006867340{padding-top: 10px !important;padding-right: 0px !important;padding-left: 0px !important;}&raquo;][vc_single_image image=&raquo;8724&#8243; img_size=&raquo;full&raquo;][\/vc_column_inner][\/vc_row_inner][vc_row_inner css=&raquo;.vc_custom_1685867056109{margin-bottom: 30px !important;}&raquo;][vc_column_inner][vc_column_text css=&raquo;.vc_custom_1686905785892{margin-top: 20px !important;}&raquo;]Velkommen til nettsiden til GR-G-programmet for finansmekanismen i Det europeiske \u00f8konomiske samarbeidsomr\u00e5det (E\u00d8S). Det europeiske \u00f8konomiske samarbeidsomr\u00e5det (E\u00d8S) ble opprettet i 1994 for \u00e5 utvide EUs bestemmelser om det indre marked til&hellip;","og_url":"https:\/\/ydeap.gr\/no\/nasjonalt-program-4\/","og_site_name":"\u03a5\u0394\u0395\u0391\u03a0","article_modified_time":"2023-06-16T08:58:44+00:00","og_image":[{"url":"https:\/\/ydeap.gr\/wp-content\/uploads\/2017\/11\/facebook.jpg","type":"","width":"","height":""}],"twitter_card":"summary_large_image","twitter_misc":{"Ansl. lesetid":"4 minutter"},"schema":{"@context":"https:\/\/schema.org","@graph":[{"@type":"WebPage","@id":"https:\/\/ydeap.gr\/no\/nasjonalt-program-4\/","url":"https:\/\/ydeap.gr\/no\/nasjonalt-program-4\/","name":"Nasjonalt program - \u03a5\u0394\u0395\u0391\u03a0","isPartOf":{"@id":"https:\/\/ydeap.gr\/no\/#website"},"primaryImageOfPage":{"@id":"https:\/\/ydeap.gr\/no\/nasjonalt-program-4\/#primaryimage"},"image":{"@id":"https:\/\/ydeap.gr\/no\/nasjonalt-program-4\/#primaryimage"},"thumbnailUrl":"https:\/\/ydeap.gr\/wp-content\/uploads\/2017\/11\/facebook.jpg","datePublished":"2017-11-27T19:18:10+00:00","dateModified":"2023-06-16T08:58:44+00:00","breadcrumb":{"@id":"https:\/\/ydeap.gr\/no\/nasjonalt-program-4\/#breadcrumb"},"inLanguage":"nb-NO","potentialAction":[{"@type":"ReadAction","target":["https:\/\/ydeap.gr\/no\/nasjonalt-program-4\/"]}]},{"@type":"ImageObject","inLanguage":"nb-NO","@id":"https:\/\/ydeap.gr\/no\/nasjonalt-program-4\/#primaryimage","url":"https:\/\/ydeap.gr\/wp-content\/uploads\/2017\/11\/facebook.jpg","contentUrl":"https:\/\/ydeap.gr\/wp-content\/uploads\/2017\/11\/facebook.jpg"},{"@type":"BreadcrumbList","@id":"https:\/\/ydeap.gr\/no\/nasjonalt-program-4\/#breadcrumb","itemListElement":[{"@type":"ListItem","position":1,"name":"\u0391\u03c1\u03c7\u03b9\u03ba\u03ae","item":"https:\/\/ydeap.gr\/no\/"},{"@type":"ListItem","position":2,"name":"Nasjonalt program"}]},{"@type":"WebSite","@id":"https:\/\/ydeap.gr\/no\/#website","url":"https:\/\/ydeap.gr\/no\/","name":"\u03a5\u0394\u0395\u0391\u03a0","description":"\u0391\u03a1\u03a7\u0399\u039a\u0397","potentialAction":[{"@type":"SearchAction","target":{"@type":"EntryPoint","urlTemplate":"https:\/\/ydeap.gr\/no\/?s={search_term_string}"},"query-input":{"@type":"PropertyValueSpecification","valueRequired":true,"valueName":"search_term_string"}}],"inLanguage":"nb-NO"}]}},"_links":{"self":[{"href":"https:\/\/ydeap.gr\/no\/wp-json\/wp\/v2\/pages\/9996","targetHints":{"allow":["GET"]}}],"collection":[{"href":"https:\/\/ydeap.gr\/no\/wp-json\/wp\/v2\/pages"}],"about":[{"href":"https:\/\/ydeap.gr\/no\/wp-json\/wp\/v2\/types\/page"}],"author":[{"embeddable":true,"href":"https:\/\/ydeap.gr\/no\/wp-json\/wp\/v2\/users\/19"}],"replies":[{"embeddable":true,"href":"https:\/\/ydeap.gr\/no\/wp-json\/wp\/v2\/comments?post=9996"}],"version-history":[{"count":6,"href":"https:\/\/ydeap.gr\/no\/wp-json\/wp\/v2\/pages\/9996\/revisions"}],"predecessor-version":[{"id":10002,"href":"https:\/\/ydeap.gr\/no\/wp-json\/wp\/v2\/pages\/9996\/revisions\/10002"}],"wp:attachment":[{"href":"https:\/\/ydeap.gr\/no\/wp-json\/wp\/v2\/media?parent=9996"}],"curies":[{"name":"wp","href":"https:\/\/api.w.org\/{rel}","templated":true}]}}