{"id":9990,"date":"2017-11-07T18:46:59","date_gmt":"2017-11-07T16:46:59","guid":{"rendered":"https:\/\/ydeap.eu\/nasjonalt-program-3\/"},"modified":"2023-06-16T11:50:07","modified_gmt":"2023-06-16T08:50:07","slug":"nasjonalt-program-3","status":"publish","type":"page","link":"https:\/\/ydeap.gr\/no\/nasjonalt-program-3\/","title":{"rendered":"Nasjonalt program"},"content":{"rendered":"<div class=\"wpb-content-wrapper\"><p>[vc_row][vc_column css=&raquo;.vc_custom_1511006756505{padding-right: 20px !important;padding-left: 50px !important;}&raquo;][vc_row_inner][vc_column_inner][vc_column_text]<\/p>\n<div class=\"vc_row wpb_row vc_inner vc_row-fluid\">\n<div class=\"wpb_column vc_column_container vc_col-sm-12\">\n<div class=\"vc_column-inner \">\n<div class=\"wpb_wrapper\">\n<div id=\"nitro_custom_css_745702728\" class=\"nitro-dropcaps \">\n<p><span class=\"big tc no-bg fl fwb bs-50\">&#8211;<\/span>det nasjonale programmet for Hellas for bistand fra Internal Security Fund for programmeringsperioden fra 1. januar 2014 til 31. desember 2020 ble godkjent av EU-kommisjonens beslutning nr. C(2015) 5312 final fra 31.07.2015. ble endret ved sin beslutning nr. C (2015) 6060 final 26.08.2015. Det totale budsjettet for tiltakene som skal finansieres av European Internal Security Fund \u2013 Police Cooperation Sector bel\u00f8per seg til \u20ac26 974 900,00. Prosentandelen av europeisk deltakelse er 75 % og prosentandelen nasjonal deltakelse er 25 %. Det europeiske fondet for intern sikkerhet \u2013 politisamarbeidssektoren inkluderer finansiering av tiltak som tar sikte p\u00e5 \u00e5 oppn\u00e5 f\u00f8lgende spesielle m\u00e5l:<\/p>\n<\/div>\n<\/div>\n<\/div>\n<\/div>\n<\/div>\n<p>[\/vc_column_text][vc_custom_heading text=&raquo;Spesifikt m\u00e5l 5 \u2013 Forebygging og bekjempelse av kriminalitet:&raquo; font_container=&raquo;tag:h4|text_align:left&raquo; google_fonts=&raquo;font_family:Roboto%3A100%2C100italic%2C300%2C300italic%2Cregular%2Citalic%2C500%2C500italic%2C700%2C700italic%2C900%2C900italic|font_style:400%20regular%3A400%3Anormal&raquo;][vc_column_text]<\/p>\n<div class=\"wpb_column vc_column_container vc_col-sm-12\">\n<div class=\"vc_column-inner \">\n<div class=\"wpb_wrapper\">\n<div id=\"nitro_custom_css_1037534036\" class=\"nitro-dropcaps \">Den s\u00f8rger for \u00e5 ta spesifikke og m\u00e5lrettede politiske tiltak knyttet til kriminalitet, kvalitativ forbedring og styrking av samarbeidet mellom nasjonale og europeiske kompetente myndigheter gjennom utveksling av informasjon og kunnskap, rettidig og n\u00f8yaktig registrering av handlingene til kriminelle grupper, ved bruk av analytiske verkt\u00f8y samt og den videre forst\u00e5elsen av strukturen og aktiviteten til kriminelle organisasjoner. I dette m\u00e5let er det ogs\u00e5 planlagt \u00e5 h\u00e5ndtere \u00f8konomisk kriminalitet gjennom opprettelsen av et integrert system som vil samle inn og behandle \u00f8konomiske data fra ulike organisasjoner.<\/div>\n<\/div>\n<\/div>\n<\/div>\n<p>[\/vc_column_text][\/vc_column_inner][\/vc_row_inner][vc_row_inner css=&raquo;.vc_custom_1511806328643{margin-top: 30px !important;margin-bottom: 20px !important;}&raquo;][vc_column_inner][vc_custom_heading text=&raquo;Spesifikt m\u00e5l 6 \u2013 Risikoer og kriser:&raquo; font_container=&raquo;tag:h4|text_align:left&raquo; google_fonts=&raquo;font_family:Roboto%3A100%2C100italic%2C300%2C300italic%2Cregular%2Citalic%2C500%2C500italic%2C700%2C700italic%2C900%2C900italic|font_style:400%20regular%3A400%3Anormal&raquo;][vc_column_text]Den tar sikte p\u00e5 \u00e5 opprettholde et h\u00f8yt sikkerhetsniv\u00e5 i Hellas og EU, samt \u00e5 effektivt forhindre og undertrykke radikalisering i m\u00f8te med terrorisme og ekstremisme, risikoer som bare kan h\u00e5ndteres gjennom koordinering og samarbeid mellom rettsh\u00e5ndhevende myndigheter b\u00e5de p\u00e5 Nasjonalt og europeisk niv\u00e5.<br \/>\nI tillegg gir det beskyttelsesverkt\u00f8y p\u00e5 h\u00f8yt niv\u00e5 for informasjonen som samles inn p\u00e5 vegne av det greske politiet, for \u00e5 minimere mulighetene for mulige lekkasjer. Videre har Hellas som m\u00e5l \u00e5 opprette et flerbruks CBRN-E oppl\u00e6ringssenter for alle organisasjoner som er involvert i h\u00e5ndtering av CBRN-E hendelser, for \u00e5 akklimatisere dem til ulike typer trusler og milj\u00f8er gjennom relevant oppl\u00e6ring.<\/p>\n<p>De spesifikke s\u00e5 vel som de nasjonale m\u00e5lene som skal n\u00e5s innenfor rammen av Internsikkerhetsfondet \u2013 Sektor for politisamarbeid er presentert i tabellen nedenfor:[\/vc_column_text][\/vc_column_inner][\/vc_row_inner][vc_row_inner css=&raquo;.vc_custom_1511954578875{margin-top: 30px !important;margin-bottom: 20px !important;}&raquo;][vc_column_inner][vc_custom_heading text=&raquo;VEDLAGTE FILER&raquo; font_container=&raquo;tag:h4|text_align:left&raquo; google_fonts=&raquo;font_family:Roboto%3A100%2C100italic%2C300%2C300italic%2Cregular%2Citalic%2C500%2C500italic%2C700%2C700italic%2C900%2C900italic|font_style:400%20regular%3A400%3Anormal&raquo;][\/vc_column_inner][\/vc_row_inner][vc_row_inner css=&raquo;.vc_custom_1511009193932{margin-top: 5px !important;margin-bottom: 5px !important;border-bottom-width: 1px !important;background-color: #f4f7f9 !important;border-bottom-color: #dfe8ed !important;border-bottom-style: solid !important;}&raquo;][vc_column_inner width=&raquo;3\/4&#8243;][vc_column_text]<\/p>\n<div class=\"download-box\"><img loading=\"lazy\" decoding=\"async\" class=\"alignnone size-full wp-image-377\" src=\"https:\/\/ydeap.gr\/wp-content\/uploads\/2017\/11\/w.jpg\" alt=\"\" width=\"24\" height=\"24\" \/><\/div>\n<div class=\"font-set3\" style=\"float: left; padding-left: 20px;\"><a href=\"https:\/\/ydeap.gr\/wp-content\/uploads\/2017\/11\/2.-%CE%9A%CE%B1%CF%84%CE%B1%CC%81%CE%BB%CE%BF%CE%B3%CE%BF%CF%82-%CE%94%CF%81%CE%B1%CC%81%CF%83%CE%B5%CF%89%CE%BD-%CE%BA%CE%B1%CE%B9-%CE%94%CE%B9%CE%BA%CE%B1%CE%B9%CE%BF%CF%85%CC%81%CF%87%CF%89%CE%BD.docx\">Liste over handlinger og mottakere<\/a><\/div>\n<p>[\/vc_column_text][\/vc_column_inner][vc_column_inner width=&raquo;1\/4&#8243;][vc_column_text el_class=&raquo;font-set4&#8243;][\/vc_column_text][\/vc_column_inner][\/vc_row_inner][\/vc_column][\/vc_row][vc_row css=&raquo;.vc_custom_1510087190400{margin-top: -90px !important;}&raquo;][vc_column][vc_single_image image=&raquo;7124&#8243; img_size=&raquo;full&raquo; alignment=&raquo;center&raquo;][vc_custom_heading text=&raquo;F\u00d8LG OSS HER&raquo; font_container=&raquo;tag:h2|font_size:12|text_align:center|color:%236087a2|line_height:1&#8243; google_fonts=&raquo;font_family:Open%20Sans%3A300%2C300italic%2Cregular%2Citalic%2C600%2C600italic%2C700%2C700italic%2C800%2C800italic|font_style:400%20regular%3A400%3Anormal&raquo;][vc_column_text]<\/p>\n<p style=\"text-align: center;\"><a href=\"https:\/\/www.facebook.com\/pg\/%CE%A5%CE%94%CE%95%CE%91%CE%A0-EDPD-1343665249045273\/posts\/?ref=page_internal\"><img loading=\"lazy\" decoding=\"async\" class=\"alignnone size-full wp-image-306\" src=\"https:\/\/ydeap.gr\/wp-content\/uploads\/2017\/11\/facebook.jpg\" alt=\"\" width=\"8\" height=\"18\" \/><\/a><\/p>\n<p>[\/vc_column_text][\/vc_column][\/vc_row]<\/p>\n<\/div>","protected":false},"excerpt":{"rendered":"<p>[vc_row][vc_column css=&raquo;.vc_custom_1511006756505{padding-right: 20px !important;padding-left: 50px !important;}&raquo;][vc_row_inner][vc_column_inner][vc_column_text] &#8211;det nasjonale programmet for Hellas for bistand fra Internal Security Fund for programmeringsperioden fra 1. januar 2014 til 31. desember 2020 ble godkjent av EU-kommisjonens beslutning nr. C(2015) 5312 final fra 31.07.2015. ble endret ved sin beslutning nr. C (2015) 6060 final 26.08.2015. Det totale budsjettet for tiltakene som&hellip;<\/p>\n","protected":false},"author":19,"featured_media":0,"parent":0,"menu_order":0,"comment_status":"closed","ping_status":"closed","template":"","meta":{"footnotes":""},"class_list":["post-9990","page","type-page","status-publish","hentry","description-off"],"yoast_head":"<!-- This site is optimized with the Yoast SEO plugin v26.9 - https:\/\/yoast.com\/product\/yoast-seo-wordpress\/ -->\n<title>Nasjonalt program - \u03a5\u0394\u0395\u0391\u03a0<\/title>\n<meta name=\"robots\" content=\"index, follow, max-snippet:-1, max-image-preview:large, max-video-preview:-1\" \/>\n<link rel=\"canonical\" href=\"https:\/\/ydeap.gr\/no\/nasjonalt-program-3\/\" \/>\n<meta property=\"og:locale\" content=\"nb_NO\" \/>\n<meta property=\"og:type\" content=\"article\" \/>\n<meta property=\"og:title\" content=\"Nasjonalt program - \u03a5\u0394\u0395\u0391\u03a0\" \/>\n<meta property=\"og:description\" content=\"[vc_row][vc_column css=&raquo;.vc_custom_1511006756505{padding-right: 20px !important;padding-left: 50px !important;}&raquo;][vc_row_inner][vc_column_inner][vc_column_text] &#8211;det nasjonale programmet for Hellas for bistand fra Internal Security Fund for programmeringsperioden fra 1. januar 2014 til 31. desember 2020 ble godkjent av EU-kommisjonens beslutning nr. C(2015) 5312 final fra 31.07.2015. ble endret ved sin beslutning nr. C (2015) 6060 final 26.08.2015. Det totale budsjettet for tiltakene som&hellip;\" \/>\n<meta property=\"og:url\" content=\"https:\/\/ydeap.gr\/no\/nasjonalt-program-3\/\" \/>\n<meta property=\"og:site_name\" content=\"\u03a5\u0394\u0395\u0391\u03a0\" \/>\n<meta property=\"article:modified_time\" content=\"2023-06-16T08:50:07+00:00\" \/>\n<meta property=\"og:image\" content=\"https:\/\/ydeap.gr\/wp-content\/uploads\/2017\/11\/w.jpg\" \/>\n<meta name=\"twitter:card\" content=\"summary_large_image\" \/>\n<meta name=\"twitter:label1\" content=\"Ansl. lesetid\" \/>\n\t<meta name=\"twitter:data1\" content=\"3 minutter\" \/>\n<script type=\"application\/ld+json\" class=\"yoast-schema-graph\">{\"@context\":\"https:\/\/schema.org\",\"@graph\":[{\"@type\":\"WebPage\",\"@id\":\"https:\/\/ydeap.gr\/no\/nasjonalt-program-3\/\",\"url\":\"https:\/\/ydeap.gr\/no\/nasjonalt-program-3\/\",\"name\":\"Nasjonalt program - \u03a5\u0394\u0395\u0391\u03a0\",\"isPartOf\":{\"@id\":\"https:\/\/ydeap.gr\/no\/#website\"},\"primaryImageOfPage\":{\"@id\":\"https:\/\/ydeap.gr\/no\/nasjonalt-program-3\/#primaryimage\"},\"image\":{\"@id\":\"https:\/\/ydeap.gr\/no\/nasjonalt-program-3\/#primaryimage\"},\"thumbnailUrl\":\"https:\/\/ydeap.gr\/wp-content\/uploads\/2017\/11\/w.jpg\",\"datePublished\":\"2017-11-07T16:46:59+00:00\",\"dateModified\":\"2023-06-16T08:50:07+00:00\",\"breadcrumb\":{\"@id\":\"https:\/\/ydeap.gr\/no\/nasjonalt-program-3\/#breadcrumb\"},\"inLanguage\":\"nb-NO\",\"potentialAction\":[{\"@type\":\"ReadAction\",\"target\":[\"https:\/\/ydeap.gr\/no\/nasjonalt-program-3\/\"]}]},{\"@type\":\"ImageObject\",\"inLanguage\":\"nb-NO\",\"@id\":\"https:\/\/ydeap.gr\/no\/nasjonalt-program-3\/#primaryimage\",\"url\":\"https:\/\/ydeap.gr\/wp-content\/uploads\/2017\/11\/w.jpg\",\"contentUrl\":\"https:\/\/ydeap.gr\/wp-content\/uploads\/2017\/11\/w.jpg\"},{\"@type\":\"BreadcrumbList\",\"@id\":\"https:\/\/ydeap.gr\/no\/nasjonalt-program-3\/#breadcrumb\",\"itemListElement\":[{\"@type\":\"ListItem\",\"position\":1,\"name\":\"\u0391\u03c1\u03c7\u03b9\u03ba\u03ae\",\"item\":\"https:\/\/ydeap.gr\/no\/\"},{\"@type\":\"ListItem\",\"position\":2,\"name\":\"Nasjonalt program\"}]},{\"@type\":\"WebSite\",\"@id\":\"https:\/\/ydeap.gr\/no\/#website\",\"url\":\"https:\/\/ydeap.gr\/no\/\",\"name\":\"\u03a5\u0394\u0395\u0391\u03a0\",\"description\":\"\u0391\u03a1\u03a7\u0399\u039a\u0397\",\"potentialAction\":[{\"@type\":\"SearchAction\",\"target\":{\"@type\":\"EntryPoint\",\"urlTemplate\":\"https:\/\/ydeap.gr\/no\/?s={search_term_string}\"},\"query-input\":{\"@type\":\"PropertyValueSpecification\",\"valueRequired\":true,\"valueName\":\"search_term_string\"}}],\"inLanguage\":\"nb-NO\"}]}<\/script>\n<!-- \/ Yoast SEO plugin. -->","yoast_head_json":{"title":"Nasjonalt program - \u03a5\u0394\u0395\u0391\u03a0","robots":{"index":"index","follow":"follow","max-snippet":"max-snippet:-1","max-image-preview":"max-image-preview:large","max-video-preview":"max-video-preview:-1"},"canonical":"https:\/\/ydeap.gr\/no\/nasjonalt-program-3\/","og_locale":"nb_NO","og_type":"article","og_title":"Nasjonalt program - \u03a5\u0394\u0395\u0391\u03a0","og_description":"[vc_row][vc_column css=&raquo;.vc_custom_1511006756505{padding-right: 20px !important;padding-left: 50px !important;}&raquo;][vc_row_inner][vc_column_inner][vc_column_text] &#8211;det nasjonale programmet for Hellas for bistand fra Internal Security Fund for programmeringsperioden fra 1. januar 2014 til 31. desember 2020 ble godkjent av EU-kommisjonens beslutning nr. C(2015) 5312 final fra 31.07.2015. ble endret ved sin beslutning nr. C (2015) 6060 final 26.08.2015. Det totale budsjettet for tiltakene som&hellip;","og_url":"https:\/\/ydeap.gr\/no\/nasjonalt-program-3\/","og_site_name":"\u03a5\u0394\u0395\u0391\u03a0","article_modified_time":"2023-06-16T08:50:07+00:00","og_image":[{"url":"https:\/\/ydeap.gr\/wp-content\/uploads\/2017\/11\/w.jpg","type":"","width":"","height":""}],"twitter_card":"summary_large_image","twitter_misc":{"Ansl. lesetid":"3 minutter"},"schema":{"@context":"https:\/\/schema.org","@graph":[{"@type":"WebPage","@id":"https:\/\/ydeap.gr\/no\/nasjonalt-program-3\/","url":"https:\/\/ydeap.gr\/no\/nasjonalt-program-3\/","name":"Nasjonalt program - \u03a5\u0394\u0395\u0391\u03a0","isPartOf":{"@id":"https:\/\/ydeap.gr\/no\/#website"},"primaryImageOfPage":{"@id":"https:\/\/ydeap.gr\/no\/nasjonalt-program-3\/#primaryimage"},"image":{"@id":"https:\/\/ydeap.gr\/no\/nasjonalt-program-3\/#primaryimage"},"thumbnailUrl":"https:\/\/ydeap.gr\/wp-content\/uploads\/2017\/11\/w.jpg","datePublished":"2017-11-07T16:46:59+00:00","dateModified":"2023-06-16T08:50:07+00:00","breadcrumb":{"@id":"https:\/\/ydeap.gr\/no\/nasjonalt-program-3\/#breadcrumb"},"inLanguage":"nb-NO","potentialAction":[{"@type":"ReadAction","target":["https:\/\/ydeap.gr\/no\/nasjonalt-program-3\/"]}]},{"@type":"ImageObject","inLanguage":"nb-NO","@id":"https:\/\/ydeap.gr\/no\/nasjonalt-program-3\/#primaryimage","url":"https:\/\/ydeap.gr\/wp-content\/uploads\/2017\/11\/w.jpg","contentUrl":"https:\/\/ydeap.gr\/wp-content\/uploads\/2017\/11\/w.jpg"},{"@type":"BreadcrumbList","@id":"https:\/\/ydeap.gr\/no\/nasjonalt-program-3\/#breadcrumb","itemListElement":[{"@type":"ListItem","position":1,"name":"\u0391\u03c1\u03c7\u03b9\u03ba\u03ae","item":"https:\/\/ydeap.gr\/no\/"},{"@type":"ListItem","position":2,"name":"Nasjonalt program"}]},{"@type":"WebSite","@id":"https:\/\/ydeap.gr\/no\/#website","url":"https:\/\/ydeap.gr\/no\/","name":"\u03a5\u0394\u0395\u0391\u03a0","description":"\u0391\u03a1\u03a7\u0399\u039a\u0397","potentialAction":[{"@type":"SearchAction","target":{"@type":"EntryPoint","urlTemplate":"https:\/\/ydeap.gr\/no\/?s={search_term_string}"},"query-input":{"@type":"PropertyValueSpecification","valueRequired":true,"valueName":"search_term_string"}}],"inLanguage":"nb-NO"}]}},"_links":{"self":[{"href":"https:\/\/ydeap.gr\/no\/wp-json\/wp\/v2\/pages\/9990","targetHints":{"allow":["GET"]}}],"collection":[{"href":"https:\/\/ydeap.gr\/no\/wp-json\/wp\/v2\/pages"}],"about":[{"href":"https:\/\/ydeap.gr\/no\/wp-json\/wp\/v2\/types\/page"}],"author":[{"embeddable":true,"href":"https:\/\/ydeap.gr\/no\/wp-json\/wp\/v2\/users\/19"}],"replies":[{"embeddable":true,"href":"https:\/\/ydeap.gr\/no\/wp-json\/wp\/v2\/comments?post=9990"}],"version-history":[{"count":4,"href":"https:\/\/ydeap.gr\/no\/wp-json\/wp\/v2\/pages\/9990\/revisions"}],"predecessor-version":[{"id":9994,"href":"https:\/\/ydeap.gr\/no\/wp-json\/wp\/v2\/pages\/9990\/revisions\/9994"}],"wp:attachment":[{"href":"https:\/\/ydeap.gr\/no\/wp-json\/wp\/v2\/media?parent=9990"}],"curies":[{"name":"wp","href":"https:\/\/api.w.org\/{rel}","templated":true}]}}