{"id":9985,"date":"2017-11-07T18:53:06","date_gmt":"2017-11-07T16:53:06","guid":{"rendered":"https:\/\/ydeap.eu\/nasjonalt-program-2\/"},"modified":"2023-06-16T15:15:37","modified_gmt":"2023-06-16T12:15:37","slug":"nasjonalt-program-2","status":"publish","type":"page","link":"https:\/\/ydeap.gr\/no\/nasjonalt-program-2\/","title":{"rendered":"Nasjonalt program"},"content":{"rendered":"<div class=\"wpb-content-wrapper\"><p>[vc_row][vc_column css=&raquo;.vc_custom_1511006756505{padding-right: 20px !important;padding-left: 50px !important;}&raquo;][vc_row_inner][vc_column_inner][vc_column_text]European Internal Security Fund-Borders and Visas Sector ble etablert innenfor rammen av den nye programmeringsperioden 2014-2020.<br \/>\nFondets m\u00e5l er \u00e5 opprettholde et h\u00f8yt niv\u00e5 av sikkerhet og kriminalitetsforebygging, samtidig som det tilrettelegges for lovlige reiser og garanterer effektiv forvaltning av unionens ytre grenser. Fondet for indre sikkerhet har som hovedm\u00e5l \u00e5 sikre et h\u00f8yt sikkerhetsniv\u00e5 i Unionen gjennom \u00f8konomisk st\u00f8tte innen forvaltning av ytre grenser og felles visumpolitikk.<\/p>\n<p>I regi av European and Development Programs Management Service (Y.D.E.A.P.) fant den politiske dialogen mellom de greske organene og EU-kommisjonen sted i september 2013, noe som resulterte i utarbeidelse av strategier og vedtak av hovedpunktene av interesse for begge sider.<br \/>\nDet nasjonale programmet for Hellas for st\u00f8tte fra European Internal Security Fund for programmeringsperioden 2014-2020 ble godkjent med nr. C(2015) 5312\/31-07-2015 Avgj\u00f8relse fra EU-kommisjonen. Det totale budsjettet for tiltakene som skal finansieres av European Internal Security Fund \u2013 Borders and Visas Sector bel\u00f8per seg til \u20ac204 449 184,00, inkludert spesialtiltak (FRONTEX-utstyr). Prosentandelen av europeisk deltakelse for denne sektoren er 75 %, mens andelen europeisk deltakelse for spesialaksjoner (FRONTEX-utstyr) er 90 %.<\/p>\n<p>European Internal Security Fund \u2013 Sector Borders and Visas inkluderer finansiering av tiltak som tar sikte p\u00e5 \u00e5 oppn\u00e5 f\u00f8lgende spesielle m\u00e5l:[\/vc_column_text][\/vc_column_inner][\/vc_row_inner][vc_row_inner css=&raquo;.vc_custom_1511953975703{margin-top: 30px !important;}&raquo;][vc_column_inner][vc_custom_heading text=&raquo;Spesifikt m\u00e5l 1- St\u00f8tte en felles visumpolitikk:&raquo; font_container=&raquo;tag:h4|text_align:left&raquo; google_fonts=&raquo;font_family:Roboto%3A100%2C100italic%2C300%2C300italic%2Cregular%2Citalic%2C500%2C500italic%2C700%2C700italic%2C900%2C900italic|font_style:400%20regular%3A400%3Anormal&raquo;][\/vc_column_inner][\/vc_row_inner][vc_row_inner css=&raquo;.vc_custom_1511954009470{margin-top: 30px !important;}&raquo;][vc_column_inner][vc_column_text]Effektiv behandling av Schengen-visum st\u00f8ttes gjennom vedtakelse av en felles visumpolitikk som tar sikte p\u00e5 \u00e5 lette lovlig flytting til EU, tilby tjenester av h\u00f8y kvalitet til visums\u00f8kere og sikre likebehandling av tredjelandsborgere samt takle ulovlig immigrasjon.[\/vc_column_text][vc_custom_heading text=&raquo;Spesifikt m\u00e5l 2 \u2013 Operativ st\u00f8tte for innreisevisum og grenser:- Grenser:&raquo; font_container=&raquo;tag:h4|text_align:left&raquo; google_fonts=&raquo;font_family:Roboto%3A100%2C100italic%2C300%2C300italic%2Cregular%2Citalic%2C500%2C500italic%2C700%2C700italic%2C900%2C900italic|font_style:400%20regular%3A400%3Anormal&raquo;][vc_column_text]Et enhetlig og h\u00f8yt niv\u00e5 av ytre grensekontroll er tenkt ved \u00e5 st\u00f8tte deres integrerte forvaltning, harmonisering av grenseforvaltningstiltak i unionen og utveksling av informasjon mellom EU-medlemmene og mellom EU-medlemmene og Frontex-byr\u00e5et, for \u00e5 oppgradere niv\u00e5et p\u00e5 grensekontroll og sikre smidig kryssing av ytre grenser.[\/vc_column_text][\/vc_column_inner][\/vc_row_inner][vc_row_inner css=&raquo;.vc_custom_1511953985728{margin-top: 30px !important;}&raquo;][vc_column_inner][vc_custom_heading text=&raquo;Spesifikt m\u00e5l 3 \u2013 Operativ st\u00f8tte for innreisevisum og grenser:&raquo; font_container=&raquo;tag:h4|text_align:left&raquo; google_fonts=&raquo;font_family:Roboto%3A100%2C100italic%2C300%2C300italic%2Cregular%2Citalic%2C500%2C500italic%2C700%2C700italic%2C900%2C900italic|font_style:400%20regular%3A400%3Anormal&raquo;][vc_column_text]Den fremmer utformingen og implementeringen av politikk som sikrer frav\u00e6r av kontroll av personer, uavhengig av nasjonalitet, ved kryssing av indre grenser, ved \u00e5 utf\u00f8re kontroller av personer og effektivt overv\u00e5ke kryssing av ytre grenser. Den sikrer ogs\u00e5 utformingen og implementeringen av den felles policyen for innreisevisum og andre kortsiktige oppholdstillatelser, inkludert konsul\u00e6rt samarbeid, samt opprettelse og drift av sikre IT-systemer, deres kommunikasjonsinfrastruktur og utstyr for \u00e5 st\u00f8tte h\u00e5ndteringen av migrasjonsstr\u00f8mmer, inkludert overv\u00e5king, ved unionens ytre grenser.[\/vc_column_text][\/vc_column_inner][\/vc_row_inner][\/vc_column][\/vc_row][vc_row css=&raquo;.vc_custom_1510087190400{margin-top: -90px !important;}&raquo;][vc_column][vc_single_image image=&raquo;7124&#8243; img_size=&raquo;full&raquo; alignment=&raquo;center&raquo;][vc_custom_heading text=&raquo;F\u00d8LG OSS HER&raquo; font_container=&raquo;tag:h2|font_size:12|text_align:center|color:%236087a2|line_height:1&#8243; google_fonts=&raquo;font_family:Open%20Sans%3A300%2C300italic%2Cregular%2Citalic%2C600%2C600italic%2C700%2C700italic%2C800%2C800italic|font_style:400%20regular%3A400%3Anormal&raquo;][vc_column_text]<\/p>\n<p style=\"text-align: center;\"><a href=\"https:\/\/www.facebook.com\/pg\/%CE%A5%CE%94%CE%95%CE%91%CE%A0-EDPD-1343665249045273\/posts\/?ref=page_internal\"><img loading=\"lazy\" decoding=\"async\" class=\"alignnone size-full wp-image-306\" src=\"https:\/\/ydeap.gr\/wp-content\/uploads\/2017\/11\/facebook.jpg\" alt=\"\" width=\"8\" height=\"18\" \/><\/a><\/p>\n<p>[\/vc_column_text][\/vc_column][\/vc_row]<\/p>\n<\/div>","protected":false},"excerpt":{"rendered":"<p>[vc_row][vc_column css=&raquo;.vc_custom_1511006756505{padding-right: 20px !important;padding-left: 50px !important;}&raquo;][vc_row_inner][vc_column_inner][vc_column_text]European Internal Security Fund-Borders and Visas Sector ble etablert innenfor rammen av den nye programmeringsperioden 2014-2020. Fondets m\u00e5l er \u00e5 opprettholde et h\u00f8yt niv\u00e5 av sikkerhet og kriminalitetsforebygging, samtidig som det tilrettelegges for lovlige reiser og garanterer effektiv forvaltning av unionens ytre grenser. Fondet for indre sikkerhet har som hovedm\u00e5l&hellip;<\/p>\n","protected":false},"author":19,"featured_media":0,"parent":0,"menu_order":0,"comment_status":"closed","ping_status":"closed","template":"","meta":{"footnotes":""},"class_list":["post-9985","page","type-page","status-publish","hentry","description-off"],"yoast_head":"<!-- This site is optimized with the Yoast SEO plugin v26.9 - https:\/\/yoast.com\/product\/yoast-seo-wordpress\/ -->\n<title>Nasjonalt program - \u03a5\u0394\u0395\u0391\u03a0<\/title>\n<meta name=\"robots\" content=\"index, follow, max-snippet:-1, max-image-preview:large, max-video-preview:-1\" \/>\n<link rel=\"canonical\" href=\"https:\/\/ydeap.gr\/no\/nasjonalt-program-2\/\" \/>\n<meta property=\"og:locale\" content=\"nb_NO\" \/>\n<meta property=\"og:type\" content=\"article\" \/>\n<meta property=\"og:title\" content=\"Nasjonalt program - \u03a5\u0394\u0395\u0391\u03a0\" \/>\n<meta property=\"og:description\" content=\"[vc_row][vc_column css=&raquo;.vc_custom_1511006756505{padding-right: 20px !important;padding-left: 50px !important;}&raquo;][vc_row_inner][vc_column_inner][vc_column_text]European Internal Security Fund-Borders and Visas Sector ble etablert innenfor rammen av den nye programmeringsperioden 2014-2020. Fondets m\u00e5l er \u00e5 opprettholde et h\u00f8yt niv\u00e5 av sikkerhet og kriminalitetsforebygging, samtidig som det tilrettelegges for lovlige reiser og garanterer effektiv forvaltning av unionens ytre grenser. Fondet for indre sikkerhet har som hovedm\u00e5l&hellip;\" \/>\n<meta property=\"og:url\" content=\"https:\/\/ydeap.gr\/no\/nasjonalt-program-2\/\" \/>\n<meta property=\"og:site_name\" content=\"\u03a5\u0394\u0395\u0391\u03a0\" \/>\n<meta property=\"article:modified_time\" content=\"2023-06-16T12:15:37+00:00\" \/>\n<meta property=\"og:image\" content=\"https:\/\/ydeap.gr\/wp-content\/uploads\/2017\/11\/facebook.jpg\" \/>\n<meta name=\"twitter:card\" content=\"summary_large_image\" \/>\n<meta name=\"twitter:label1\" content=\"Ansl. lesetid\" \/>\n\t<meta name=\"twitter:data1\" content=\"3 minutter\" \/>\n<script type=\"application\/ld+json\" class=\"yoast-schema-graph\">{\"@context\":\"https:\/\/schema.org\",\"@graph\":[{\"@type\":\"WebPage\",\"@id\":\"https:\/\/ydeap.gr\/no\/nasjonalt-program-2\/\",\"url\":\"https:\/\/ydeap.gr\/no\/nasjonalt-program-2\/\",\"name\":\"Nasjonalt program - \u03a5\u0394\u0395\u0391\u03a0\",\"isPartOf\":{\"@id\":\"https:\/\/ydeap.gr\/no\/#website\"},\"primaryImageOfPage\":{\"@id\":\"https:\/\/ydeap.gr\/no\/nasjonalt-program-2\/#primaryimage\"},\"image\":{\"@id\":\"https:\/\/ydeap.gr\/no\/nasjonalt-program-2\/#primaryimage\"},\"thumbnailUrl\":\"https:\/\/ydeap.gr\/wp-content\/uploads\/2017\/11\/facebook.jpg\",\"datePublished\":\"2017-11-07T16:53:06+00:00\",\"dateModified\":\"2023-06-16T12:15:37+00:00\",\"breadcrumb\":{\"@id\":\"https:\/\/ydeap.gr\/no\/nasjonalt-program-2\/#breadcrumb\"},\"inLanguage\":\"nb-NO\",\"potentialAction\":[{\"@type\":\"ReadAction\",\"target\":[\"https:\/\/ydeap.gr\/no\/nasjonalt-program-2\/\"]}]},{\"@type\":\"ImageObject\",\"inLanguage\":\"nb-NO\",\"@id\":\"https:\/\/ydeap.gr\/no\/nasjonalt-program-2\/#primaryimage\",\"url\":\"https:\/\/ydeap.gr\/wp-content\/uploads\/2017\/11\/facebook.jpg\",\"contentUrl\":\"https:\/\/ydeap.gr\/wp-content\/uploads\/2017\/11\/facebook.jpg\"},{\"@type\":\"BreadcrumbList\",\"@id\":\"https:\/\/ydeap.gr\/no\/nasjonalt-program-2\/#breadcrumb\",\"itemListElement\":[{\"@type\":\"ListItem\",\"position\":1,\"name\":\"\u0391\u03c1\u03c7\u03b9\u03ba\u03ae\",\"item\":\"https:\/\/ydeap.gr\/no\/\"},{\"@type\":\"ListItem\",\"position\":2,\"name\":\"Nasjonalt program\"}]},{\"@type\":\"WebSite\",\"@id\":\"https:\/\/ydeap.gr\/no\/#website\",\"url\":\"https:\/\/ydeap.gr\/no\/\",\"name\":\"\u03a5\u0394\u0395\u0391\u03a0\",\"description\":\"\u0391\u03a1\u03a7\u0399\u039a\u0397\",\"potentialAction\":[{\"@type\":\"SearchAction\",\"target\":{\"@type\":\"EntryPoint\",\"urlTemplate\":\"https:\/\/ydeap.gr\/no\/?s={search_term_string}\"},\"query-input\":{\"@type\":\"PropertyValueSpecification\",\"valueRequired\":true,\"valueName\":\"search_term_string\"}}],\"inLanguage\":\"nb-NO\"}]}<\/script>\n<!-- \/ Yoast SEO plugin. -->","yoast_head_json":{"title":"Nasjonalt program - \u03a5\u0394\u0395\u0391\u03a0","robots":{"index":"index","follow":"follow","max-snippet":"max-snippet:-1","max-image-preview":"max-image-preview:large","max-video-preview":"max-video-preview:-1"},"canonical":"https:\/\/ydeap.gr\/no\/nasjonalt-program-2\/","og_locale":"nb_NO","og_type":"article","og_title":"Nasjonalt program - \u03a5\u0394\u0395\u0391\u03a0","og_description":"[vc_row][vc_column css=&raquo;.vc_custom_1511006756505{padding-right: 20px !important;padding-left: 50px !important;}&raquo;][vc_row_inner][vc_column_inner][vc_column_text]European Internal Security Fund-Borders and Visas Sector ble etablert innenfor rammen av den nye programmeringsperioden 2014-2020. Fondets m\u00e5l er \u00e5 opprettholde et h\u00f8yt niv\u00e5 av sikkerhet og kriminalitetsforebygging, samtidig som det tilrettelegges for lovlige reiser og garanterer effektiv forvaltning av unionens ytre grenser. Fondet for indre sikkerhet har som hovedm\u00e5l&hellip;","og_url":"https:\/\/ydeap.gr\/no\/nasjonalt-program-2\/","og_site_name":"\u03a5\u0394\u0395\u0391\u03a0","article_modified_time":"2023-06-16T12:15:37+00:00","og_image":[{"url":"https:\/\/ydeap.gr\/wp-content\/uploads\/2017\/11\/facebook.jpg","type":"","width":"","height":""}],"twitter_card":"summary_large_image","twitter_misc":{"Ansl. lesetid":"3 minutter"},"schema":{"@context":"https:\/\/schema.org","@graph":[{"@type":"WebPage","@id":"https:\/\/ydeap.gr\/no\/nasjonalt-program-2\/","url":"https:\/\/ydeap.gr\/no\/nasjonalt-program-2\/","name":"Nasjonalt program - \u03a5\u0394\u0395\u0391\u03a0","isPartOf":{"@id":"https:\/\/ydeap.gr\/no\/#website"},"primaryImageOfPage":{"@id":"https:\/\/ydeap.gr\/no\/nasjonalt-program-2\/#primaryimage"},"image":{"@id":"https:\/\/ydeap.gr\/no\/nasjonalt-program-2\/#primaryimage"},"thumbnailUrl":"https:\/\/ydeap.gr\/wp-content\/uploads\/2017\/11\/facebook.jpg","datePublished":"2017-11-07T16:53:06+00:00","dateModified":"2023-06-16T12:15:37+00:00","breadcrumb":{"@id":"https:\/\/ydeap.gr\/no\/nasjonalt-program-2\/#breadcrumb"},"inLanguage":"nb-NO","potentialAction":[{"@type":"ReadAction","target":["https:\/\/ydeap.gr\/no\/nasjonalt-program-2\/"]}]},{"@type":"ImageObject","inLanguage":"nb-NO","@id":"https:\/\/ydeap.gr\/no\/nasjonalt-program-2\/#primaryimage","url":"https:\/\/ydeap.gr\/wp-content\/uploads\/2017\/11\/facebook.jpg","contentUrl":"https:\/\/ydeap.gr\/wp-content\/uploads\/2017\/11\/facebook.jpg"},{"@type":"BreadcrumbList","@id":"https:\/\/ydeap.gr\/no\/nasjonalt-program-2\/#breadcrumb","itemListElement":[{"@type":"ListItem","position":1,"name":"\u0391\u03c1\u03c7\u03b9\u03ba\u03ae","item":"https:\/\/ydeap.gr\/no\/"},{"@type":"ListItem","position":2,"name":"Nasjonalt program"}]},{"@type":"WebSite","@id":"https:\/\/ydeap.gr\/no\/#website","url":"https:\/\/ydeap.gr\/no\/","name":"\u03a5\u0394\u0395\u0391\u03a0","description":"\u0391\u03a1\u03a7\u0399\u039a\u0397","potentialAction":[{"@type":"SearchAction","target":{"@type":"EntryPoint","urlTemplate":"https:\/\/ydeap.gr\/no\/?s={search_term_string}"},"query-input":{"@type":"PropertyValueSpecification","valueRequired":true,"valueName":"search_term_string"}}],"inLanguage":"nb-NO"}]}},"_links":{"self":[{"href":"https:\/\/ydeap.gr\/no\/wp-json\/wp\/v2\/pages\/9985","targetHints":{"allow":["GET"]}}],"collection":[{"href":"https:\/\/ydeap.gr\/no\/wp-json\/wp\/v2\/pages"}],"about":[{"href":"https:\/\/ydeap.gr\/no\/wp-json\/wp\/v2\/types\/page"}],"author":[{"embeddable":true,"href":"https:\/\/ydeap.gr\/no\/wp-json\/wp\/v2\/users\/19"}],"replies":[{"embeddable":true,"href":"https:\/\/ydeap.gr\/no\/wp-json\/wp\/v2\/comments?post=9985"}],"version-history":[{"count":4,"href":"https:\/\/ydeap.gr\/no\/wp-json\/wp\/v2\/pages\/9985\/revisions"}],"predecessor-version":[{"id":10059,"href":"https:\/\/ydeap.gr\/no\/wp-json\/wp\/v2\/pages\/9985\/revisions\/10059"}],"wp:attachment":[{"href":"https:\/\/ydeap.gr\/no\/wp-json\/wp\/v2\/media?parent=9985"}],"curies":[{"name":"wp","href":"https:\/\/api.w.org\/{rel}","templated":true}]}}