{"id":9979,"date":"2017-11-07T11:23:45","date_gmt":"2017-11-07T09:23:45","guid":{"rendered":"https:\/\/ydeap.eu\/nasjonalt-program\/"},"modified":"2023-06-16T19:14:02","modified_gmt":"2023-06-16T16:14:02","slug":"nasjonalt-program","status":"publish","type":"page","link":"https:\/\/ydeap.gr\/no\/nasjonalt-program\/","title":{"rendered":"Nasjonalt program"},"content":{"rendered":"<div class=\"wpb-content-wrapper\"><p>[vc_row][vc_column css=&raquo;.vc_custom_1511006756505{padding-right: 20px !important;padding-left: 50px !important;}&raquo;][vc_single_image image=&raquo;7200&#8243; img_size=&raquo;full&raquo; alignment=&raquo;center&raquo;][vc_custom_heading text=&raquo;Velkommen til nettstedet til European Asylum, Migration and Integration Fund.&raquo; google_fonts=&raquo;font_family:Roboto%3A100%2C100italic%2C300%2C300italic%2Cregular%2Citalic%2C500%2C500italic%2C700%2C700italic%2C900%2C900italic|font_style:500%20bold%20regular%3A500%3Anormal&raquo;][vc_empty_space height=&raquo;12px&raquo;][vc_column_text]<\/p>\n<div id=\"nitro_custom_css_1107600924\" class=\"nitro-dropcaps \">\n<p><span class=\"big tc no-bg fl fwb bs-50\">D<\/span>et europeiske asylmigrasjons- og integreringsfondet ble opprettet under den nye programmeringsperioden 2014-2020.<br \/>\nFondet ble opprettet med hovedform\u00e5let \u00e5 bidra til utviklingen av unionens felles politikk for asyl og immigrasjon og til styrking av omr\u00e5det med frihet, sikkerhet og rettferdighet, basert p\u00e5 anvendelse av prinsippene om solidaritet og deling av ansvar. mellom medlemsstatene og samarbeid med tredjeland. Fondet b\u00f8r uttrykke solidaritet gjennom \u00f8konomisk bistand til medlemslandene. Den b\u00f8r st\u00f8tte effektiv styring av migrasjonsstr\u00f8mmene til Unionen p\u00e5 de omr\u00e5dene der Unionens handling har st\u00f8rst merverdi, s\u00e6rlig gjennom deling av kompetanse mellom medlemsstatene og deling av kompetanse og styrking av samarbeidet med tredjeland. Y.D.E.A.P, i henhold til presidentdekret 82\/2011 og nr. 8000\/20\/45\/119-d K.Y.A., har p\u00e5tatt seg implementeringen av det spesielle m\u00e5let for returpolitikken som en mandat myndighet. Implementeringen ovenfor har blitt utf\u00f8rt av avdelingene a) Planlegging og evaluering og b) Implementering, rapporter, verifikasjoner og sertifisering, av European Asylum, Migration and Integration Fund av Y.D.E.A.P. Planleggings- og evalueringsavdelingens hovedoppgaver inkluderer aktiviteter som: &#8211; Utstedelse av invitasjoner for innsending av finansieringsforesp\u00f8rsler, deres evaluering og valg av de endelige mottakerne.-Utarbeidelse av en avtale om \u00e5 godta vilk\u00e5r i samsvar med artikkel 9 og 10 i delegert forordning 1042\/2014 fra Europakommisjonen og<br \/>\nutarbeide et vedtak om \u00e5 inkludere handlingen.<\/p>\n<p>-Innsending av forslag til deltakelse av Y.D.E.A.P. i spesielle unionsaksjoner, n\u00f8dstiltak i fondenes spesielle forskrifter og i samfinansierte eller nasjonale forskningsprosjekter.<\/p>\n<p>&#8211; Organisere og overv\u00e5ke evalueringen av de nasjonale programmene og sikre innsending av relevante evalueringsrapporter innen de fastsatte fristene<\/p>\n<p>Hovedoppgavene til avdelingen for implementering, rapportering, verifikasjon og sertifisering inkluderer aktiviteter som:<\/p>\n<p>&#8211; Ivareta gjennomf\u00f8ringen og overv\u00e5kingen av utviklingen av handlingene til det nasjonale programmet, de spesielle, fagforeningsaksjonene og n\u00f8dstiltakene til fondene og alle tilleggsfond, forskning og ikke-samfinansierte eller nasjonale tiltak.<\/p>\n<p>&#8211; Overv\u00e5ke leveransen av samfinansierte prosjekter, produkter og tjenester og kontrollere om kostnadene som er deklarert for prosjektene faktisk er p\u00e5l\u00f8pt og overholder EU- og nasjonale regler.<\/p>\n<p>&#8211; Gjennomf\u00f8ring av systematiske administrative kontroller og tilleggskontroller gjennom verifikasjoner p\u00e5 stedet, om n\u00f8dvendig, basert p\u00e5 artikkel 27 i horisontalforordningen og overraskelseskontroller av kostnadene knyttet til s\u00f8knadene om endelig betaling fra mottakerne, som er deklarert i den \u00e5rlige regnskap, med sikte p\u00e5 \u00e5 sikre et tilstrekkelig niv\u00e5 av p\u00e5litelighet.<\/p>\n<p>&#8211; St\u00f8tte fra de endelige mottakerne, ang\u00e5ende gjennomf\u00f8ringen av de godkjente handlingene.<\/p>\n<\/div>\n<p>[\/vc_column_text][vc_custom_heading text=&raquo;VEDLAGTE FILER&raquo; font_container=&raquo;tag:h3|text_align:left&raquo; google_fonts=&raquo;font_family:Roboto%3A100%2C100italic%2C300%2C300italic%2Cregular%2Citalic%2C500%2C500italic%2C700%2C700italic%2C900%2C900italic|font_style:500%20bold%20regular%3A500%3Anormal&raquo;][vc_row_inner css=&raquo;.vc_custom_1511009176219{margin-top: 5px !important;margin-bottom: 5px !important;border-bottom-width: 1px !important;background-color: #f4f7f9 !important;border-bottom-color: #dfe8ed !important;border-bottom-style: solid !important;}&raquo;][vc_column_inner width=&raquo;1\/6&#8243; background_position=&raquo;center center&raquo;][vc_single_image image=&raquo;7186&#8243; alignment=&raquo;center&raquo;][\/vc_column_inner][vc_column_inner width=&raquo;5\/6&#8243; css=&raquo;.vc_custom_1512320433311{border-left-width: 1px !important;border-left-color: #dfe8ed !important;border-left-style: solid !important;}&raquo;][vc_column_text]<a href=\"http:\/\/www.mopocp.gov.gr\/images\/stories\/\/2015\/prokirikseis15\/11102015-ethniko_progr.pdf\">Nasjonalt TAME-program<\/a>[\/vc_column_text][\/vc_column_inner][\/vc_row_inner][\/vc_column][\/vc_row][vc_row css=&raquo;.vc_custom_1510087190400{margin-top: -90px !important;}&raquo;][vc_column][vc_empty_space][vc_single_image image=&raquo;7124&#8243; img_size=&raquo;full&raquo; alignment=&raquo;center&raquo;][vc_custom_heading text=&raquo;F\u00d8LG OSS HER&raquo; font_container=&raquo;tag:h2|font_size:12|text_align:center|color:%236087a2|line_height:1&#8243; google_fonts=&raquo;font_family:Open%20Sans%3A300%2C300italic%2Cregular%2Citalic%2C600%2C600italic%2C700%2C700italic%2C800%2C800italic|font_style:400%20regular%3A400%3Anormal&raquo;][vc_column_text]<\/p>\n<p style=\"text-align: center;\"><a href=\"https:\/\/www.facebook.com\/pg\/%CE%A5%CE%94%CE%95%CE%91%CE%A0-EDPD-1343665249045273\/posts\/?ref=page_internal\"><img loading=\"lazy\" decoding=\"async\" class=\"alignnone size-full wp-image-306\" src=\"https:\/\/ydeap.gr\/wp-content\/uploads\/2017\/11\/facebook.jpg\" alt=\"\" width=\"8\" height=\"18\"><\/a><\/p>\n<p>[\/vc_column_text][\/vc_column][\/vc_row]<\/p>\n<\/div>","protected":false},"excerpt":{"rendered":"<p>[vc_row][vc_column css=&raquo;.vc_custom_1511006756505{padding-right: 20px !important;padding-left: 50px !important;}&raquo;][vc_single_image image=&raquo;7200&#8243; img_size=&raquo;full&raquo; alignment=&raquo;center&raquo;][vc_custom_heading text=&raquo;Velkommen til nettstedet til European Asylum, Migration and Integration Fund.&raquo; google_fonts=&raquo;font_family:Roboto%3A100%2C100italic%2C300%2C300italic%2Cregular%2Citalic%2C500%2C500italic%2C700%2C700italic%2C900%2C900italic|font_style:500%20bold%20regular%3A500%3Anormal&raquo;][vc_empty_space height=&raquo;12px&raquo;][vc_column_text] Det europeiske asylmigrasjons- og integreringsfondet ble opprettet under den nye programmeringsperioden 2014-2020. Fondet ble opprettet med hovedform\u00e5let \u00e5 bidra til utviklingen av unionens felles politikk for asyl og immigrasjon og til styrking av omr\u00e5det&hellip;<\/p>\n","protected":false},"author":19,"featured_media":0,"parent":0,"menu_order":0,"comment_status":"closed","ping_status":"closed","template":"","meta":{"footnotes":""},"class_list":["post-9979","page","type-page","status-publish","hentry","description-off"],"yoast_head":"<!-- This site is optimized with the Yoast SEO plugin v26.9 - https:\/\/yoast.com\/product\/yoast-seo-wordpress\/ -->\n<title>Nasjonalt program - \u03a5\u0394\u0395\u0391\u03a0<\/title>\n<meta name=\"robots\" content=\"index, follow, max-snippet:-1, max-image-preview:large, max-video-preview:-1\" \/>\n<link rel=\"canonical\" href=\"https:\/\/ydeap.gr\/no\/nasjonalt-program\/\" \/>\n<meta property=\"og:locale\" content=\"nb_NO\" \/>\n<meta property=\"og:type\" content=\"article\" \/>\n<meta property=\"og:title\" content=\"Nasjonalt program - \u03a5\u0394\u0395\u0391\u03a0\" \/>\n<meta property=\"og:description\" content=\"[vc_row][vc_column css=&raquo;.vc_custom_1511006756505{padding-right: 20px !important;padding-left: 50px !important;}&raquo;][vc_single_image image=&raquo;7200&#8243; img_size=&raquo;full&raquo; alignment=&raquo;center&raquo;][vc_custom_heading text=&raquo;Velkommen til nettstedet til European Asylum, Migration and Integration Fund.&raquo; google_fonts=&raquo;font_family:Roboto%3A100%2C100italic%2C300%2C300italic%2Cregular%2Citalic%2C500%2C500italic%2C700%2C700italic%2C900%2C900italic|font_style:500%20bold%20regular%3A500%3Anormal&raquo;][vc_empty_space height=&raquo;12px&raquo;][vc_column_text] Det europeiske asylmigrasjons- og integreringsfondet ble opprettet under den nye programmeringsperioden 2014-2020. Fondet ble opprettet med hovedform\u00e5let \u00e5 bidra til utviklingen av unionens felles politikk for asyl og immigrasjon og til styrking av omr\u00e5det&hellip;\" \/>\n<meta property=\"og:url\" content=\"https:\/\/ydeap.gr\/no\/nasjonalt-program\/\" \/>\n<meta property=\"og:site_name\" content=\"\u03a5\u0394\u0395\u0391\u03a0\" \/>\n<meta property=\"article:modified_time\" content=\"2023-06-16T16:14:02+00:00\" \/>\n<meta property=\"og:image\" content=\"https:\/\/ydeap.gr\/wp-content\/uploads\/2017\/11\/facebook.jpg\" \/>\n<meta name=\"twitter:card\" content=\"summary_large_image\" \/>\n<meta name=\"twitter:label1\" content=\"Ansl. lesetid\" \/>\n\t<meta name=\"twitter:data1\" content=\"3 minutter\" \/>\n<script type=\"application\/ld+json\" class=\"yoast-schema-graph\">{\"@context\":\"https:\/\/schema.org\",\"@graph\":[{\"@type\":\"WebPage\",\"@id\":\"https:\/\/ydeap.gr\/no\/nasjonalt-program\/\",\"url\":\"https:\/\/ydeap.gr\/no\/nasjonalt-program\/\",\"name\":\"Nasjonalt program - \u03a5\u0394\u0395\u0391\u03a0\",\"isPartOf\":{\"@id\":\"https:\/\/ydeap.gr\/no\/#website\"},\"primaryImageOfPage\":{\"@id\":\"https:\/\/ydeap.gr\/no\/nasjonalt-program\/#primaryimage\"},\"image\":{\"@id\":\"https:\/\/ydeap.gr\/no\/nasjonalt-program\/#primaryimage\"},\"thumbnailUrl\":\"https:\/\/ydeap.gr\/wp-content\/uploads\/2017\/11\/facebook.jpg\",\"datePublished\":\"2017-11-07T09:23:45+00:00\",\"dateModified\":\"2023-06-16T16:14:02+00:00\",\"breadcrumb\":{\"@id\":\"https:\/\/ydeap.gr\/no\/nasjonalt-program\/#breadcrumb\"},\"inLanguage\":\"nb-NO\",\"potentialAction\":[{\"@type\":\"ReadAction\",\"target\":[\"https:\/\/ydeap.gr\/no\/nasjonalt-program\/\"]}]},{\"@type\":\"ImageObject\",\"inLanguage\":\"nb-NO\",\"@id\":\"https:\/\/ydeap.gr\/no\/nasjonalt-program\/#primaryimage\",\"url\":\"https:\/\/ydeap.gr\/wp-content\/uploads\/2017\/11\/facebook.jpg\",\"contentUrl\":\"https:\/\/ydeap.gr\/wp-content\/uploads\/2017\/11\/facebook.jpg\"},{\"@type\":\"BreadcrumbList\",\"@id\":\"https:\/\/ydeap.gr\/no\/nasjonalt-program\/#breadcrumb\",\"itemListElement\":[{\"@type\":\"ListItem\",\"position\":1,\"name\":\"\u0391\u03c1\u03c7\u03b9\u03ba\u03ae\",\"item\":\"https:\/\/ydeap.gr\/no\/\"},{\"@type\":\"ListItem\",\"position\":2,\"name\":\"Nasjonalt program\"}]},{\"@type\":\"WebSite\",\"@id\":\"https:\/\/ydeap.gr\/no\/#website\",\"url\":\"https:\/\/ydeap.gr\/no\/\",\"name\":\"\u03a5\u0394\u0395\u0391\u03a0\",\"description\":\"\u0391\u03a1\u03a7\u0399\u039a\u0397\",\"potentialAction\":[{\"@type\":\"SearchAction\",\"target\":{\"@type\":\"EntryPoint\",\"urlTemplate\":\"https:\/\/ydeap.gr\/no\/?s={search_term_string}\"},\"query-input\":{\"@type\":\"PropertyValueSpecification\",\"valueRequired\":true,\"valueName\":\"search_term_string\"}}],\"inLanguage\":\"nb-NO\"}]}<\/script>\n<!-- \/ Yoast SEO plugin. -->","yoast_head_json":{"title":"Nasjonalt program - \u03a5\u0394\u0395\u0391\u03a0","robots":{"index":"index","follow":"follow","max-snippet":"max-snippet:-1","max-image-preview":"max-image-preview:large","max-video-preview":"max-video-preview:-1"},"canonical":"https:\/\/ydeap.gr\/no\/nasjonalt-program\/","og_locale":"nb_NO","og_type":"article","og_title":"Nasjonalt program - \u03a5\u0394\u0395\u0391\u03a0","og_description":"[vc_row][vc_column css=&raquo;.vc_custom_1511006756505{padding-right: 20px !important;padding-left: 50px !important;}&raquo;][vc_single_image image=&raquo;7200&#8243; img_size=&raquo;full&raquo; alignment=&raquo;center&raquo;][vc_custom_heading text=&raquo;Velkommen til nettstedet til European Asylum, Migration and Integration Fund.&raquo; google_fonts=&raquo;font_family:Roboto%3A100%2C100italic%2C300%2C300italic%2Cregular%2Citalic%2C500%2C500italic%2C700%2C700italic%2C900%2C900italic|font_style:500%20bold%20regular%3A500%3Anormal&raquo;][vc_empty_space height=&raquo;12px&raquo;][vc_column_text] Det europeiske asylmigrasjons- og integreringsfondet ble opprettet under den nye programmeringsperioden 2014-2020. Fondet ble opprettet med hovedform\u00e5let \u00e5 bidra til utviklingen av unionens felles politikk for asyl og immigrasjon og til styrking av omr\u00e5det&hellip;","og_url":"https:\/\/ydeap.gr\/no\/nasjonalt-program\/","og_site_name":"\u03a5\u0394\u0395\u0391\u03a0","article_modified_time":"2023-06-16T16:14:02+00:00","og_image":[{"url":"https:\/\/ydeap.gr\/wp-content\/uploads\/2017\/11\/facebook.jpg","type":"","width":"","height":""}],"twitter_card":"summary_large_image","twitter_misc":{"Ansl. lesetid":"3 minutter"},"schema":{"@context":"https:\/\/schema.org","@graph":[{"@type":"WebPage","@id":"https:\/\/ydeap.gr\/no\/nasjonalt-program\/","url":"https:\/\/ydeap.gr\/no\/nasjonalt-program\/","name":"Nasjonalt program - \u03a5\u0394\u0395\u0391\u03a0","isPartOf":{"@id":"https:\/\/ydeap.gr\/no\/#website"},"primaryImageOfPage":{"@id":"https:\/\/ydeap.gr\/no\/nasjonalt-program\/#primaryimage"},"image":{"@id":"https:\/\/ydeap.gr\/no\/nasjonalt-program\/#primaryimage"},"thumbnailUrl":"https:\/\/ydeap.gr\/wp-content\/uploads\/2017\/11\/facebook.jpg","datePublished":"2017-11-07T09:23:45+00:00","dateModified":"2023-06-16T16:14:02+00:00","breadcrumb":{"@id":"https:\/\/ydeap.gr\/no\/nasjonalt-program\/#breadcrumb"},"inLanguage":"nb-NO","potentialAction":[{"@type":"ReadAction","target":["https:\/\/ydeap.gr\/no\/nasjonalt-program\/"]}]},{"@type":"ImageObject","inLanguage":"nb-NO","@id":"https:\/\/ydeap.gr\/no\/nasjonalt-program\/#primaryimage","url":"https:\/\/ydeap.gr\/wp-content\/uploads\/2017\/11\/facebook.jpg","contentUrl":"https:\/\/ydeap.gr\/wp-content\/uploads\/2017\/11\/facebook.jpg"},{"@type":"BreadcrumbList","@id":"https:\/\/ydeap.gr\/no\/nasjonalt-program\/#breadcrumb","itemListElement":[{"@type":"ListItem","position":1,"name":"\u0391\u03c1\u03c7\u03b9\u03ba\u03ae","item":"https:\/\/ydeap.gr\/no\/"},{"@type":"ListItem","position":2,"name":"Nasjonalt program"}]},{"@type":"WebSite","@id":"https:\/\/ydeap.gr\/no\/#website","url":"https:\/\/ydeap.gr\/no\/","name":"\u03a5\u0394\u0395\u0391\u03a0","description":"\u0391\u03a1\u03a7\u0399\u039a\u0397","potentialAction":[{"@type":"SearchAction","target":{"@type":"EntryPoint","urlTemplate":"https:\/\/ydeap.gr\/no\/?s={search_term_string}"},"query-input":{"@type":"PropertyValueSpecification","valueRequired":true,"valueName":"search_term_string"}}],"inLanguage":"nb-NO"}]}},"_links":{"self":[{"href":"https:\/\/ydeap.gr\/no\/wp-json\/wp\/v2\/pages\/9979","targetHints":{"allow":["GET"]}}],"collection":[{"href":"https:\/\/ydeap.gr\/no\/wp-json\/wp\/v2\/pages"}],"about":[{"href":"https:\/\/ydeap.gr\/no\/wp-json\/wp\/v2\/types\/page"}],"author":[{"embeddable":true,"href":"https:\/\/ydeap.gr\/no\/wp-json\/wp\/v2\/users\/19"}],"replies":[{"embeddable":true,"href":"https:\/\/ydeap.gr\/no\/wp-json\/wp\/v2\/comments?post=9979"}],"version-history":[{"count":7,"href":"https:\/\/ydeap.gr\/no\/wp-json\/wp\/v2\/pages\/9979\/revisions"}],"predecessor-version":[{"id":10354,"href":"https:\/\/ydeap.gr\/no\/wp-json\/wp\/v2\/pages\/9979\/revisions\/10354"}],"wp:attachment":[{"href":"https:\/\/ydeap.gr\/no\/wp-json\/wp\/v2\/media?parent=9979"}],"curies":[{"name":"wp","href":"https:\/\/api.w.org\/{rel}","templated":true}]}}