{"id":9123,"date":"2017-11-07T11:19:44","date_gmt":"2017-11-07T09:19:44","guid":{"rendered":"https:\/\/ydeap.eu\/generally\/"},"modified":"2023-06-09T15:06:03","modified_gmt":"2023-06-09T12:06:03","slug":"generally","status":"publish","type":"page","link":"https:\/\/ydeap.gr\/no\/generally\/","title":{"rendered":"Som regel"},"content":{"rendered":"<div class=\"wpb-content-wrapper\"><p>[vc_row][vc_column][vc_custom_heading text=&raquo;SERVICEANBEFALING&raquo; font_container=&raquo;tag:h3|text_align:left|color:%23073859&#8243; google_fonts=&raquo;font_family:Roboto%3A100%2C100italic%2C300%2C300italic%2Cregular%2Citalic%2C500%2C500italic%2C700%2C700italic%2C900%2C900italic|font_style:500%20bold%20regular%3A500%3Anormal&raquo; css_animation=&raquo;fadeInLeft&raquo;][vc_column_text css_animation=&raquo;fadeInRight&raquo;]Tjenesten for forvaltning av europeiske programmer og utviklingsprogrammer (Y.D.E.A.P.) til departementet for borgerbeskyttelse, ble opprettet ved artikkel 3 i lov 3938\/2011 (Statstidende 61, A, 31-03-2011) og dens fullmakter er definert i artikkel 1 stk. 1 av nr. 8000\/20\/45\/119-d av 03.09.2015 Felles ministervedtak (Statstidende B\u0384 1880\/15).<\/p>\n<p>Med nr. 77 i lov 4375\/2016 (Statstidende 51, A&#8217;, 03-04-2016), Y.D.E.A.P., ble utpekt som den autoriserte myndigheten for Asyl-, immigrasjons- og integreringsfondet og Internal Security Fund for perioden 2014\u22122020 .<\/p>\n<p>Tjenesten er ogs\u00e5 definert som<\/p>\n<p>National Development Program Management Service og ansvarlig for fortsettelsen av utarbeidelsen av det sektorielle utviklingsprogrammet til departementet for innbyggerbeskyttelse,<\/p>\n<p>\u00b7 Tjenesten som skal representere departementet for innbyggerbeskyttelse, i saker knyttet til National Recovery and Resiliency Plan (RESPA) og finansiering av tiltak fra Recovery Fund.<\/p>\n<p>\u00b7 Administrator for GR-G-programmet med tittelen &laquo;Kapasitetsbygging av nasjonale asyl- og migrasjonsstyringssystemer&raquo; av E\u00d8S-finansieringsmekanismen for perioden 2014 &#8211; 2021, i henhold til Memorandum of Understanding datert 31.10.2017 mellom Hellas og giverlandene i Det europeiske \u00f8konomiske samarbeidsomr\u00e5det (konged\u00f8mmet Norge, Republikken Island og fyrsted\u00f8mmet Liechtenstein), samt nr. 33393 fra 27.02.2020 Beslutning fra viseutviklingsministeren (F.E.K. B\u0384 1497\/20), som endret og gjeldende.[\/vc_column_text][\/vc_column][\/vc_row][vc_row][vc_column][vc_custom_heading text=&raquo;KORROSJON &#8211; KOMPETANSER&raquo; font_container=&raquo;tag:h3|text_align:left|color:%23073859&#8243; google_fonts=&raquo;font_family:Roboto%3A100%2C100italic%2C300%2C300italic%2Cregular%2Citalic%2C500%2C500italic%2C700%2C700italic%2C900%2C900italic|font_style:500%20bold%20regular%3A500%3Anormal&raquo; css_animation=&raquo;fadeInLeft&raquo;][vc_column_text css_animation=&raquo;fadeInRight&raquo;]Basert p\u00e5 artikkel 1 stk. 2 av nr. 8000\/20\/45\/119-d av 03.09.2015 Felles ministerbeslutning (Statstidende B 1880\/15), Y.D.E.A.P. er strukturert som f\u00f8lger:<\/p>\n<p>\u00b7 European Internal Security Fund Planning and Evaluation Department &#8211; Borders and Visas Sector<\/p>\n<p>\u00b7 European Internal Security Fund Planning and Evaluation Department &#8211; Politisamarbeidssektoren<\/p>\n<p>\u00b7 Implementerings-, rapporterings-, verifiserings- og sertifiseringsavdelingen til European Internal Security Fund (Police Cooperation Sector &amp; Borders and Visas Sector)&#8217;<\/p>\n<p>\u00b7 Planleggings- og evalueringsavdelingen i European Asylum, Migration and Integration Fund<\/p>\n<p>\u00b7 Implementerings-, rapporterings-, verifiserings- og sertifiseringsavdelingen til European Asylum, Migration and Integration Fund<\/p>\n<p>\u00b7 Koordinerings- og st\u00f8tteavdeling[\/vc_column_text][\/vc_column][\/vc_row][vc_row][vc_column][vc_custom_heading text=&raquo;BEMANNING&raquo; font_container=&raquo;tag:h3|text_align:left|color:%23073859&#8243; google_fonts=&raquo;font_family:Roboto%3A100%2C100italic%2C300%2C300italic%2Cregular%2Citalic%2C500%2C500italic%2C700%2C700italic%2C900%2C900italic|font_style:500%20bold%20regular%3A500%3Anormal&raquo; css_animation=&raquo;fadeInLeft&raquo;][vc_column_text css_animation=&raquo;fadeInRight&raquo;]Tjenestens bemanning er fastsatt i artikkel 2 i ovennevnte departementsvedtak (Statstidende 1880 B&#8217;), hvor det er definert at den er bemannet med politipersonell, generelle og spesielle oppgaver, samt med faste eller med en privatrettslig kontrakt p\u00e5 ubestemt varighet sivilt personell fra det hellenske politiet. Personell fra Kystvakten &#8211; Hellenic Coast Guard kan utplasseres til tjenesten ved felles beslutning fra de kompetente ministrene, samt personell fra Utenriksdepartementet ved felles beslutning fra de kompetente ministre.[\/vc_column_text][\/vc_column][\/vc_row]<\/p>\n<\/div>","protected":false},"excerpt":{"rendered":"<p>[vc_row][vc_column][vc_custom_heading text=&raquo;SERVICEANBEFALING&raquo; font_container=&raquo;tag:h3|text_align:left|color:%23073859&#8243; google_fonts=&raquo;font_family:Roboto%3A100%2C100italic%2C300%2C300italic%2Cregular%2Citalic%2C500%2C500italic%2C700%2C700italic%2C900%2C900italic|font_style:500%20bold%20regular%3A500%3Anormal&raquo; css_animation=&raquo;fadeInLeft&raquo;][vc_column_text css_animation=&raquo;fadeInRight&raquo;]Tjenesten for forvaltning av europeiske programmer og utviklingsprogrammer (Y.D.E.A.P.) til departementet for borgerbeskyttelse, ble opprettet ved artikkel 3 i lov 3938\/2011 (Statstidende 61, A, 31-03-2011) og dens fullmakter er definert i artikkel 1 stk. 1 av nr. 8000\/20\/45\/119-d av 03.09.2015 Felles ministervedtak (Statstidende B\u0384 1880\/15). Med nr. 77 i lov&hellip;<\/p>\n","protected":false},"author":19,"featured_media":8676,"parent":0,"menu_order":0,"comment_status":"closed","ping_status":"closed","template":"","meta":{"footnotes":""},"class_list":["post-9123","page","type-page","status-publish","has-post-thumbnail","hentry","description-off"],"yoast_head":"<!-- This site is optimized with the Yoast SEO plugin v26.9 - https:\/\/yoast.com\/product\/yoast-seo-wordpress\/ -->\n<title>Som regel - \u03a5\u0394\u0395\u0391\u03a0<\/title>\n<meta name=\"robots\" content=\"index, follow, max-snippet:-1, max-image-preview:large, max-video-preview:-1\" \/>\n<link rel=\"canonical\" href=\"https:\/\/ydeap.gr\/no\/generally\/\" \/>\n<meta property=\"og:locale\" content=\"nb_NO\" \/>\n<meta property=\"og:type\" content=\"article\" \/>\n<meta property=\"og:title\" content=\"Som regel - \u03a5\u0394\u0395\u0391\u03a0\" \/>\n<meta property=\"og:description\" content=\"[vc_row][vc_column][vc_custom_heading text=&raquo;SERVICEANBEFALING&raquo; font_container=&raquo;tag:h3|text_align:left|color:%23073859&#8243; google_fonts=&raquo;font_family:Roboto%3A100%2C100italic%2C300%2C300italic%2Cregular%2Citalic%2C500%2C500italic%2C700%2C700italic%2C900%2C900italic|font_style:500%20bold%20regular%3A500%3Anormal&raquo; css_animation=&raquo;fadeInLeft&raquo;][vc_column_text css_animation=&raquo;fadeInRight&raquo;]Tjenesten for forvaltning av europeiske programmer og utviklingsprogrammer (Y.D.E.A.P.) til departementet for borgerbeskyttelse, ble opprettet ved artikkel 3 i lov 3938\/2011 (Statstidende 61, A, 31-03-2011) og dens fullmakter er definert i artikkel 1 stk. 1 av nr. 8000\/20\/45\/119-d av 03.09.2015 Felles ministervedtak (Statstidende B\u0384 1880\/15). Med nr. 77 i lov&hellip;\" \/>\n<meta property=\"og:url\" content=\"https:\/\/ydeap.gr\/no\/generally\/\" \/>\n<meta property=\"og:site_name\" content=\"\u03a5\u0394\u0395\u0391\u03a0\" \/>\n<meta property=\"article:modified_time\" content=\"2023-06-09T12:06:03+00:00\" \/>\n<meta property=\"og:image\" content=\"https:\/\/ydeap.gr\/wp-content\/uploads\/2021\/08\/pexels-mikhail-nilov-7534741-scaled-e1628670643420.jpg\" \/>\n\t<meta property=\"og:image:width\" content=\"2560\" \/>\n\t<meta property=\"og:image:height\" content=\"883\" \/>\n\t<meta property=\"og:image:type\" content=\"image\/jpeg\" \/>\n<meta name=\"twitter:card\" content=\"summary_large_image\" \/>\n<meta name=\"twitter:label1\" content=\"Ansl. lesetid\" \/>\n\t<meta name=\"twitter:data1\" content=\"2 minutter\" \/>\n<script type=\"application\/ld+json\" class=\"yoast-schema-graph\">{\"@context\":\"https:\/\/schema.org\",\"@graph\":[{\"@type\":\"WebPage\",\"@id\":\"https:\/\/ydeap.gr\/no\/generally\/\",\"url\":\"https:\/\/ydeap.gr\/no\/generally\/\",\"name\":\"Som regel - \u03a5\u0394\u0395\u0391\u03a0\",\"isPartOf\":{\"@id\":\"https:\/\/ydeap.gr\/no\/#website\"},\"primaryImageOfPage\":{\"@id\":\"https:\/\/ydeap.gr\/no\/generally\/#primaryimage\"},\"image\":{\"@id\":\"https:\/\/ydeap.gr\/no\/generally\/#primaryimage\"},\"thumbnailUrl\":\"https:\/\/ydeap.gr\/wp-content\/uploads\/2021\/08\/pexels-mikhail-nilov-7534741-scaled-e1628670643420.jpg\",\"datePublished\":\"2017-11-07T09:19:44+00:00\",\"dateModified\":\"2023-06-09T12:06:03+00:00\",\"breadcrumb\":{\"@id\":\"https:\/\/ydeap.gr\/no\/generally\/#breadcrumb\"},\"inLanguage\":\"nb-NO\",\"potentialAction\":[{\"@type\":\"ReadAction\",\"target\":[\"https:\/\/ydeap.gr\/no\/generally\/\"]}]},{\"@type\":\"ImageObject\",\"inLanguage\":\"nb-NO\",\"@id\":\"https:\/\/ydeap.gr\/no\/generally\/#primaryimage\",\"url\":\"https:\/\/ydeap.gr\/wp-content\/uploads\/2021\/08\/pexels-mikhail-nilov-7534741-scaled-e1628670643420.jpg\",\"contentUrl\":\"https:\/\/ydeap.gr\/wp-content\/uploads\/2021\/08\/pexels-mikhail-nilov-7534741-scaled-e1628670643420.jpg\",\"width\":2560,\"height\":883},{\"@type\":\"BreadcrumbList\",\"@id\":\"https:\/\/ydeap.gr\/no\/generally\/#breadcrumb\",\"itemListElement\":[{\"@type\":\"ListItem\",\"position\":1,\"name\":\"\u0391\u03c1\u03c7\u03b9\u03ba\u03ae\",\"item\":\"https:\/\/ydeap.gr\/no\/\"},{\"@type\":\"ListItem\",\"position\":2,\"name\":\"Som regel\"}]},{\"@type\":\"WebSite\",\"@id\":\"https:\/\/ydeap.gr\/no\/#website\",\"url\":\"https:\/\/ydeap.gr\/no\/\",\"name\":\"\u03a5\u0394\u0395\u0391\u03a0\",\"description\":\"\u0391\u03a1\u03a7\u0399\u039a\u0397\",\"potentialAction\":[{\"@type\":\"SearchAction\",\"target\":{\"@type\":\"EntryPoint\",\"urlTemplate\":\"https:\/\/ydeap.gr\/no\/?s={search_term_string}\"},\"query-input\":{\"@type\":\"PropertyValueSpecification\",\"valueRequired\":true,\"valueName\":\"search_term_string\"}}],\"inLanguage\":\"nb-NO\"}]}<\/script>\n<!-- \/ Yoast SEO plugin. -->","yoast_head_json":{"title":"Som regel - \u03a5\u0394\u0395\u0391\u03a0","robots":{"index":"index","follow":"follow","max-snippet":"max-snippet:-1","max-image-preview":"max-image-preview:large","max-video-preview":"max-video-preview:-1"},"canonical":"https:\/\/ydeap.gr\/no\/generally\/","og_locale":"nb_NO","og_type":"article","og_title":"Som regel - \u03a5\u0394\u0395\u0391\u03a0","og_description":"[vc_row][vc_column][vc_custom_heading text=&raquo;SERVICEANBEFALING&raquo; font_container=&raquo;tag:h3|text_align:left|color:%23073859&#8243; google_fonts=&raquo;font_family:Roboto%3A100%2C100italic%2C300%2C300italic%2Cregular%2Citalic%2C500%2C500italic%2C700%2C700italic%2C900%2C900italic|font_style:500%20bold%20regular%3A500%3Anormal&raquo; css_animation=&raquo;fadeInLeft&raquo;][vc_column_text css_animation=&raquo;fadeInRight&raquo;]Tjenesten for forvaltning av europeiske programmer og utviklingsprogrammer (Y.D.E.A.P.) til departementet for borgerbeskyttelse, ble opprettet ved artikkel 3 i lov 3938\/2011 (Statstidende 61, A, 31-03-2011) og dens fullmakter er definert i artikkel 1 stk. 1 av nr. 8000\/20\/45\/119-d av 03.09.2015 Felles ministervedtak (Statstidende B\u0384 1880\/15). Med nr. 77 i lov&hellip;","og_url":"https:\/\/ydeap.gr\/no\/generally\/","og_site_name":"\u03a5\u0394\u0395\u0391\u03a0","article_modified_time":"2023-06-09T12:06:03+00:00","og_image":[{"width":2560,"height":883,"url":"https:\/\/ydeap.gr\/wp-content\/uploads\/2021\/08\/pexels-mikhail-nilov-7534741-scaled-e1628670643420.jpg","type":"image\/jpeg"}],"twitter_card":"summary_large_image","twitter_misc":{"Ansl. lesetid":"2 minutter"},"schema":{"@context":"https:\/\/schema.org","@graph":[{"@type":"WebPage","@id":"https:\/\/ydeap.gr\/no\/generally\/","url":"https:\/\/ydeap.gr\/no\/generally\/","name":"Som regel - \u03a5\u0394\u0395\u0391\u03a0","isPartOf":{"@id":"https:\/\/ydeap.gr\/no\/#website"},"primaryImageOfPage":{"@id":"https:\/\/ydeap.gr\/no\/generally\/#primaryimage"},"image":{"@id":"https:\/\/ydeap.gr\/no\/generally\/#primaryimage"},"thumbnailUrl":"https:\/\/ydeap.gr\/wp-content\/uploads\/2021\/08\/pexels-mikhail-nilov-7534741-scaled-e1628670643420.jpg","datePublished":"2017-11-07T09:19:44+00:00","dateModified":"2023-06-09T12:06:03+00:00","breadcrumb":{"@id":"https:\/\/ydeap.gr\/no\/generally\/#breadcrumb"},"inLanguage":"nb-NO","potentialAction":[{"@type":"ReadAction","target":["https:\/\/ydeap.gr\/no\/generally\/"]}]},{"@type":"ImageObject","inLanguage":"nb-NO","@id":"https:\/\/ydeap.gr\/no\/generally\/#primaryimage","url":"https:\/\/ydeap.gr\/wp-content\/uploads\/2021\/08\/pexels-mikhail-nilov-7534741-scaled-e1628670643420.jpg","contentUrl":"https:\/\/ydeap.gr\/wp-content\/uploads\/2021\/08\/pexels-mikhail-nilov-7534741-scaled-e1628670643420.jpg","width":2560,"height":883},{"@type":"BreadcrumbList","@id":"https:\/\/ydeap.gr\/no\/generally\/#breadcrumb","itemListElement":[{"@type":"ListItem","position":1,"name":"\u0391\u03c1\u03c7\u03b9\u03ba\u03ae","item":"https:\/\/ydeap.gr\/no\/"},{"@type":"ListItem","position":2,"name":"Som regel"}]},{"@type":"WebSite","@id":"https:\/\/ydeap.gr\/no\/#website","url":"https:\/\/ydeap.gr\/no\/","name":"\u03a5\u0394\u0395\u0391\u03a0","description":"\u0391\u03a1\u03a7\u0399\u039a\u0397","potentialAction":[{"@type":"SearchAction","target":{"@type":"EntryPoint","urlTemplate":"https:\/\/ydeap.gr\/no\/?s={search_term_string}"},"query-input":{"@type":"PropertyValueSpecification","valueRequired":true,"valueName":"search_term_string"}}],"inLanguage":"nb-NO"}]}},"_links":{"self":[{"href":"https:\/\/ydeap.gr\/no\/wp-json\/wp\/v2\/pages\/9123","targetHints":{"allow":["GET"]}}],"collection":[{"href":"https:\/\/ydeap.gr\/no\/wp-json\/wp\/v2\/pages"}],"about":[{"href":"https:\/\/ydeap.gr\/no\/wp-json\/wp\/v2\/types\/page"}],"author":[{"embeddable":true,"href":"https:\/\/ydeap.gr\/no\/wp-json\/wp\/v2\/users\/19"}],"replies":[{"embeddable":true,"href":"https:\/\/ydeap.gr\/no\/wp-json\/wp\/v2\/comments?post=9123"}],"version-history":[{"count":9,"href":"https:\/\/ydeap.gr\/no\/wp-json\/wp\/v2\/pages\/9123\/revisions"}],"predecessor-version":[{"id":9252,"href":"https:\/\/ydeap.gr\/no\/wp-json\/wp\/v2\/pages\/9123\/revisions\/9252"}],"wp:featuredmedia":[{"embeddable":true,"href":"https:\/\/ydeap.gr\/no\/wp-json\/wp\/v2\/media\/8676"}],"wp:attachment":[{"href":"https:\/\/ydeap.gr\/no\/wp-json\/wp\/v2\/media?parent=9123"}],"curies":[{"name":"wp","href":"https:\/\/api.w.org\/{rel}","templated":true}]}}