{"id":10896,"date":"2023-06-23T12:56:29","date_gmt":"2023-06-23T09:56:29","guid":{"rendered":"https:\/\/ydeap.gr\/national-recovery-and-resilience-plan\/"},"modified":"2023-06-27T11:33:57","modified_gmt":"2023-06-27T08:33:57","slug":"national-recovery-and-resilience-plan","status":"publish","type":"page","link":"https:\/\/ydeap.gr\/no\/national-recovery-and-resilience-plan\/","title":{"rendered":"National Recovery and Resilience plan"},"content":{"rendered":"<div class=\"wpb-content-wrapper\"><p>[vc_row][vc_column][vc_column_text]European and Development Programs Management Agency (E.D.P.M.E.A.) er utpekt som den kompetente tjenesten, som vil representere departementet for borgerbeskyttelse, for \u00e5 overv\u00e5ke gjennomf\u00f8ringen og koordineringen av handlingene og prosjektene, som er inkludert eller kan inkluderes i den nasjonale Recovery and Resilience Plan (NRSP) \u2013 &#8216;Hellas 2.0&#8242;, med referansenr.: 8000\/20\/86-c&#8217; fra 19.06.21 Beslutning fra ministeren for innbyggerbeskyttelse.<\/p>\n<p>The National Recovery and Resilience Plan Greece 2.0 ble godkjent 13. juli 2021 av European Economic and Fiscal Affairs Council (&#8216;Ecofin&#8217;) (COM (2021) 328 final fra 17.06.2021).<\/p>\n<p>\u00abHellas 2.0\u00bb inkluderer 106 investeringer og 68 reformer, fordelt p\u00e5 4 pilarer (Pillar 1: Green Transition, Pilar 2: Digital Transformation, Pillar 3: Employment, Skills, Social Cohesion og Pilar 4: Private Investments and Transformation of the Economy). Den samler inn 31,16 milliarder. euro hvorav europeiske ressurser 30,5 milliarder euro (18,43 milliarder euro i bistand og 12,73 milliarder euro i l\u00e5n) for \u00e5 mobilisere 60 milliarder euro totale investeringer i landet de neste fem \u00e5rene.[\/vc_column_text][\/vc_column][\/vc_row]<\/p>\n<\/div>","protected":false},"excerpt":{"rendered":"<p>[vc_row][vc_column][vc_column_text]European and Development Programs Management Agency (E.D.P.M.E.A.) er utpekt som den kompetente tjenesten, som vil representere departementet for borgerbeskyttelse, for \u00e5 overv\u00e5ke gjennomf\u00f8ringen og koordineringen av handlingene og prosjektene, som er inkludert eller kan inkluderes i den nasjonale Recovery and Resilience Plan (NRSP) \u2013 &#8216;Hellas 2.0&#8242;, med referansenr.: 8000\/20\/86-c&#8217; fra 19.06.21 Beslutning fra ministeren for&hellip;<\/p>\n","protected":false},"author":22,"featured_media":0,"parent":0,"menu_order":0,"comment_status":"closed","ping_status":"closed","template":"","meta":{"footnotes":""},"class_list":["post-10896","page","type-page","status-publish","hentry","description-off"],"yoast_head":"<!-- This site is optimized with the Yoast SEO plugin v26.9 - https:\/\/yoast.com\/product\/yoast-seo-wordpress\/ -->\n<title>National Recovery and Resilience plan - \u03a5\u0394\u0395\u0391\u03a0<\/title>\n<meta name=\"robots\" content=\"index, follow, max-snippet:-1, max-image-preview:large, max-video-preview:-1\" \/>\n<link rel=\"canonical\" href=\"https:\/\/ydeap.gr\/no\/national-recovery-and-resilience-plan\/\" \/>\n<meta property=\"og:locale\" content=\"nb_NO\" \/>\n<meta property=\"og:type\" content=\"article\" \/>\n<meta property=\"og:title\" content=\"National Recovery and Resilience plan - \u03a5\u0394\u0395\u0391\u03a0\" \/>\n<meta property=\"og:description\" content=\"[vc_row][vc_column][vc_column_text]European and Development Programs Management Agency (E.D.P.M.E.A.) er utpekt som den kompetente tjenesten, som vil representere departementet for borgerbeskyttelse, for \u00e5 overv\u00e5ke gjennomf\u00f8ringen og koordineringen av handlingene og prosjektene, som er inkludert eller kan inkluderes i den nasjonale Recovery and Resilience Plan (NRSP) \u2013 &#8216;Hellas 2.0&#8242;, med referansenr.: 8000\/20\/86-c&#8217; fra 19.06.21 Beslutning fra ministeren for&hellip;\" \/>\n<meta property=\"og:url\" content=\"https:\/\/ydeap.gr\/no\/national-recovery-and-resilience-plan\/\" \/>\n<meta property=\"og:site_name\" content=\"\u03a5\u0394\u0395\u0391\u03a0\" \/>\n<meta property=\"article:modified_time\" content=\"2023-06-27T08:33:57+00:00\" \/>\n<meta name=\"twitter:card\" content=\"summary_large_image\" \/>\n<meta name=\"twitter:label1\" content=\"Ansl. lesetid\" \/>\n\t<meta name=\"twitter:data1\" content=\"1 minutt\" \/>\n<script type=\"application\/ld+json\" class=\"yoast-schema-graph\">{\"@context\":\"https:\/\/schema.org\",\"@graph\":[{\"@type\":\"WebPage\",\"@id\":\"https:\/\/ydeap.gr\/no\/national-recovery-and-resilience-plan\/\",\"url\":\"https:\/\/ydeap.gr\/no\/national-recovery-and-resilience-plan\/\",\"name\":\"National Recovery and Resilience plan - \u03a5\u0394\u0395\u0391\u03a0\",\"isPartOf\":{\"@id\":\"https:\/\/ydeap.gr\/no\/#website\"},\"datePublished\":\"2023-06-23T09:56:29+00:00\",\"dateModified\":\"2023-06-27T08:33:57+00:00\",\"breadcrumb\":{\"@id\":\"https:\/\/ydeap.gr\/no\/national-recovery-and-resilience-plan\/#breadcrumb\"},\"inLanguage\":\"nb-NO\",\"potentialAction\":[{\"@type\":\"ReadAction\",\"target\":[\"https:\/\/ydeap.gr\/no\/national-recovery-and-resilience-plan\/\"]}]},{\"@type\":\"BreadcrumbList\",\"@id\":\"https:\/\/ydeap.gr\/no\/national-recovery-and-resilience-plan\/#breadcrumb\",\"itemListElement\":[{\"@type\":\"ListItem\",\"position\":1,\"name\":\"\u0391\u03c1\u03c7\u03b9\u03ba\u03ae\",\"item\":\"https:\/\/ydeap.gr\/no\/\"},{\"@type\":\"ListItem\",\"position\":2,\"name\":\"National Recovery and Resilience plan\"}]},{\"@type\":\"WebSite\",\"@id\":\"https:\/\/ydeap.gr\/no\/#website\",\"url\":\"https:\/\/ydeap.gr\/no\/\",\"name\":\"\u03a5\u0394\u0395\u0391\u03a0\",\"description\":\"\u0391\u03a1\u03a7\u0399\u039a\u0397\",\"potentialAction\":[{\"@type\":\"SearchAction\",\"target\":{\"@type\":\"EntryPoint\",\"urlTemplate\":\"https:\/\/ydeap.gr\/no\/?s={search_term_string}\"},\"query-input\":{\"@type\":\"PropertyValueSpecification\",\"valueRequired\":true,\"valueName\":\"search_term_string\"}}],\"inLanguage\":\"nb-NO\"}]}<\/script>\n<!-- \/ Yoast SEO plugin. -->","yoast_head_json":{"title":"National Recovery and Resilience plan - \u03a5\u0394\u0395\u0391\u03a0","robots":{"index":"index","follow":"follow","max-snippet":"max-snippet:-1","max-image-preview":"max-image-preview:large","max-video-preview":"max-video-preview:-1"},"canonical":"https:\/\/ydeap.gr\/no\/national-recovery-and-resilience-plan\/","og_locale":"nb_NO","og_type":"article","og_title":"National Recovery and Resilience plan - \u03a5\u0394\u0395\u0391\u03a0","og_description":"[vc_row][vc_column][vc_column_text]European and Development Programs Management Agency (E.D.P.M.E.A.) er utpekt som den kompetente tjenesten, som vil representere departementet for borgerbeskyttelse, for \u00e5 overv\u00e5ke gjennomf\u00f8ringen og koordineringen av handlingene og prosjektene, som er inkludert eller kan inkluderes i den nasjonale Recovery and Resilience Plan (NRSP) \u2013 &#8216;Hellas 2.0&#8242;, med referansenr.: 8000\/20\/86-c&#8217; fra 19.06.21 Beslutning fra ministeren for&hellip;","og_url":"https:\/\/ydeap.gr\/no\/national-recovery-and-resilience-plan\/","og_site_name":"\u03a5\u0394\u0395\u0391\u03a0","article_modified_time":"2023-06-27T08:33:57+00:00","twitter_card":"summary_large_image","twitter_misc":{"Ansl. lesetid":"1 minutt"},"schema":{"@context":"https:\/\/schema.org","@graph":[{"@type":"WebPage","@id":"https:\/\/ydeap.gr\/no\/national-recovery-and-resilience-plan\/","url":"https:\/\/ydeap.gr\/no\/national-recovery-and-resilience-plan\/","name":"National Recovery and Resilience plan - \u03a5\u0394\u0395\u0391\u03a0","isPartOf":{"@id":"https:\/\/ydeap.gr\/no\/#website"},"datePublished":"2023-06-23T09:56:29+00:00","dateModified":"2023-06-27T08:33:57+00:00","breadcrumb":{"@id":"https:\/\/ydeap.gr\/no\/national-recovery-and-resilience-plan\/#breadcrumb"},"inLanguage":"nb-NO","potentialAction":[{"@type":"ReadAction","target":["https:\/\/ydeap.gr\/no\/national-recovery-and-resilience-plan\/"]}]},{"@type":"BreadcrumbList","@id":"https:\/\/ydeap.gr\/no\/national-recovery-and-resilience-plan\/#breadcrumb","itemListElement":[{"@type":"ListItem","position":1,"name":"\u0391\u03c1\u03c7\u03b9\u03ba\u03ae","item":"https:\/\/ydeap.gr\/no\/"},{"@type":"ListItem","position":2,"name":"National Recovery and Resilience plan"}]},{"@type":"WebSite","@id":"https:\/\/ydeap.gr\/no\/#website","url":"https:\/\/ydeap.gr\/no\/","name":"\u03a5\u0394\u0395\u0391\u03a0","description":"\u0391\u03a1\u03a7\u0399\u039a\u0397","potentialAction":[{"@type":"SearchAction","target":{"@type":"EntryPoint","urlTemplate":"https:\/\/ydeap.gr\/no\/?s={search_term_string}"},"query-input":{"@type":"PropertyValueSpecification","valueRequired":true,"valueName":"search_term_string"}}],"inLanguage":"nb-NO"}]}},"_links":{"self":[{"href":"https:\/\/ydeap.gr\/no\/wp-json\/wp\/v2\/pages\/10896","targetHints":{"allow":["GET"]}}],"collection":[{"href":"https:\/\/ydeap.gr\/no\/wp-json\/wp\/v2\/pages"}],"about":[{"href":"https:\/\/ydeap.gr\/no\/wp-json\/wp\/v2\/types\/page"}],"author":[{"embeddable":true,"href":"https:\/\/ydeap.gr\/no\/wp-json\/wp\/v2\/users\/22"}],"replies":[{"embeddable":true,"href":"https:\/\/ydeap.gr\/no\/wp-json\/wp\/v2\/comments?post=10896"}],"version-history":[{"count":7,"href":"https:\/\/ydeap.gr\/no\/wp-json\/wp\/v2\/pages\/10896\/revisions"}],"predecessor-version":[{"id":10906,"href":"https:\/\/ydeap.gr\/no\/wp-json\/wp\/v2\/pages\/10896\/revisions\/10906"}],"wp:attachment":[{"href":"https:\/\/ydeap.gr\/no\/wp-json\/wp\/v2\/media?parent=10896"}],"curies":[{"name":"wp","href":"https:\/\/api.w.org\/{rel}","templated":true}]}}