{"id":10857,"date":"2023-06-22T12:53:37","date_gmt":"2023-06-22T09:53:37","guid":{"rendered":"https:\/\/ydeap.gr\/ecai\/"},"modified":"2023-06-27T11:14:46","modified_gmt":"2023-06-27T08:14:46","slug":"ecai","status":"publish","type":"page","link":"https:\/\/ydeap.gr\/no\/ecai\/","title":{"rendered":"ECAI"},"content":{"rendered":"<div class=\"wpb-content-wrapper\"><p>[vc_row][vc_column][vc_custom_heading text=&raquo;Beskrivelse av spesialtiltak &laquo;ECAI&raquo;&raquo; font_container=&raquo;tag:h4|text_align:center&raquo; google_fonts=&raquo;font_family:Roboto%3A100%2C100italic%2C300%2C300italic%2Cregular%2Citalic%2C500%2C500italic%2C700%2C700italic%2C900%2C900italic|font_style:500%20bold%20regular%3A500%3Anormal&raquo;][vc_empty_space][vc_column_text]<\/p>\n<p style=\"text-align: justify;\"><span style=\"color: #000000;\">Handlingen med tittelen: \u201c<strong>E<\/strong>nhancement of the Hellenic Police <strong>CA<\/strong>pacity for the successful implementation of the <strong>I<\/strong>nteroperability framework (<strong>ECAI<\/strong>er en spesialtiltak fra Financial Support Instrument for Border Management and Visa Policy (BMS). Hensikten med handlingen er \u00e5 st\u00f8tte Schengen-landene til \u00e5 overholde implementeringen av det juridiske rammeverket for interoperabilitet. Aksjonen har to aspekter: 1) forberedelse av sluttbrukerne av EUs informasjonssystem. for korrekt h\u00e5ndtering av informasjon i andre systemer som f\u00f8lge av interoperabilitet og 2) styrking av kapasiteten til SIRENE-byr\u00e5ene til \u00e5 administrere gule lenker i overgangsperioden. Hellas bruker begge aspekter. Det totale budsjettet for aksjonen bel\u00f8per seg til \u20ac1.091.254,73.<\/span><\/p>\n<p><span style=\"color: #000000;\">De forventede resultatene av aksjonen er:<\/span><\/p>\n<ol>\n<li><span style=\"color: #000000;\">\u00d8k antallet saker som genereres av MID (Multiple Identity Detector) og kan h\u00e5ndteres av den kompetente myndigheten (SIRENE Bureau).<\/span><\/li>\n<li><span style=\"color: #000000;\">\u00d8kning i antall gule lenker som er l\u00f8st av SIRENE-byr\u00e5et sammenlignet med antall videresendte saker.<\/span><\/li>\n<li><span style=\"color: #000000;\">Forbedre sluttbrukernes beredskap til \u00e5 implementere interoperabilitet ved \u00e5 tilby relevant oppl\u00e6ring og manualer.<\/span><\/li>\n<\/ol>\n<p>[\/vc_column_text][\/vc_column][\/vc_row]<\/p>\n<\/div>","protected":false},"excerpt":{"rendered":"<p>[vc_row][vc_column][vc_custom_heading text=&raquo;Beskrivelse av spesialtiltak &laquo;ECAI&raquo;&raquo; font_container=&raquo;tag:h4|text_align:center&raquo; google_fonts=&raquo;font_family:Roboto%3A100%2C100italic%2C300%2C300italic%2Cregular%2Citalic%2C500%2C500italic%2C700%2C700italic%2C900%2C900italic|font_style:500%20bold%20regular%3A500%3Anormal&raquo;][vc_empty_space][vc_column_text] Handlingen med tittelen: \u201cEnhancement of the Hellenic Police CApacity for the successful implementation of the Interoperability framework (ECAIer en spesialtiltak fra Financial Support Instrument for Border Management and Visa Policy (BMS). Hensikten med handlingen er \u00e5 st\u00f8tte Schengen-landene til \u00e5 overholde implementeringen av det juridiske rammeverket for interoperabilitet.&hellip;<\/p>\n","protected":false},"author":22,"featured_media":0,"parent":0,"menu_order":0,"comment_status":"closed","ping_status":"closed","template":"","meta":{"footnotes":""},"class_list":["post-10857","page","type-page","status-publish","hentry","description-off"],"yoast_head":"<!-- This site is optimized with the Yoast SEO plugin v26.9 - https:\/\/yoast.com\/product\/yoast-seo-wordpress\/ -->\n<title>ECAI - \u03a5\u0394\u0395\u0391\u03a0<\/title>\n<meta name=\"robots\" content=\"index, follow, max-snippet:-1, max-image-preview:large, max-video-preview:-1\" \/>\n<link rel=\"canonical\" href=\"https:\/\/ydeap.gr\/no\/ecai\/\" \/>\n<meta property=\"og:locale\" content=\"nb_NO\" \/>\n<meta property=\"og:type\" content=\"article\" \/>\n<meta property=\"og:title\" content=\"ECAI - \u03a5\u0394\u0395\u0391\u03a0\" \/>\n<meta property=\"og:description\" content=\"[vc_row][vc_column][vc_custom_heading text=&raquo;Beskrivelse av spesialtiltak &laquo;ECAI&raquo;&raquo; font_container=&raquo;tag:h4|text_align:center&raquo; google_fonts=&raquo;font_family:Roboto%3A100%2C100italic%2C300%2C300italic%2Cregular%2Citalic%2C500%2C500italic%2C700%2C700italic%2C900%2C900italic|font_style:500%20bold%20regular%3A500%3Anormal&raquo;][vc_empty_space][vc_column_text] Handlingen med tittelen: \u201cEnhancement of the Hellenic Police CApacity for the successful implementation of the Interoperability framework (ECAIer en spesialtiltak fra Financial Support Instrument for Border Management and Visa Policy (BMS). Hensikten med handlingen er \u00e5 st\u00f8tte Schengen-landene til \u00e5 overholde implementeringen av det juridiske rammeverket for interoperabilitet.&hellip;\" \/>\n<meta property=\"og:url\" content=\"https:\/\/ydeap.gr\/no\/ecai\/\" \/>\n<meta property=\"og:site_name\" content=\"\u03a5\u0394\u0395\u0391\u03a0\" \/>\n<meta property=\"article:modified_time\" content=\"2023-06-27T08:14:46+00:00\" \/>\n<meta name=\"twitter:card\" content=\"summary_large_image\" \/>\n<meta name=\"twitter:label1\" content=\"Ansl. lesetid\" \/>\n\t<meta name=\"twitter:data1\" content=\"1 minutt\" \/>\n<script type=\"application\/ld+json\" class=\"yoast-schema-graph\">{\"@context\":\"https:\/\/schema.org\",\"@graph\":[{\"@type\":\"WebPage\",\"@id\":\"https:\/\/ydeap.gr\/no\/ecai\/\",\"url\":\"https:\/\/ydeap.gr\/no\/ecai\/\",\"name\":\"ECAI - \u03a5\u0394\u0395\u0391\u03a0\",\"isPartOf\":{\"@id\":\"https:\/\/ydeap.gr\/no\/#website\"},\"datePublished\":\"2023-06-22T09:53:37+00:00\",\"dateModified\":\"2023-06-27T08:14:46+00:00\",\"breadcrumb\":{\"@id\":\"https:\/\/ydeap.gr\/no\/ecai\/#breadcrumb\"},\"inLanguage\":\"nb-NO\",\"potentialAction\":[{\"@type\":\"ReadAction\",\"target\":[\"https:\/\/ydeap.gr\/no\/ecai\/\"]}]},{\"@type\":\"BreadcrumbList\",\"@id\":\"https:\/\/ydeap.gr\/no\/ecai\/#breadcrumb\",\"itemListElement\":[{\"@type\":\"ListItem\",\"position\":1,\"name\":\"\u0391\u03c1\u03c7\u03b9\u03ba\u03ae\",\"item\":\"https:\/\/ydeap.gr\/no\/\"},{\"@type\":\"ListItem\",\"position\":2,\"name\":\"ECAI\"}]},{\"@type\":\"WebSite\",\"@id\":\"https:\/\/ydeap.gr\/no\/#website\",\"url\":\"https:\/\/ydeap.gr\/no\/\",\"name\":\"\u03a5\u0394\u0395\u0391\u03a0\",\"description\":\"\u0391\u03a1\u03a7\u0399\u039a\u0397\",\"potentialAction\":[{\"@type\":\"SearchAction\",\"target\":{\"@type\":\"EntryPoint\",\"urlTemplate\":\"https:\/\/ydeap.gr\/no\/?s={search_term_string}\"},\"query-input\":{\"@type\":\"PropertyValueSpecification\",\"valueRequired\":true,\"valueName\":\"search_term_string\"}}],\"inLanguage\":\"nb-NO\"}]}<\/script>\n<!-- \/ Yoast SEO plugin. -->","yoast_head_json":{"title":"ECAI - \u03a5\u0394\u0395\u0391\u03a0","robots":{"index":"index","follow":"follow","max-snippet":"max-snippet:-1","max-image-preview":"max-image-preview:large","max-video-preview":"max-video-preview:-1"},"canonical":"https:\/\/ydeap.gr\/no\/ecai\/","og_locale":"nb_NO","og_type":"article","og_title":"ECAI - \u03a5\u0394\u0395\u0391\u03a0","og_description":"[vc_row][vc_column][vc_custom_heading text=&raquo;Beskrivelse av spesialtiltak &laquo;ECAI&raquo;&raquo; font_container=&raquo;tag:h4|text_align:center&raquo; google_fonts=&raquo;font_family:Roboto%3A100%2C100italic%2C300%2C300italic%2Cregular%2Citalic%2C500%2C500italic%2C700%2C700italic%2C900%2C900italic|font_style:500%20bold%20regular%3A500%3Anormal&raquo;][vc_empty_space][vc_column_text] Handlingen med tittelen: \u201cEnhancement of the Hellenic Police CApacity for the successful implementation of the Interoperability framework (ECAIer en spesialtiltak fra Financial Support Instrument for Border Management and Visa Policy (BMS). Hensikten med handlingen er \u00e5 st\u00f8tte Schengen-landene til \u00e5 overholde implementeringen av det juridiske rammeverket for interoperabilitet.&hellip;","og_url":"https:\/\/ydeap.gr\/no\/ecai\/","og_site_name":"\u03a5\u0394\u0395\u0391\u03a0","article_modified_time":"2023-06-27T08:14:46+00:00","twitter_card":"summary_large_image","twitter_misc":{"Ansl. lesetid":"1 minutt"},"schema":{"@context":"https:\/\/schema.org","@graph":[{"@type":"WebPage","@id":"https:\/\/ydeap.gr\/no\/ecai\/","url":"https:\/\/ydeap.gr\/no\/ecai\/","name":"ECAI - \u03a5\u0394\u0395\u0391\u03a0","isPartOf":{"@id":"https:\/\/ydeap.gr\/no\/#website"},"datePublished":"2023-06-22T09:53:37+00:00","dateModified":"2023-06-27T08:14:46+00:00","breadcrumb":{"@id":"https:\/\/ydeap.gr\/no\/ecai\/#breadcrumb"},"inLanguage":"nb-NO","potentialAction":[{"@type":"ReadAction","target":["https:\/\/ydeap.gr\/no\/ecai\/"]}]},{"@type":"BreadcrumbList","@id":"https:\/\/ydeap.gr\/no\/ecai\/#breadcrumb","itemListElement":[{"@type":"ListItem","position":1,"name":"\u0391\u03c1\u03c7\u03b9\u03ba\u03ae","item":"https:\/\/ydeap.gr\/no\/"},{"@type":"ListItem","position":2,"name":"ECAI"}]},{"@type":"WebSite","@id":"https:\/\/ydeap.gr\/no\/#website","url":"https:\/\/ydeap.gr\/no\/","name":"\u03a5\u0394\u0395\u0391\u03a0","description":"\u0391\u03a1\u03a7\u0399\u039a\u0397","potentialAction":[{"@type":"SearchAction","target":{"@type":"EntryPoint","urlTemplate":"https:\/\/ydeap.gr\/no\/?s={search_term_string}"},"query-input":{"@type":"PropertyValueSpecification","valueRequired":true,"valueName":"search_term_string"}}],"inLanguage":"nb-NO"}]}},"_links":{"self":[{"href":"https:\/\/ydeap.gr\/no\/wp-json\/wp\/v2\/pages\/10857","targetHints":{"allow":["GET"]}}],"collection":[{"href":"https:\/\/ydeap.gr\/no\/wp-json\/wp\/v2\/pages"}],"about":[{"href":"https:\/\/ydeap.gr\/no\/wp-json\/wp\/v2\/types\/page"}],"author":[{"embeddable":true,"href":"https:\/\/ydeap.gr\/no\/wp-json\/wp\/v2\/users\/22"}],"replies":[{"embeddable":true,"href":"https:\/\/ydeap.gr\/no\/wp-json\/wp\/v2\/comments?post=10857"}],"version-history":[{"count":8,"href":"https:\/\/ydeap.gr\/no\/wp-json\/wp\/v2\/pages\/10857\/revisions"}],"predecessor-version":[{"id":10867,"href":"https:\/\/ydeap.gr\/no\/wp-json\/wp\/v2\/pages\/10857\/revisions\/10867"}],"wp:attachment":[{"href":"https:\/\/ydeap.gr\/no\/wp-json\/wp\/v2\/media?parent=10857"}],"curies":[{"name":"wp","href":"https:\/\/api.w.org\/{rel}","templated":true}]}}