{"id":10151,"date":"2017-11-27T21:42:24","date_gmt":"2017-11-27T19:42:24","guid":{"rendered":"https:\/\/ydeap.eu\/nasjonalt-program-5\/"},"modified":"2023-06-16T19:14:08","modified_gmt":"2023-06-16T16:14:08","slug":"nasjonalt-program-5","status":"publish","type":"page","link":"https:\/\/ydeap.gr\/no\/nasjonalt-program-5\/","title":{"rendered":"Nasjonalt program"},"content":{"rendered":"<div class=\"wpb-content-wrapper\"><p>[vc_row][vc_column css=&raquo;.vc_custom_1511006756505{padding-right: 20px !important;padding-left: 50px !important;}&raquo;][vc_row_inner][vc_column_inner][vc_column_text]<\/p>\n<div class=\"vc_row wpb_row vc_inner vc_row-fluid\">\n<div class=\"wpb_column vc_column_container vc_col-sm-12\">\n<div class=\"vc_column-inner \">\n<div class=\"wpb_wrapper\">\n<div id=\"nitro_custom_css_1437755975\" class=\"nitro-dropcaps \">\n<p><span class=\"big tc no-bg fl fwb bs-50\">&#8211;<\/span>I sammenheng med det generelle programmet &laquo;Solidaritet og styring av migrasjonsstr\u00f8mmer&raquo; for perioden 2007 &#8211; 2013, forvalter EU-kommisjonen kreditter, med en rate p\u00e5 7 % av det totale \u00e5rlige budsjettet til Yttregrensefondet, for \u00e5 finansiere tiltak av fellesskapsinteresse, der de deltar utover en Mr. I denne sammenhengen, nr.: Ares (2012) 1470119 av 10-12-2012 Invitasjon fra EU-kommisjonen\/Generaldirektoratet for innenrikssaker for innsending av samarbeidsforslag i konteksten av Community Actions 2012 (Community Actions 2012) ble sendt og sendt 28.02.2013 av European and Development Program Management Service (Y.D.E.A.P.) felles forslag med det bulgarske grensepolitidirektoratet (Chief Directorate Border Police), for den videre utviklingen av European System Border Surveillance (EUR0SUR). Dette forslaget ble vedtatt 15.07.2013 og gjelder sammenkobling av de nasjonale koordineringssentrene for grenseoverv\u00e5king (Nasjonale koordineringssentraler), samt regionale overv\u00e5kingssentraler, for utveksling av data og informasjon i de n\u00e6rliggende deler av grensene til de to landene med Tyrkia, med det endelige m\u00e5let \u00e5 koordinere operasjonelle handlinger for \u00e5 vokte EUs ytre grenser innenfor rammen av EUROSUR.<\/p>\n<\/div>\n<div class=\"wpb_text_column wpb_content_element \">\n<div class=\"wpb_wrapper\">\n<p>Den 18-12-2013 ble nr. HOME\/2012\/EBFX\/CA\/2019 Tilskuddsavtale mellom Generaldirektoratet for innenrikssaker i Europakommisjonen og Y.D.E.A.P. for finansiering gjennom Community Actions Program 2012 (Community Actions 2012) av External Borders Fund for perioden 2007-2013 av handlingen med tittelen &laquo;Styrking av h\u00e5ndteringen av migrasjonsstr\u00f8mmer ved EUs s\u00f8r\u00f8stlige ytre grenser, gjennom opprettelsen av regionale nettverk for utveksling av n\u00f8yaktig bilde av situasjonen mellom Bulgaria og Hellas i sammenheng med EUROSUR (EL BG SUR)&raquo;. I henhold til den innsendte finansieringss\u00f8knaden og tilskuddsbeslutningen ovenfor, ble European and Development Program Management Service i v\u00e5rt departement utnevnt til koordinator og det bulgarske grensepolitidirektoratet (CDBP) som medmottaker, med et totalt budsjett p\u00e5 \u20ac665 977,00.<\/p>\n<\/div>\n<\/div>\n<\/div>\n<\/div>\n<\/div>\n<\/div>\n<div class=\"wpb_text_column wpb_content_element \">\n<div class=\"wpb_wrapper\">\n<p><em><a href=\"https:\/\/www.ydeap.gr\/nea-anakinosis\/elbgsur-closure-meeting-joint-conference\/\">ELBGSUR avslutningsm\u00f8te og felleskonferanse (26\/03\/2018)<\/a><\/em><\/p>\n<\/div>\n<\/div>\n<p>[\/vc_column_text][\/vc_column_inner][\/vc_row_inner][vc_column_text]\u00a0[\/vc_column_text][vc_column_text]<\/p>\n<div class=\"download-box\"><img loading=\"lazy\" decoding=\"async\" class=\"alignnone size-full wp-image-378\" src=\"https:\/\/ydeap.gr\/wp-content\/uploads\/2017\/11\/pdf.jpg\" alt=\"\" width=\"24\" height=\"23\"><\/div>\n<div class=\"font-set3\" style=\"float: left; padding-left: 20px;\"><a href=\"https:\/\/ydeap.gr\/wp-content\/uploads\/2018\/06\/press-release.pdf\">ELBGSUR avslutningsm\u00f8te og felleskonferanse (no)<\/a><\/div>\n<p>[\/vc_column_text][\/vc_column][\/vc_row][vc_row css=&raquo;.vc_custom_1510087190400{margin-top: -90px !important;}&raquo;][vc_column][vc_single_image image=&raquo;7124&#8243; img_size=&raquo;full&raquo; alignment=&raquo;center&raquo;][vc_custom_heading text=&raquo;F\u00d8LG OSS HER&raquo; font_container=&raquo;tag:h2|font_size:12|text_align:center|color:%236087a2|line_height:1&#8243; google_fonts=&raquo;font_family:Open%20Sans%3A300%2C300italic%2Cregular%2Citalic%2C600%2C600italic%2C700%2C700italic%2C800%2C800italic|font_style:400%20regular%3A400%3Anormal&raquo;][vc_column_text]<\/p>\n<p style=\"text-align: center;\"><a href=\"https:\/\/www.facebook.com\/pg\/%CE%A5%CE%94%CE%95%CE%91%CE%A0-EDPD-1343665249045273\/posts\/?ref=page_internal\"><img loading=\"lazy\" decoding=\"async\" class=\"alignnone size-full wp-image-306\" src=\"https:\/\/ydeap.gr\/wp-content\/uploads\/2017\/11\/facebook.jpg\" alt=\"\" width=\"8\" height=\"18\"><\/a><\/p>\n<p>[\/vc_column_text][\/vc_column][\/vc_row]<\/p>\n<\/div>","protected":false},"excerpt":{"rendered":"<p>[vc_row][vc_column css=&raquo;.vc_custom_1511006756505{padding-right: 20px !important;padding-left: 50px !important;}&raquo;][vc_row_inner][vc_column_inner][vc_column_text] &#8211;I sammenheng med det generelle programmet &laquo;Solidaritet og styring av migrasjonsstr\u00f8mmer&raquo; for perioden 2007 &#8211; 2013, forvalter EU-kommisjonen kreditter, med en rate p\u00e5 7 % av det totale \u00e5rlige budsjettet til Yttregrensefondet, for \u00e5 finansiere tiltak av fellesskapsinteresse, der de deltar utover en Mr. I denne sammenhengen, nr.: Ares&hellip;<\/p>\n","protected":false},"author":19,"featured_media":0,"parent":0,"menu_order":0,"comment_status":"closed","ping_status":"closed","template":"","meta":{"footnotes":""},"class_list":["post-10151","page","type-page","status-publish","hentry","description-off"],"yoast_head":"<!-- This site is optimized with the Yoast SEO plugin v26.9 - https:\/\/yoast.com\/product\/yoast-seo-wordpress\/ -->\n<title>Nasjonalt program - \u03a5\u0394\u0395\u0391\u03a0<\/title>\n<meta name=\"robots\" content=\"index, follow, max-snippet:-1, max-image-preview:large, max-video-preview:-1\" \/>\n<link rel=\"canonical\" href=\"https:\/\/ydeap.gr\/no\/nasjonalt-program-5\/\" \/>\n<meta property=\"og:locale\" content=\"nb_NO\" \/>\n<meta property=\"og:type\" content=\"article\" \/>\n<meta property=\"og:title\" content=\"Nasjonalt program - \u03a5\u0394\u0395\u0391\u03a0\" \/>\n<meta property=\"og:description\" content=\"[vc_row][vc_column css=&raquo;.vc_custom_1511006756505{padding-right: 20px !important;padding-left: 50px !important;}&raquo;][vc_row_inner][vc_column_inner][vc_column_text] &#8211;I sammenheng med det generelle programmet &laquo;Solidaritet og styring av migrasjonsstr\u00f8mmer&raquo; for perioden 2007 &#8211; 2013, forvalter EU-kommisjonen kreditter, med en rate p\u00e5 7 % av det totale \u00e5rlige budsjettet til Yttregrensefondet, for \u00e5 finansiere tiltak av fellesskapsinteresse, der de deltar utover en Mr. I denne sammenhengen, nr.: Ares&hellip;\" \/>\n<meta property=\"og:url\" content=\"https:\/\/ydeap.gr\/no\/nasjonalt-program-5\/\" \/>\n<meta property=\"og:site_name\" content=\"\u03a5\u0394\u0395\u0391\u03a0\" \/>\n<meta property=\"article:modified_time\" content=\"2023-06-16T16:14:08+00:00\" \/>\n<meta property=\"og:image\" content=\"https:\/\/ydeap.gr\/wp-content\/uploads\/2017\/11\/pdf.jpg\" \/>\n<meta name=\"twitter:card\" content=\"summary_large_image\" \/>\n<meta name=\"twitter:label1\" content=\"Ansl. lesetid\" \/>\n\t<meta name=\"twitter:data1\" content=\"2 minutter\" \/>\n<script type=\"application\/ld+json\" class=\"yoast-schema-graph\">{\"@context\":\"https:\/\/schema.org\",\"@graph\":[{\"@type\":\"WebPage\",\"@id\":\"https:\/\/ydeap.gr\/no\/nasjonalt-program-5\/\",\"url\":\"https:\/\/ydeap.gr\/no\/nasjonalt-program-5\/\",\"name\":\"Nasjonalt program - \u03a5\u0394\u0395\u0391\u03a0\",\"isPartOf\":{\"@id\":\"https:\/\/ydeap.gr\/no\/#website\"},\"primaryImageOfPage\":{\"@id\":\"https:\/\/ydeap.gr\/no\/nasjonalt-program-5\/#primaryimage\"},\"image\":{\"@id\":\"https:\/\/ydeap.gr\/no\/nasjonalt-program-5\/#primaryimage\"},\"thumbnailUrl\":\"https:\/\/ydeap.gr\/wp-content\/uploads\/2017\/11\/pdf.jpg\",\"datePublished\":\"2017-11-27T19:42:24+00:00\",\"dateModified\":\"2023-06-16T16:14:08+00:00\",\"breadcrumb\":{\"@id\":\"https:\/\/ydeap.gr\/no\/nasjonalt-program-5\/#breadcrumb\"},\"inLanguage\":\"nb-NO\",\"potentialAction\":[{\"@type\":\"ReadAction\",\"target\":[\"https:\/\/ydeap.gr\/no\/nasjonalt-program-5\/\"]}]},{\"@type\":\"ImageObject\",\"inLanguage\":\"nb-NO\",\"@id\":\"https:\/\/ydeap.gr\/no\/nasjonalt-program-5\/#primaryimage\",\"url\":\"https:\/\/ydeap.gr\/wp-content\/uploads\/2017\/11\/pdf.jpg\",\"contentUrl\":\"https:\/\/ydeap.gr\/wp-content\/uploads\/2017\/11\/pdf.jpg\"},{\"@type\":\"BreadcrumbList\",\"@id\":\"https:\/\/ydeap.gr\/no\/nasjonalt-program-5\/#breadcrumb\",\"itemListElement\":[{\"@type\":\"ListItem\",\"position\":1,\"name\":\"\u0391\u03c1\u03c7\u03b9\u03ba\u03ae\",\"item\":\"https:\/\/ydeap.gr\/no\/\"},{\"@type\":\"ListItem\",\"position\":2,\"name\":\"Nasjonalt program\"}]},{\"@type\":\"WebSite\",\"@id\":\"https:\/\/ydeap.gr\/no\/#website\",\"url\":\"https:\/\/ydeap.gr\/no\/\",\"name\":\"\u03a5\u0394\u0395\u0391\u03a0\",\"description\":\"\u0391\u03a1\u03a7\u0399\u039a\u0397\",\"potentialAction\":[{\"@type\":\"SearchAction\",\"target\":{\"@type\":\"EntryPoint\",\"urlTemplate\":\"https:\/\/ydeap.gr\/no\/?s={search_term_string}\"},\"query-input\":{\"@type\":\"PropertyValueSpecification\",\"valueRequired\":true,\"valueName\":\"search_term_string\"}}],\"inLanguage\":\"nb-NO\"}]}<\/script>\n<!-- \/ Yoast SEO plugin. -->","yoast_head_json":{"title":"Nasjonalt program - \u03a5\u0394\u0395\u0391\u03a0","robots":{"index":"index","follow":"follow","max-snippet":"max-snippet:-1","max-image-preview":"max-image-preview:large","max-video-preview":"max-video-preview:-1"},"canonical":"https:\/\/ydeap.gr\/no\/nasjonalt-program-5\/","og_locale":"nb_NO","og_type":"article","og_title":"Nasjonalt program - \u03a5\u0394\u0395\u0391\u03a0","og_description":"[vc_row][vc_column css=&raquo;.vc_custom_1511006756505{padding-right: 20px !important;padding-left: 50px !important;}&raquo;][vc_row_inner][vc_column_inner][vc_column_text] &#8211;I sammenheng med det generelle programmet &laquo;Solidaritet og styring av migrasjonsstr\u00f8mmer&raquo; for perioden 2007 &#8211; 2013, forvalter EU-kommisjonen kreditter, med en rate p\u00e5 7 % av det totale \u00e5rlige budsjettet til Yttregrensefondet, for \u00e5 finansiere tiltak av fellesskapsinteresse, der de deltar utover en Mr. I denne sammenhengen, nr.: Ares&hellip;","og_url":"https:\/\/ydeap.gr\/no\/nasjonalt-program-5\/","og_site_name":"\u03a5\u0394\u0395\u0391\u03a0","article_modified_time":"2023-06-16T16:14:08+00:00","og_image":[{"url":"https:\/\/ydeap.gr\/wp-content\/uploads\/2017\/11\/pdf.jpg","type":"","width":"","height":""}],"twitter_card":"summary_large_image","twitter_misc":{"Ansl. lesetid":"2 minutter"},"schema":{"@context":"https:\/\/schema.org","@graph":[{"@type":"WebPage","@id":"https:\/\/ydeap.gr\/no\/nasjonalt-program-5\/","url":"https:\/\/ydeap.gr\/no\/nasjonalt-program-5\/","name":"Nasjonalt program - \u03a5\u0394\u0395\u0391\u03a0","isPartOf":{"@id":"https:\/\/ydeap.gr\/no\/#website"},"primaryImageOfPage":{"@id":"https:\/\/ydeap.gr\/no\/nasjonalt-program-5\/#primaryimage"},"image":{"@id":"https:\/\/ydeap.gr\/no\/nasjonalt-program-5\/#primaryimage"},"thumbnailUrl":"https:\/\/ydeap.gr\/wp-content\/uploads\/2017\/11\/pdf.jpg","datePublished":"2017-11-27T19:42:24+00:00","dateModified":"2023-06-16T16:14:08+00:00","breadcrumb":{"@id":"https:\/\/ydeap.gr\/no\/nasjonalt-program-5\/#breadcrumb"},"inLanguage":"nb-NO","potentialAction":[{"@type":"ReadAction","target":["https:\/\/ydeap.gr\/no\/nasjonalt-program-5\/"]}]},{"@type":"ImageObject","inLanguage":"nb-NO","@id":"https:\/\/ydeap.gr\/no\/nasjonalt-program-5\/#primaryimage","url":"https:\/\/ydeap.gr\/wp-content\/uploads\/2017\/11\/pdf.jpg","contentUrl":"https:\/\/ydeap.gr\/wp-content\/uploads\/2017\/11\/pdf.jpg"},{"@type":"BreadcrumbList","@id":"https:\/\/ydeap.gr\/no\/nasjonalt-program-5\/#breadcrumb","itemListElement":[{"@type":"ListItem","position":1,"name":"\u0391\u03c1\u03c7\u03b9\u03ba\u03ae","item":"https:\/\/ydeap.gr\/no\/"},{"@type":"ListItem","position":2,"name":"Nasjonalt program"}]},{"@type":"WebSite","@id":"https:\/\/ydeap.gr\/no\/#website","url":"https:\/\/ydeap.gr\/no\/","name":"\u03a5\u0394\u0395\u0391\u03a0","description":"\u0391\u03a1\u03a7\u0399\u039a\u0397","potentialAction":[{"@type":"SearchAction","target":{"@type":"EntryPoint","urlTemplate":"https:\/\/ydeap.gr\/no\/?s={search_term_string}"},"query-input":{"@type":"PropertyValueSpecification","valueRequired":true,"valueName":"search_term_string"}}],"inLanguage":"nb-NO"}]}},"_links":{"self":[{"href":"https:\/\/ydeap.gr\/no\/wp-json\/wp\/v2\/pages\/10151","targetHints":{"allow":["GET"]}}],"collection":[{"href":"https:\/\/ydeap.gr\/no\/wp-json\/wp\/v2\/pages"}],"about":[{"href":"https:\/\/ydeap.gr\/no\/wp-json\/wp\/v2\/types\/page"}],"author":[{"embeddable":true,"href":"https:\/\/ydeap.gr\/no\/wp-json\/wp\/v2\/users\/19"}],"replies":[{"embeddable":true,"href":"https:\/\/ydeap.gr\/no\/wp-json\/wp\/v2\/comments?post=10151"}],"version-history":[{"count":7,"href":"https:\/\/ydeap.gr\/no\/wp-json\/wp\/v2\/pages\/10151\/revisions"}],"predecessor-version":[{"id":10400,"href":"https:\/\/ydeap.gr\/no\/wp-json\/wp\/v2\/pages\/10151\/revisions\/10400"}],"wp:attachment":[{"href":"https:\/\/ydeap.gr\/no\/wp-json\/wp\/v2\/media?parent=10151"}],"curies":[{"name":"wp","href":"https:\/\/api.w.org\/{rel}","templated":true}]}}