{"id":10139,"date":"2021-02-10T15:35:23","date_gmt":"2021-02-10T13:35:23","guid":{"rendered":"https:\/\/ydeap.eu\/m-i-n-o-t-a-v-r-o-s\/"},"modified":"2023-07-25T12:37:45","modified_gmt":"2023-07-25T09:37:45","slug":"m-i-n-o-t-a-v-r-o-s","status":"publish","type":"page","link":"https:\/\/ydeap.gr\/no\/m-i-n-o-t-a-v-r-o-s\/","title":{"rendered":"M.I.N.O.T.A.V.R.O.S"},"content":{"rendered":"<div class=\"wpb-content-wrapper\"><p>[vc_row][vc_column css=&raquo;.vc_custom_1511006756505{padding-right: 20px !important;padding-left: 50px !important;}&raquo;][vc_row_inner][vc_column_inner css=&raquo;.vc_custom_1511006867340{padding-top: 10px !important;padding-right: 0px !important;padding-left: 0px !important;}&raquo;][vc_single_image image=&raquo;8532&#8243; img_size=&raquo;medium&raquo; alignment=&raquo;center&raquo;][\/vc_column_inner][\/vc_row_inner][vc_row_inner][vc_column_inner][vc_custom_heading text=&raquo;M.I.N.O.T.A.V.R.O.S&raquo; font_container=&raquo;tag:h4|text_align:left&raquo; google_fonts=&raquo;font_family:Roboto%3A100%2C100italic%2C300%2C300italic%2Cregular%2Citalic%2C500%2C500italic%2C700%2C700italic%2C900%2C900italic|font_style:400%20regular%3A400%3Anormal&raquo;][vc_column_text]Innenfor rammen av &laquo;HerculeIII 2020 Technical Assistance&raquo;-programmet til European Anti-Fraud Office (OLAF) ble det sendt inn av v\u00e5r tjeneste, etter samarbeid med Department for Counting Organized Crime \/GE.PAAD. av Kreta, relatert forslag med tittelen &laquo;Overv\u00e5kingsutstyr Investigation inter-National Operations Tobaccosmuggling and Anti-fraud Via Regional inter-Operable Surveyson European borders&raquo; og akronym &laquo;M.I.N.O.T.A.V.R.O.S&raquo;. Koordinator for aksjonen er E.D.P.M.A.<br \/>\nGjennom gjennomf\u00f8ringen av denne aksjonen er m\u00e5let \u00e5 styrke de operative evnene til Avdeling for bekjempelse av organisert kriminalitet av Kreta gjennom levering av overv\u00e5kingsutstyr, mobilt kommandosenter og luft-\/bakkeoverv\u00e5kingsutstyr, i arbeidet med \u00e5 bekjempe svindel og ulovlig produkthandel.<br \/>\nBudsjett: \u20ac670 950,00 (80 % EU-bidrag \u2013 20 % statsbidrag \u2013 moms ikke inkludert)<br \/>\nVarighet: 18 m\u00e5neder (utl\u00f8per 30.06.2022)[\/vc_column_text][\/vc_column_inner][\/vc_row_inner][\/vc_column][\/vc_row][vc_row css=&raquo;.vc_custom_1510087190400{margin-top: -90px !important;}&raquo;][vc_column][vc_single_image image=&raquo;7124&#8243; img_size=&raquo;full&raquo; alignment=&raquo;center&raquo;][\/vc_column][\/vc_row]<\/p>\n<\/div>","protected":false},"excerpt":{"rendered":"<p>[vc_row][vc_column css=&raquo;.vc_custom_1511006756505{padding-right: 20px !important;padding-left: 50px !important;}&raquo;][vc_row_inner][vc_column_inner css=&raquo;.vc_custom_1511006867340{padding-top: 10px !important;padding-right: 0px !important;padding-left: 0px !important;}&raquo;][vc_single_image image=&raquo;8532&#8243; img_size=&raquo;medium&raquo; alignment=&raquo;center&raquo;][\/vc_column_inner][\/vc_row_inner][vc_row_inner][vc_column_inner][vc_custom_heading text=&raquo;M.I.N.O.T.A.V.R.O.S&raquo; font_container=&raquo;tag:h4|text_align:left&raquo; google_fonts=&raquo;font_family:Roboto%3A100%2C100italic%2C300%2C300italic%2Cregular%2Citalic%2C500%2C500italic%2C700%2C700italic%2C900%2C900italic|font_style:400%20regular%3A400%3Anormal&raquo;][vc_column_text]Innenfor rammen av &laquo;HerculeIII 2020 Technical Assistance&raquo;-programmet til European Anti-Fraud Office (OLAF) ble det sendt inn av v\u00e5r tjeneste, etter samarbeid med Department for Counting Organized Crime \/GE.PAAD. av Kreta, relatert forslag med tittelen &laquo;Overv\u00e5kingsutstyr Investigation inter-National&hellip;<\/p>\n","protected":false},"author":19,"featured_media":0,"parent":0,"menu_order":0,"comment_status":"closed","ping_status":"closed","template":"","meta":{"footnotes":""},"class_list":["post-10139","page","type-page","status-publish","hentry","description-off"],"yoast_head":"<!-- This site is optimized with the Yoast SEO plugin v26.9 - https:\/\/yoast.com\/product\/yoast-seo-wordpress\/ -->\n<title>M.I.N.O.T.A.V.R.O.S - \u03a5\u0394\u0395\u0391\u03a0<\/title>\n<meta name=\"robots\" content=\"index, follow, max-snippet:-1, max-image-preview:large, max-video-preview:-1\" \/>\n<link rel=\"canonical\" href=\"https:\/\/ydeap.gr\/no\/m-i-n-o-t-a-v-r-o-s\/\" \/>\n<meta property=\"og:locale\" content=\"nb_NO\" \/>\n<meta property=\"og:type\" content=\"article\" \/>\n<meta property=\"og:title\" content=\"M.I.N.O.T.A.V.R.O.S - \u03a5\u0394\u0395\u0391\u03a0\" \/>\n<meta property=\"og:description\" content=\"[vc_row][vc_column css=&raquo;.vc_custom_1511006756505{padding-right: 20px !important;padding-left: 50px !important;}&raquo;][vc_row_inner][vc_column_inner css=&raquo;.vc_custom_1511006867340{padding-top: 10px !important;padding-right: 0px !important;padding-left: 0px !important;}&raquo;][vc_single_image image=&raquo;8532&#8243; img_size=&raquo;medium&raquo; alignment=&raquo;center&raquo;][\/vc_column_inner][\/vc_row_inner][vc_row_inner][vc_column_inner][vc_custom_heading text=&raquo;M.I.N.O.T.A.V.R.O.S&raquo; font_container=&raquo;tag:h4|text_align:left&raquo; google_fonts=&raquo;font_family:Roboto%3A100%2C100italic%2C300%2C300italic%2Cregular%2Citalic%2C500%2C500italic%2C700%2C700italic%2C900%2C900italic|font_style:400%20regular%3A400%3Anormal&raquo;][vc_column_text]Innenfor rammen av &laquo;HerculeIII 2020 Technical Assistance&raquo;-programmet til European Anti-Fraud Office (OLAF) ble det sendt inn av v\u00e5r tjeneste, etter samarbeid med Department for Counting Organized Crime \/GE.PAAD. av Kreta, relatert forslag med tittelen &laquo;Overv\u00e5kingsutstyr Investigation inter-National&hellip;\" \/>\n<meta property=\"og:url\" content=\"https:\/\/ydeap.gr\/no\/m-i-n-o-t-a-v-r-o-s\/\" \/>\n<meta property=\"og:site_name\" content=\"\u03a5\u0394\u0395\u0391\u03a0\" \/>\n<meta property=\"article:modified_time\" content=\"2023-07-25T09:37:45+00:00\" \/>\n<meta name=\"twitter:card\" content=\"summary_large_image\" \/>\n<meta name=\"twitter:label1\" content=\"Ansl. lesetid\" \/>\n\t<meta name=\"twitter:data1\" content=\"1 minutt\" \/>\n<script type=\"application\/ld+json\" class=\"yoast-schema-graph\">{\"@context\":\"https:\/\/schema.org\",\"@graph\":[{\"@type\":\"WebPage\",\"@id\":\"https:\/\/ydeap.gr\/no\/m-i-n-o-t-a-v-r-o-s\/\",\"url\":\"https:\/\/ydeap.gr\/no\/m-i-n-o-t-a-v-r-o-s\/\",\"name\":\"M.I.N.O.T.A.V.R.O.S - \u03a5\u0394\u0395\u0391\u03a0\",\"isPartOf\":{\"@id\":\"https:\/\/ydeap.gr\/no\/#website\"},\"datePublished\":\"2021-02-10T13:35:23+00:00\",\"dateModified\":\"2023-07-25T09:37:45+00:00\",\"breadcrumb\":{\"@id\":\"https:\/\/ydeap.gr\/no\/m-i-n-o-t-a-v-r-o-s\/#breadcrumb\"},\"inLanguage\":\"nb-NO\",\"potentialAction\":[{\"@type\":\"ReadAction\",\"target\":[\"https:\/\/ydeap.gr\/no\/m-i-n-o-t-a-v-r-o-s\/\"]}]},{\"@type\":\"BreadcrumbList\",\"@id\":\"https:\/\/ydeap.gr\/no\/m-i-n-o-t-a-v-r-o-s\/#breadcrumb\",\"itemListElement\":[{\"@type\":\"ListItem\",\"position\":1,\"name\":\"\u0391\u03c1\u03c7\u03b9\u03ba\u03ae\",\"item\":\"https:\/\/ydeap.gr\/no\/\"},{\"@type\":\"ListItem\",\"position\":2,\"name\":\"M.I.N.O.T.A.V.R.O.S\"}]},{\"@type\":\"WebSite\",\"@id\":\"https:\/\/ydeap.gr\/no\/#website\",\"url\":\"https:\/\/ydeap.gr\/no\/\",\"name\":\"\u03a5\u0394\u0395\u0391\u03a0\",\"description\":\"\u0391\u03a1\u03a7\u0399\u039a\u0397\",\"potentialAction\":[{\"@type\":\"SearchAction\",\"target\":{\"@type\":\"EntryPoint\",\"urlTemplate\":\"https:\/\/ydeap.gr\/no\/?s={search_term_string}\"},\"query-input\":{\"@type\":\"PropertyValueSpecification\",\"valueRequired\":true,\"valueName\":\"search_term_string\"}}],\"inLanguage\":\"nb-NO\"}]}<\/script>\n<!-- \/ Yoast SEO plugin. -->","yoast_head_json":{"title":"M.I.N.O.T.A.V.R.O.S - \u03a5\u0394\u0395\u0391\u03a0","robots":{"index":"index","follow":"follow","max-snippet":"max-snippet:-1","max-image-preview":"max-image-preview:large","max-video-preview":"max-video-preview:-1"},"canonical":"https:\/\/ydeap.gr\/no\/m-i-n-o-t-a-v-r-o-s\/","og_locale":"nb_NO","og_type":"article","og_title":"M.I.N.O.T.A.V.R.O.S - \u03a5\u0394\u0395\u0391\u03a0","og_description":"[vc_row][vc_column css=&raquo;.vc_custom_1511006756505{padding-right: 20px !important;padding-left: 50px !important;}&raquo;][vc_row_inner][vc_column_inner css=&raquo;.vc_custom_1511006867340{padding-top: 10px !important;padding-right: 0px !important;padding-left: 0px !important;}&raquo;][vc_single_image image=&raquo;8532&#8243; img_size=&raquo;medium&raquo; alignment=&raquo;center&raquo;][\/vc_column_inner][\/vc_row_inner][vc_row_inner][vc_column_inner][vc_custom_heading text=&raquo;M.I.N.O.T.A.V.R.O.S&raquo; font_container=&raquo;tag:h4|text_align:left&raquo; google_fonts=&raquo;font_family:Roboto%3A100%2C100italic%2C300%2C300italic%2Cregular%2Citalic%2C500%2C500italic%2C700%2C700italic%2C900%2C900italic|font_style:400%20regular%3A400%3Anormal&raquo;][vc_column_text]Innenfor rammen av &laquo;HerculeIII 2020 Technical Assistance&raquo;-programmet til European Anti-Fraud Office (OLAF) ble det sendt inn av v\u00e5r tjeneste, etter samarbeid med Department for Counting Organized Crime \/GE.PAAD. av Kreta, relatert forslag med tittelen &laquo;Overv\u00e5kingsutstyr Investigation inter-National&hellip;","og_url":"https:\/\/ydeap.gr\/no\/m-i-n-o-t-a-v-r-o-s\/","og_site_name":"\u03a5\u0394\u0395\u0391\u03a0","article_modified_time":"2023-07-25T09:37:45+00:00","twitter_card":"summary_large_image","twitter_misc":{"Ansl. lesetid":"1 minutt"},"schema":{"@context":"https:\/\/schema.org","@graph":[{"@type":"WebPage","@id":"https:\/\/ydeap.gr\/no\/m-i-n-o-t-a-v-r-o-s\/","url":"https:\/\/ydeap.gr\/no\/m-i-n-o-t-a-v-r-o-s\/","name":"M.I.N.O.T.A.V.R.O.S - \u03a5\u0394\u0395\u0391\u03a0","isPartOf":{"@id":"https:\/\/ydeap.gr\/no\/#website"},"datePublished":"2021-02-10T13:35:23+00:00","dateModified":"2023-07-25T09:37:45+00:00","breadcrumb":{"@id":"https:\/\/ydeap.gr\/no\/m-i-n-o-t-a-v-r-o-s\/#breadcrumb"},"inLanguage":"nb-NO","potentialAction":[{"@type":"ReadAction","target":["https:\/\/ydeap.gr\/no\/m-i-n-o-t-a-v-r-o-s\/"]}]},{"@type":"BreadcrumbList","@id":"https:\/\/ydeap.gr\/no\/m-i-n-o-t-a-v-r-o-s\/#breadcrumb","itemListElement":[{"@type":"ListItem","position":1,"name":"\u0391\u03c1\u03c7\u03b9\u03ba\u03ae","item":"https:\/\/ydeap.gr\/no\/"},{"@type":"ListItem","position":2,"name":"M.I.N.O.T.A.V.R.O.S"}]},{"@type":"WebSite","@id":"https:\/\/ydeap.gr\/no\/#website","url":"https:\/\/ydeap.gr\/no\/","name":"\u03a5\u0394\u0395\u0391\u03a0","description":"\u0391\u03a1\u03a7\u0399\u039a\u0397","potentialAction":[{"@type":"SearchAction","target":{"@type":"EntryPoint","urlTemplate":"https:\/\/ydeap.gr\/no\/?s={search_term_string}"},"query-input":{"@type":"PropertyValueSpecification","valueRequired":true,"valueName":"search_term_string"}}],"inLanguage":"nb-NO"}]}},"_links":{"self":[{"href":"https:\/\/ydeap.gr\/no\/wp-json\/wp\/v2\/pages\/10139","targetHints":{"allow":["GET"]}}],"collection":[{"href":"https:\/\/ydeap.gr\/no\/wp-json\/wp\/v2\/pages"}],"about":[{"href":"https:\/\/ydeap.gr\/no\/wp-json\/wp\/v2\/types\/page"}],"author":[{"embeddable":true,"href":"https:\/\/ydeap.gr\/no\/wp-json\/wp\/v2\/users\/19"}],"replies":[{"embeddable":true,"href":"https:\/\/ydeap.gr\/no\/wp-json\/wp\/v2\/comments?post=10139"}],"version-history":[{"count":8,"href":"https:\/\/ydeap.gr\/no\/wp-json\/wp\/v2\/pages\/10139\/revisions"}],"predecessor-version":[{"id":11047,"href":"https:\/\/ydeap.gr\/no\/wp-json\/wp\/v2\/pages\/10139\/revisions\/11047"}],"wp:attachment":[{"href":"https:\/\/ydeap.gr\/no\/wp-json\/wp\/v2\/media?parent=10139"}],"curies":[{"name":"wp","href":"https:\/\/api.w.org\/{rel}","templated":true}]}}