{"id":10135,"date":"2021-02-10T15:07:23","date_gmt":"2021-02-10T13:07:23","guid":{"rendered":"https:\/\/ydeap.eu\/besecure-feelsecure\/"},"modified":"2023-06-16T19:14:08","modified_gmt":"2023-06-16T16:14:08","slug":"besecure-feelsecure","status":"publish","type":"page","link":"https:\/\/ydeap.gr\/no\/besecure-feelsecure\/","title":{"rendered":"BeSecure \u2013 FeelSecure"},"content":{"rendered":"<div class=\"wpb-content-wrapper\"><p>[vc_row][vc_column css=&raquo;.vc_custom_1511006756505{padding-right: 20px !important;padding-left: 50px !important;}&raquo;][vc_row_inner][vc_column_inner css=&raquo;.vc_custom_1511006867340{padding-top: 10px !important;padding-right: 0px !important;padding-left: 0px !important;}&raquo;][vc_single_image image=&raquo;8530&#8243; img_size=&raquo;large&raquo; alignment=&raquo;center&raquo;][vc_custom_heading text=&raquo;Et helhetlig styringsrammeverk for bysikkerhet for overv\u00e5king, vurdering og prognoser for effektiviteten, b\u00e6rekraften og motstandskraften til Pireus&raquo; og akronym: &laquo;BeSecure-FeelSecure&raquo; font_container=&raquo;tag:h4|text_align:left&raquo; google_fonts=&raquo;font_family:Roboto%3A100%2C100italic%2C300%2C300italic%2Cregular%2Citalic%2C500%2C500italic%2C700%2C700italic%2C900%2C900italic|font_style:400%20regular%3A400%3Anormal&raquo;][\/vc_column_inner][\/vc_row_inner][vc_row_inner][vc_column_inner][vc_column_text]Handlingen med tittelen: &laquo;A Holistic Urban Security Governance Framework for Monitoring, Assessing and Forecasting the Efficiency, Sustainability and Resilience of Piraeus&raquo; og akronym: &laquo;BeSecure-FeelSecure&raquo; har som m\u00e5l \u00e5 styrke sikkerheten til bymilj\u00f8et ved \u00e5 tilby strategier og arbeider ved \u00e5 invitere de som er involvert i bysikkerhetsbyr\u00e5er for \u00e5 fremme deres samarbeid p\u00e5 fysisk og online niv\u00e5.<\/p>\n<p>Konsortiet av denne aksjonen best\u00e5r av f\u00f8lgende organer:<br \/>\n\u2022 Pireus kommune<br \/>\n\u2022 Singular Logic (Hellas)<br \/>\n\u2022 Panteion University of Social &amp; Political Sciences<br \/>\n\u2022 European Forum for Urban Security (FRANKRIKE)<br \/>\n\u2022 SPACE Hellas<br \/>\n\u2022 Departementet for innbyggerbeskyttelse<\/p>\n<p>I forbindelse med denne aksjonen og i samsvar med den eksisterende nasjonale lovgivningen, vil det lokale r\u00e5det for forebygging av kriminalitet ha en sentral rolle med deltakelse av etater som Pireus kommune, det greske politiet osv. med de grunnleggende fellesskapene m\u00e5l om \u00e5 ta beslutninger om handlinger og intervensjoner p\u00e5 lokalt niv\u00e5. Under tilsyn av lokalstyret planlegges den romlige intervensjonen etter CPTED-modellen &laquo;CrimePreventionthroughEnvironmentalDesign&raquo; (Crime Prevention through Environmental Design) i kombinasjon med sosiale aktiveringsstrategier for \u00e5 styrke samholdet i samfunnet.<br \/>\nI tillegg ser man for seg etableringen av en digital plattform, som vil tillate trusselvurdering og visualisering av risiko gjennom kartlegging, som vil st\u00f8tte beslutningstaking. Det p\u00e5pekes at BSFS-prosjektet skal implementeres og evalueres i byen Pireus, en av de mest folkerike byene i landet v\u00e5rt med h\u00f8ye kriminalitetsrater, for \u00e5 lage en rekke retningslinjer som deretter skal tas i bruk av andre byer.<\/p>\n<p>Aksjonen er finansiert av &laquo;4th URBAN INNOVATIVE ACTIONS&raquo;-programmet til den tematiske enheten &laquo;Urban Security&raquo; i European Regional Development Fund.<br \/>\nBudsjett: \u20ac4 966 425,00 (80 % EU-bidrag \u2013 20 % statsbidrag \u2013 moms ikke inkludert)<br \/>\nVarighet: 36 m\u00e5neder (utl\u00f8p 31.08.2022)<\/p>\n<p>Mer informasjon p\u00e5 f\u00f8lgende e-postadresser:<br \/>\n<a href=\"http:\/\/www.bsfs-project.eu\">www.bsfs-project.eu<\/a><br \/>\n<a href=\"http:\/\/www.bsfs-piraeus.eu\">www.bsfs-piraeus.eu<\/a><\/p>\n<p>Prosjektets Facebook-side <a href=\"https:\/\/www.facebook.com\/BeSecureFeelSecure\/\">her <\/a>[\/vc_column_text][\/vc_column_inner][\/vc_row_inner][\/vc_column][\/vc_row][vc_row][vc_column width=&raquo;1\/4&#8243;][\/vc_column][vc_column width=&raquo;1\/2&#8243;][vc_raw_html]PGlmcmFtZSB0aXRsZT0iWW91VHViZSB2aWRlbyBwbGF5ZXIiIHNyYz0iaHR0cHM6Ly93d3cueW91dHViZS5jb20vZW1iZWQvOUo1UFZMSXdjTWMiIHdpZHRoPSI1MjAiIGhlaWdodD0iMzE1IiBmcmFtZWJvcmRlcj0iMCIgYWxsb3dmdWxsc2NyZWVuPSJhbGxvd2Z1bGxzY3JlZW4iPjwvaWZyYW1lPg==[\/vc_raw_html][\/vc_column][vc_column width=&raquo;1\/4&#8243;][\/vc_column][\/vc_row][vc_row css=&raquo;.vc_custom_1510087190400{margin-top: -90px !important;}&raquo;][vc_column][vc_single_image image=&raquo;7124&#8243; img_size=&raquo;full&raquo; alignment=&raquo;center&raquo;][vc_column_text]<\/p>\n<p style=\"text-align: center;\"><img loading=\"lazy\" decoding=\"async\" class=\"alignnone size-full wp-image-306\" src=\"https:\/\/ydeap.gr\/wp-content\/uploads\/2017\/11\/facebook.jpg\" alt=\"\" width=\"8\" height=\"18\">   <img loading=\"lazy\" decoding=\"async\" class=\"alignnone size-full wp-image-307\" src=\"https:\/\/ydeap.gr\/wp-content\/uploads\/2017\/11\/twiter-logo.png\" alt=\"\" width=\"18\" height=\"15\">  <img loading=\"lazy\" decoding=\"async\" class=\"alignnone size-full wp-image-311\" src=\"https:\/\/ydeap.gr\/wp-content\/uploads\/2017\/11\/in-logo.png\" alt=\"\" width=\"21\" height=\"18\"><\/p>\n<p>[\/vc_column_text][\/vc_column][\/vc_row]<\/p>\n<\/div>","protected":false},"excerpt":{"rendered":"<p>[vc_row][vc_column css=&raquo;.vc_custom_1511006756505{padding-right: 20px !important;padding-left: 50px !important;}&raquo;][vc_row_inner][vc_column_inner css=&raquo;.vc_custom_1511006867340{padding-top: 10px !important;padding-right: 0px !important;padding-left: 0px !important;}&raquo;][vc_single_image image=&raquo;8530&#8243; img_size=&raquo;large&raquo; alignment=&raquo;center&raquo;][vc_custom_heading text=&raquo;Et helhetlig styringsrammeverk for bysikkerhet for overv\u00e5king, vurdering og prognoser for effektiviteten, b\u00e6rekraften og motstandskraften til Pireus&raquo; og akronym: &laquo;BeSecure-FeelSecure&raquo; font_container=&raquo;tag:h4|text_align:left&raquo; google_fonts=&raquo;font_family:Roboto%3A100%2C100italic%2C300%2C300italic%2Cregular%2Citalic%2C500%2C500italic%2C700%2C700italic%2C900%2C900italic|font_style:400%20regular%3A400%3Anormal&raquo;][\/vc_column_inner][\/vc_row_inner][vc_row_inner][vc_column_inner][vc_column_text]Handlingen med tittelen: &laquo;A Holistic Urban Security Governance Framework for Monitoring, Assessing and Forecasting the Efficiency, Sustainability and&hellip;<\/p>\n","protected":false},"author":19,"featured_media":0,"parent":0,"menu_order":0,"comment_status":"closed","ping_status":"closed","template":"","meta":{"footnotes":""},"class_list":["post-10135","page","type-page","status-publish","hentry","description-off"],"yoast_head":"<!-- This site is optimized with the Yoast SEO plugin v26.9 - https:\/\/yoast.com\/product\/yoast-seo-wordpress\/ -->\n<title>BeSecure \u2013 FeelSecure - \u03a5\u0394\u0395\u0391\u03a0<\/title>\n<meta name=\"robots\" content=\"index, follow, max-snippet:-1, max-image-preview:large, max-video-preview:-1\" \/>\n<link rel=\"canonical\" href=\"https:\/\/ydeap.gr\/no\/besecure-feelsecure\/\" \/>\n<meta property=\"og:locale\" content=\"nb_NO\" \/>\n<meta property=\"og:type\" content=\"article\" \/>\n<meta property=\"og:title\" content=\"BeSecure \u2013 FeelSecure - \u03a5\u0394\u0395\u0391\u03a0\" \/>\n<meta property=\"og:description\" content=\"[vc_row][vc_column css=&raquo;.vc_custom_1511006756505{padding-right: 20px !important;padding-left: 50px !important;}&raquo;][vc_row_inner][vc_column_inner css=&raquo;.vc_custom_1511006867340{padding-top: 10px !important;padding-right: 0px !important;padding-left: 0px !important;}&raquo;][vc_single_image image=&raquo;8530&#8243; img_size=&raquo;large&raquo; alignment=&raquo;center&raquo;][vc_custom_heading text=&raquo;Et helhetlig styringsrammeverk for bysikkerhet for overv\u00e5king, vurdering og prognoser for effektiviteten, b\u00e6rekraften og motstandskraften til Pireus&raquo; og akronym: &laquo;BeSecure-FeelSecure&raquo; font_container=&raquo;tag:h4|text_align:left&raquo; google_fonts=&raquo;font_family:Roboto%3A100%2C100italic%2C300%2C300italic%2Cregular%2Citalic%2C500%2C500italic%2C700%2C700italic%2C900%2C900italic|font_style:400%20regular%3A400%3Anormal&raquo;][\/vc_column_inner][\/vc_row_inner][vc_row_inner][vc_column_inner][vc_column_text]Handlingen med tittelen: &laquo;A Holistic Urban Security Governance Framework for Monitoring, Assessing and Forecasting the Efficiency, Sustainability and&hellip;\" \/>\n<meta property=\"og:url\" content=\"https:\/\/ydeap.gr\/no\/besecure-feelsecure\/\" \/>\n<meta property=\"og:site_name\" content=\"\u03a5\u0394\u0395\u0391\u03a0\" \/>\n<meta property=\"article:modified_time\" content=\"2023-06-16T16:14:08+00:00\" \/>\n<meta property=\"og:image\" content=\"https:\/\/ydeap.gr\/wp-content\/uploads\/2017\/11\/facebook.jpg\" \/>\n<meta name=\"twitter:card\" content=\"summary_large_image\" \/>\n<meta name=\"twitter:label1\" content=\"Ansl. lesetid\" \/>\n\t<meta name=\"twitter:data1\" content=\"2 minutter\" \/>\n<script type=\"application\/ld+json\" class=\"yoast-schema-graph\">{\"@context\":\"https:\/\/schema.org\",\"@graph\":[{\"@type\":\"WebPage\",\"@id\":\"https:\/\/ydeap.gr\/no\/besecure-feelsecure\/\",\"url\":\"https:\/\/ydeap.gr\/no\/besecure-feelsecure\/\",\"name\":\"BeSecure \u2013 FeelSecure - \u03a5\u0394\u0395\u0391\u03a0\",\"isPartOf\":{\"@id\":\"https:\/\/ydeap.gr\/no\/#website\"},\"primaryImageOfPage\":{\"@id\":\"https:\/\/ydeap.gr\/no\/besecure-feelsecure\/#primaryimage\"},\"image\":{\"@id\":\"https:\/\/ydeap.gr\/no\/besecure-feelsecure\/#primaryimage\"},\"thumbnailUrl\":\"https:\/\/ydeap.gr\/wp-content\/uploads\/2017\/11\/facebook.jpg\",\"datePublished\":\"2021-02-10T13:07:23+00:00\",\"dateModified\":\"2023-06-16T16:14:08+00:00\",\"breadcrumb\":{\"@id\":\"https:\/\/ydeap.gr\/no\/besecure-feelsecure\/#breadcrumb\"},\"inLanguage\":\"nb-NO\",\"potentialAction\":[{\"@type\":\"ReadAction\",\"target\":[\"https:\/\/ydeap.gr\/no\/besecure-feelsecure\/\"]}]},{\"@type\":\"ImageObject\",\"inLanguage\":\"nb-NO\",\"@id\":\"https:\/\/ydeap.gr\/no\/besecure-feelsecure\/#primaryimage\",\"url\":\"https:\/\/ydeap.gr\/wp-content\/uploads\/2017\/11\/facebook.jpg\",\"contentUrl\":\"https:\/\/ydeap.gr\/wp-content\/uploads\/2017\/11\/facebook.jpg\"},{\"@type\":\"BreadcrumbList\",\"@id\":\"https:\/\/ydeap.gr\/no\/besecure-feelsecure\/#breadcrumb\",\"itemListElement\":[{\"@type\":\"ListItem\",\"position\":1,\"name\":\"\u0391\u03c1\u03c7\u03b9\u03ba\u03ae\",\"item\":\"https:\/\/ydeap.gr\/no\/\"},{\"@type\":\"ListItem\",\"position\":2,\"name\":\"BeSecure \u2013 FeelSecure\"}]},{\"@type\":\"WebSite\",\"@id\":\"https:\/\/ydeap.gr\/no\/#website\",\"url\":\"https:\/\/ydeap.gr\/no\/\",\"name\":\"\u03a5\u0394\u0395\u0391\u03a0\",\"description\":\"\u0391\u03a1\u03a7\u0399\u039a\u0397\",\"potentialAction\":[{\"@type\":\"SearchAction\",\"target\":{\"@type\":\"EntryPoint\",\"urlTemplate\":\"https:\/\/ydeap.gr\/no\/?s={search_term_string}\"},\"query-input\":{\"@type\":\"PropertyValueSpecification\",\"valueRequired\":true,\"valueName\":\"search_term_string\"}}],\"inLanguage\":\"nb-NO\"}]}<\/script>\n<!-- \/ Yoast SEO plugin. -->","yoast_head_json":{"title":"BeSecure \u2013 FeelSecure - \u03a5\u0394\u0395\u0391\u03a0","robots":{"index":"index","follow":"follow","max-snippet":"max-snippet:-1","max-image-preview":"max-image-preview:large","max-video-preview":"max-video-preview:-1"},"canonical":"https:\/\/ydeap.gr\/no\/besecure-feelsecure\/","og_locale":"nb_NO","og_type":"article","og_title":"BeSecure \u2013 FeelSecure - \u03a5\u0394\u0395\u0391\u03a0","og_description":"[vc_row][vc_column css=&raquo;.vc_custom_1511006756505{padding-right: 20px !important;padding-left: 50px !important;}&raquo;][vc_row_inner][vc_column_inner css=&raquo;.vc_custom_1511006867340{padding-top: 10px !important;padding-right: 0px !important;padding-left: 0px !important;}&raquo;][vc_single_image image=&raquo;8530&#8243; img_size=&raquo;large&raquo; alignment=&raquo;center&raquo;][vc_custom_heading text=&raquo;Et helhetlig styringsrammeverk for bysikkerhet for overv\u00e5king, vurdering og prognoser for effektiviteten, b\u00e6rekraften og motstandskraften til Pireus&raquo; og akronym: &laquo;BeSecure-FeelSecure&raquo; font_container=&raquo;tag:h4|text_align:left&raquo; google_fonts=&raquo;font_family:Roboto%3A100%2C100italic%2C300%2C300italic%2Cregular%2Citalic%2C500%2C500italic%2C700%2C700italic%2C900%2C900italic|font_style:400%20regular%3A400%3Anormal&raquo;][\/vc_column_inner][\/vc_row_inner][vc_row_inner][vc_column_inner][vc_column_text]Handlingen med tittelen: &laquo;A Holistic Urban Security Governance Framework for Monitoring, Assessing and Forecasting the Efficiency, Sustainability and&hellip;","og_url":"https:\/\/ydeap.gr\/no\/besecure-feelsecure\/","og_site_name":"\u03a5\u0394\u0395\u0391\u03a0","article_modified_time":"2023-06-16T16:14:08+00:00","og_image":[{"url":"https:\/\/ydeap.gr\/wp-content\/uploads\/2017\/11\/facebook.jpg","type":"","width":"","height":""}],"twitter_card":"summary_large_image","twitter_misc":{"Ansl. lesetid":"2 minutter"},"schema":{"@context":"https:\/\/schema.org","@graph":[{"@type":"WebPage","@id":"https:\/\/ydeap.gr\/no\/besecure-feelsecure\/","url":"https:\/\/ydeap.gr\/no\/besecure-feelsecure\/","name":"BeSecure \u2013 FeelSecure - \u03a5\u0394\u0395\u0391\u03a0","isPartOf":{"@id":"https:\/\/ydeap.gr\/no\/#website"},"primaryImageOfPage":{"@id":"https:\/\/ydeap.gr\/no\/besecure-feelsecure\/#primaryimage"},"image":{"@id":"https:\/\/ydeap.gr\/no\/besecure-feelsecure\/#primaryimage"},"thumbnailUrl":"https:\/\/ydeap.gr\/wp-content\/uploads\/2017\/11\/facebook.jpg","datePublished":"2021-02-10T13:07:23+00:00","dateModified":"2023-06-16T16:14:08+00:00","breadcrumb":{"@id":"https:\/\/ydeap.gr\/no\/besecure-feelsecure\/#breadcrumb"},"inLanguage":"nb-NO","potentialAction":[{"@type":"ReadAction","target":["https:\/\/ydeap.gr\/no\/besecure-feelsecure\/"]}]},{"@type":"ImageObject","inLanguage":"nb-NO","@id":"https:\/\/ydeap.gr\/no\/besecure-feelsecure\/#primaryimage","url":"https:\/\/ydeap.gr\/wp-content\/uploads\/2017\/11\/facebook.jpg","contentUrl":"https:\/\/ydeap.gr\/wp-content\/uploads\/2017\/11\/facebook.jpg"},{"@type":"BreadcrumbList","@id":"https:\/\/ydeap.gr\/no\/besecure-feelsecure\/#breadcrumb","itemListElement":[{"@type":"ListItem","position":1,"name":"\u0391\u03c1\u03c7\u03b9\u03ba\u03ae","item":"https:\/\/ydeap.gr\/no\/"},{"@type":"ListItem","position":2,"name":"BeSecure \u2013 FeelSecure"}]},{"@type":"WebSite","@id":"https:\/\/ydeap.gr\/no\/#website","url":"https:\/\/ydeap.gr\/no\/","name":"\u03a5\u0394\u0395\u0391\u03a0","description":"\u0391\u03a1\u03a7\u0399\u039a\u0397","potentialAction":[{"@type":"SearchAction","target":{"@type":"EntryPoint","urlTemplate":"https:\/\/ydeap.gr\/no\/?s={search_term_string}"},"query-input":{"@type":"PropertyValueSpecification","valueRequired":true,"valueName":"search_term_string"}}],"inLanguage":"nb-NO"}]}},"_links":{"self":[{"href":"https:\/\/ydeap.gr\/no\/wp-json\/wp\/v2\/pages\/10135","targetHints":{"allow":["GET"]}}],"collection":[{"href":"https:\/\/ydeap.gr\/no\/wp-json\/wp\/v2\/pages"}],"about":[{"href":"https:\/\/ydeap.gr\/no\/wp-json\/wp\/v2\/types\/page"}],"author":[{"embeddable":true,"href":"https:\/\/ydeap.gr\/no\/wp-json\/wp\/v2\/users\/19"}],"replies":[{"embeddable":true,"href":"https:\/\/ydeap.gr\/no\/wp-json\/wp\/v2\/comments?post=10135"}],"version-history":[{"count":7,"href":"https:\/\/ydeap.gr\/no\/wp-json\/wp\/v2\/pages\/10135\/revisions"}],"predecessor-version":[{"id":10398,"href":"https:\/\/ydeap.gr\/no\/wp-json\/wp\/v2\/pages\/10135\/revisions\/10398"}],"wp:attachment":[{"href":"https:\/\/ydeap.gr\/no\/wp-json\/wp\/v2\/media?parent=10135"}],"curies":[{"name":"wp","href":"https:\/\/api.w.org\/{rel}","templated":true}]}}