{"id":10124,"date":"2019-02-25T14:46:43","date_gmt":"2019-02-25T12:46:43","guid":{"rendered":"https:\/\/ydeap.eu\/f3ead\/"},"modified":"2023-06-16T19:14:07","modified_gmt":"2023-06-16T16:14:07","slug":"f3ead","status":"publish","type":"page","link":"https:\/\/ydeap.gr\/no\/f3ead\/","title":{"rendered":"F3EAD"},"content":{"rendered":"<div class=\"wpb-content-wrapper\"><p>[vc_row][vc_column css=&raquo;.vc_custom_1511006756505{padding-right: 20px !important;padding-left: 50px !important;}&raquo;][vc_row_inner][vc_column_inner css=&raquo;.vc_custom_1511006867340{padding-top: 10px !important;padding-right: 0px !important;padding-left: 0px !important;}&raquo;][vc_single_image image=&raquo;7646&#8243; img_size=&raquo;large&raquo; alignment=&raquo;center&raquo;][\/vc_column_inner][\/vc_row_inner][vc_row_inner][vc_column_inner][vc_custom_heading text=&raquo;F3EAD&raquo; font_container=&raquo;tag:h4|text_align:left&raquo; google_fonts=&raquo;font_family:Roboto%3A100%2C100italic%2C300%2C300italic%2Cregular%2Citalic%2C500%2C500italic%2C700%2C700italic%2C900%2C900italic|font_style:400%20regular%3A400%3Anormal&raquo;][\/vc_column_inner][vc_column_inner][vc_column_text]<\/p>\n<div class=\"wpb_column vc_column_container vc_col-sm-12\">\n<div class=\"vc_column-inner \">\n<div class=\"wpb_wrapper\">\n<div id=\"nitro_custom_css_605646172\" class=\"nitro-dropcaps \"><span class=\"big tc no-bg fl fwb bs-50\">Tiltak<\/span> inkluderer levering av utstyr for \u00e5 styrke sikkerhetstjenestene til det hellenske politiet ang\u00e5ende innsamling av informasjon og bevis ang\u00e5ende aktiviteten til kriminelle organisasjoner relatert til \u00f8konomisk kriminalitet.<\/div>\n<div class=\"wpb_text_column wpb_content_element \">\n<div class=\"wpb_wrapper\">\n<p>&nbsp;<\/p>\n<p><strong><u>Budsjett: <\/u><\/strong>\u20ac496 273,75 (80 % EU-bidrag \u2013 20 % statsbidrag \u2013 moms ikke inkludert)<\/p>\n<p><strong><u>Varighet<\/u><\/strong><strong><u>:<\/u><\/strong> 18 m\u00e5neder (utl\u00f8per 30.06.2019)<\/p>\n<\/div>\n<\/div>\n<\/div>\n<\/div>\n<\/div>\n<p>[\/vc_column_text][\/vc_column_inner][\/vc_row_inner][\/vc_column][\/vc_row][vc_row css=&raquo;.vc_custom_1510087190400{margin-top: -90px !important;}&raquo;][vc_column][vc_single_image image=&raquo;7124&#8243; img_size=&raquo;full&raquo; alignment=&raquo;center&raquo;][vc_custom_heading text=&raquo;F\u00d8LG OSS HER&raquo; font_container=&raquo;tag:h2|font_size:12|text_align:center|color:%236087a2|line_height:1&#8243; google_fonts=&raquo;font_family:Open%20Sans%3A300%2C300italic%2Cregular%2Citalic%2C600%2C600italic%2C700%2C700italic%2C800%2C800italic|font_style:400%20regular%3A400%3Anormal&raquo;][vc_column_text]<\/p>\n<p style=\"text-align: center;\"><a href=\"https:\/\/web.facebook.com\/ydeap\/\"><img loading=\"lazy\" decoding=\"async\" class=\"alignnone size-full wp-image-306\" src=\"https:\/\/ydeap.gr\/wp-content\/uploads\/2017\/11\/facebook.jpg\" alt=\"\" width=\"8\" height=\"18\"><\/a><\/p>\n<p>[\/vc_column_text][\/vc_column][\/vc_row]<\/p>\n<\/div>","protected":false},"excerpt":{"rendered":"<p>[vc_row][vc_column css=&raquo;.vc_custom_1511006756505{padding-right: 20px !important;padding-left: 50px !important;}&raquo;][vc_row_inner][vc_column_inner css=&raquo;.vc_custom_1511006867340{padding-top: 10px !important;padding-right: 0px !important;padding-left: 0px !important;}&raquo;][vc_single_image image=&raquo;7646&#8243; img_size=&raquo;large&raquo; alignment=&raquo;center&raquo;][\/vc_column_inner][\/vc_row_inner][vc_row_inner][vc_column_inner][vc_custom_heading text=&raquo;F3EAD&raquo; font_container=&raquo;tag:h4|text_align:left&raquo; google_fonts=&raquo;font_family:Roboto%3A100%2C100italic%2C300%2C300italic%2Cregular%2Citalic%2C500%2C500italic%2C700%2C700italic%2C900%2C900italic|font_style:400%20regular%3A400%3Anormal&raquo;][\/vc_column_inner][vc_column_inner][vc_column_text] Tiltak inkluderer levering av utstyr for \u00e5 styrke sikkerhetstjenestene til det hellenske politiet ang\u00e5ende innsamling av informasjon og bevis ang\u00e5ende aktiviteten til kriminelle organisasjoner relatert til \u00f8konomisk kriminalitet. &nbsp; Budsjett: \u20ac496 273,75 (80 % EU-bidrag \u2013&hellip;<\/p>\n","protected":false},"author":19,"featured_media":0,"parent":0,"menu_order":0,"comment_status":"closed","ping_status":"closed","template":"","meta":{"footnotes":""},"class_list":["post-10124","page","type-page","status-publish","hentry","description-off"],"yoast_head":"<!-- This site is optimized with the Yoast SEO plugin v26.9 - https:\/\/yoast.com\/product\/yoast-seo-wordpress\/ -->\n<title>F3EAD - \u03a5\u0394\u0395\u0391\u03a0<\/title>\n<meta name=\"robots\" content=\"index, follow, max-snippet:-1, max-image-preview:large, max-video-preview:-1\" \/>\n<link rel=\"canonical\" href=\"https:\/\/ydeap.gr\/no\/f3ead\/\" \/>\n<meta property=\"og:locale\" content=\"nb_NO\" \/>\n<meta property=\"og:type\" content=\"article\" \/>\n<meta property=\"og:title\" content=\"F3EAD - \u03a5\u0394\u0395\u0391\u03a0\" \/>\n<meta property=\"og:description\" content=\"[vc_row][vc_column css=&raquo;.vc_custom_1511006756505{padding-right: 20px !important;padding-left: 50px !important;}&raquo;][vc_row_inner][vc_column_inner css=&raquo;.vc_custom_1511006867340{padding-top: 10px !important;padding-right: 0px !important;padding-left: 0px !important;}&raquo;][vc_single_image image=&raquo;7646&#8243; img_size=&raquo;large&raquo; alignment=&raquo;center&raquo;][\/vc_column_inner][\/vc_row_inner][vc_row_inner][vc_column_inner][vc_custom_heading text=&raquo;F3EAD&raquo; font_container=&raquo;tag:h4|text_align:left&raquo; google_fonts=&raquo;font_family:Roboto%3A100%2C100italic%2C300%2C300italic%2Cregular%2Citalic%2C500%2C500italic%2C700%2C700italic%2C900%2C900italic|font_style:400%20regular%3A400%3Anormal&raquo;][\/vc_column_inner][vc_column_inner][vc_column_text] Tiltak inkluderer levering av utstyr for \u00e5 styrke sikkerhetstjenestene til det hellenske politiet ang\u00e5ende innsamling av informasjon og bevis ang\u00e5ende aktiviteten til kriminelle organisasjoner relatert til \u00f8konomisk kriminalitet. &nbsp; Budsjett: \u20ac496 273,75 (80 % EU-bidrag \u2013&hellip;\" \/>\n<meta property=\"og:url\" content=\"https:\/\/ydeap.gr\/no\/f3ead\/\" \/>\n<meta property=\"og:site_name\" content=\"\u03a5\u0394\u0395\u0391\u03a0\" \/>\n<meta property=\"article:modified_time\" content=\"2023-06-16T16:14:07+00:00\" \/>\n<meta property=\"og:image\" content=\"https:\/\/ydeap.gr\/wp-content\/uploads\/2017\/11\/facebook.jpg\" \/>\n<meta name=\"twitter:card\" content=\"summary_large_image\" \/>\n<meta name=\"twitter:label1\" content=\"Ansl. lesetid\" \/>\n\t<meta name=\"twitter:data1\" content=\"1 minutt\" \/>\n<script type=\"application\/ld+json\" class=\"yoast-schema-graph\">{\"@context\":\"https:\/\/schema.org\",\"@graph\":[{\"@type\":\"WebPage\",\"@id\":\"https:\/\/ydeap.gr\/no\/f3ead\/\",\"url\":\"https:\/\/ydeap.gr\/no\/f3ead\/\",\"name\":\"F3EAD - \u03a5\u0394\u0395\u0391\u03a0\",\"isPartOf\":{\"@id\":\"https:\/\/ydeap.gr\/no\/#website\"},\"primaryImageOfPage\":{\"@id\":\"https:\/\/ydeap.gr\/no\/f3ead\/#primaryimage\"},\"image\":{\"@id\":\"https:\/\/ydeap.gr\/no\/f3ead\/#primaryimage\"},\"thumbnailUrl\":\"https:\/\/ydeap.gr\/wp-content\/uploads\/2017\/11\/facebook.jpg\",\"datePublished\":\"2019-02-25T12:46:43+00:00\",\"dateModified\":\"2023-06-16T16:14:07+00:00\",\"breadcrumb\":{\"@id\":\"https:\/\/ydeap.gr\/no\/f3ead\/#breadcrumb\"},\"inLanguage\":\"nb-NO\",\"potentialAction\":[{\"@type\":\"ReadAction\",\"target\":[\"https:\/\/ydeap.gr\/no\/f3ead\/\"]}]},{\"@type\":\"ImageObject\",\"inLanguage\":\"nb-NO\",\"@id\":\"https:\/\/ydeap.gr\/no\/f3ead\/#primaryimage\",\"url\":\"https:\/\/ydeap.gr\/wp-content\/uploads\/2017\/11\/facebook.jpg\",\"contentUrl\":\"https:\/\/ydeap.gr\/wp-content\/uploads\/2017\/11\/facebook.jpg\"},{\"@type\":\"BreadcrumbList\",\"@id\":\"https:\/\/ydeap.gr\/no\/f3ead\/#breadcrumb\",\"itemListElement\":[{\"@type\":\"ListItem\",\"position\":1,\"name\":\"\u0391\u03c1\u03c7\u03b9\u03ba\u03ae\",\"item\":\"https:\/\/ydeap.gr\/no\/\"},{\"@type\":\"ListItem\",\"position\":2,\"name\":\"F3EAD\"}]},{\"@type\":\"WebSite\",\"@id\":\"https:\/\/ydeap.gr\/no\/#website\",\"url\":\"https:\/\/ydeap.gr\/no\/\",\"name\":\"\u03a5\u0394\u0395\u0391\u03a0\",\"description\":\"\u0391\u03a1\u03a7\u0399\u039a\u0397\",\"potentialAction\":[{\"@type\":\"SearchAction\",\"target\":{\"@type\":\"EntryPoint\",\"urlTemplate\":\"https:\/\/ydeap.gr\/no\/?s={search_term_string}\"},\"query-input\":{\"@type\":\"PropertyValueSpecification\",\"valueRequired\":true,\"valueName\":\"search_term_string\"}}],\"inLanguage\":\"nb-NO\"}]}<\/script>\n<!-- \/ Yoast SEO plugin. -->","yoast_head_json":{"title":"F3EAD - \u03a5\u0394\u0395\u0391\u03a0","robots":{"index":"index","follow":"follow","max-snippet":"max-snippet:-1","max-image-preview":"max-image-preview:large","max-video-preview":"max-video-preview:-1"},"canonical":"https:\/\/ydeap.gr\/no\/f3ead\/","og_locale":"nb_NO","og_type":"article","og_title":"F3EAD - \u03a5\u0394\u0395\u0391\u03a0","og_description":"[vc_row][vc_column css=&raquo;.vc_custom_1511006756505{padding-right: 20px !important;padding-left: 50px !important;}&raquo;][vc_row_inner][vc_column_inner css=&raquo;.vc_custom_1511006867340{padding-top: 10px !important;padding-right: 0px !important;padding-left: 0px !important;}&raquo;][vc_single_image image=&raquo;7646&#8243; img_size=&raquo;large&raquo; alignment=&raquo;center&raquo;][\/vc_column_inner][\/vc_row_inner][vc_row_inner][vc_column_inner][vc_custom_heading text=&raquo;F3EAD&raquo; font_container=&raquo;tag:h4|text_align:left&raquo; google_fonts=&raquo;font_family:Roboto%3A100%2C100italic%2C300%2C300italic%2Cregular%2Citalic%2C500%2C500italic%2C700%2C700italic%2C900%2C900italic|font_style:400%20regular%3A400%3Anormal&raquo;][\/vc_column_inner][vc_column_inner][vc_column_text] Tiltak inkluderer levering av utstyr for \u00e5 styrke sikkerhetstjenestene til det hellenske politiet ang\u00e5ende innsamling av informasjon og bevis ang\u00e5ende aktiviteten til kriminelle organisasjoner relatert til \u00f8konomisk kriminalitet. &nbsp; Budsjett: \u20ac496 273,75 (80 % EU-bidrag \u2013&hellip;","og_url":"https:\/\/ydeap.gr\/no\/f3ead\/","og_site_name":"\u03a5\u0394\u0395\u0391\u03a0","article_modified_time":"2023-06-16T16:14:07+00:00","og_image":[{"url":"https:\/\/ydeap.gr\/wp-content\/uploads\/2017\/11\/facebook.jpg","type":"","width":"","height":""}],"twitter_card":"summary_large_image","twitter_misc":{"Ansl. lesetid":"1 minutt"},"schema":{"@context":"https:\/\/schema.org","@graph":[{"@type":"WebPage","@id":"https:\/\/ydeap.gr\/no\/f3ead\/","url":"https:\/\/ydeap.gr\/no\/f3ead\/","name":"F3EAD - \u03a5\u0394\u0395\u0391\u03a0","isPartOf":{"@id":"https:\/\/ydeap.gr\/no\/#website"},"primaryImageOfPage":{"@id":"https:\/\/ydeap.gr\/no\/f3ead\/#primaryimage"},"image":{"@id":"https:\/\/ydeap.gr\/no\/f3ead\/#primaryimage"},"thumbnailUrl":"https:\/\/ydeap.gr\/wp-content\/uploads\/2017\/11\/facebook.jpg","datePublished":"2019-02-25T12:46:43+00:00","dateModified":"2023-06-16T16:14:07+00:00","breadcrumb":{"@id":"https:\/\/ydeap.gr\/no\/f3ead\/#breadcrumb"},"inLanguage":"nb-NO","potentialAction":[{"@type":"ReadAction","target":["https:\/\/ydeap.gr\/no\/f3ead\/"]}]},{"@type":"ImageObject","inLanguage":"nb-NO","@id":"https:\/\/ydeap.gr\/no\/f3ead\/#primaryimage","url":"https:\/\/ydeap.gr\/wp-content\/uploads\/2017\/11\/facebook.jpg","contentUrl":"https:\/\/ydeap.gr\/wp-content\/uploads\/2017\/11\/facebook.jpg"},{"@type":"BreadcrumbList","@id":"https:\/\/ydeap.gr\/no\/f3ead\/#breadcrumb","itemListElement":[{"@type":"ListItem","position":1,"name":"\u0391\u03c1\u03c7\u03b9\u03ba\u03ae","item":"https:\/\/ydeap.gr\/no\/"},{"@type":"ListItem","position":2,"name":"F3EAD"}]},{"@type":"WebSite","@id":"https:\/\/ydeap.gr\/no\/#website","url":"https:\/\/ydeap.gr\/no\/","name":"\u03a5\u0394\u0395\u0391\u03a0","description":"\u0391\u03a1\u03a7\u0399\u039a\u0397","potentialAction":[{"@type":"SearchAction","target":{"@type":"EntryPoint","urlTemplate":"https:\/\/ydeap.gr\/no\/?s={search_term_string}"},"query-input":{"@type":"PropertyValueSpecification","valueRequired":true,"valueName":"search_term_string"}}],"inLanguage":"nb-NO"}]}},"_links":{"self":[{"href":"https:\/\/ydeap.gr\/no\/wp-json\/wp\/v2\/pages\/10124","targetHints":{"allow":["GET"]}}],"collection":[{"href":"https:\/\/ydeap.gr\/no\/wp-json\/wp\/v2\/pages"}],"about":[{"href":"https:\/\/ydeap.gr\/no\/wp-json\/wp\/v2\/types\/page"}],"author":[{"embeddable":true,"href":"https:\/\/ydeap.gr\/no\/wp-json\/wp\/v2\/users\/19"}],"replies":[{"embeddable":true,"href":"https:\/\/ydeap.gr\/no\/wp-json\/wp\/v2\/comments?post=10124"}],"version-history":[{"count":10,"href":"https:\/\/ydeap.gr\/no\/wp-json\/wp\/v2\/pages\/10124\/revisions"}],"predecessor-version":[{"id":10394,"href":"https:\/\/ydeap.gr\/no\/wp-json\/wp\/v2\/pages\/10124\/revisions\/10394"}],"wp:attachment":[{"href":"https:\/\/ydeap.gr\/no\/wp-json\/wp\/v2\/media?parent=10124"}],"curies":[{"name":"wp","href":"https:\/\/api.w.org\/{rel}","templated":true}]}}