{"id":10120,"date":"2019-02-26T13:15:12","date_gmt":"2019-02-26T11:15:12","guid":{"rendered":"https:\/\/ydeap.eu\/ex-e-c-u-t-i-v-e\/"},"modified":"2023-06-16T19:14:07","modified_gmt":"2023-06-16T16:14:07","slug":"ex-e-c-u-t-i-v-e","status":"publish","type":"page","link":"https:\/\/ydeap.gr\/no\/ex-e-c-u-t-i-v-e\/","title":{"rendered":"EX.E.C.U.T.I.V.E."},"content":{"rendered":"<div class=\"wpb-content-wrapper\"><p>[vc_row][vc_column css=&raquo;.vc_custom_1511006756505{padding-right: 20px !important;padding-left: 50px !important;}&raquo;][vc_custom_heading text=&raquo;EXtending and Empowering the Capacity of Digital Evidence Examination through the ProcUremenT of Specialized Hardware and ForensIc Software and ReleVant Trainings of PolicE personnel&raquo; font_container=&raquo;tag:h4|text_align:left&raquo; google_fonts=&raquo;font_family:Roboto%3A100%2C100italic%2C300%2C300italic%2Cregular%2Citalic%2C500%2C500italic%2C700%2C700italic%2C900%2C900italic|font_style:400%20regular%3A400%3Anormal&raquo;][vc_row_inner][vc_column_inner][vc_column_text]<\/p>\n<div id=\"nitro_custom_css_618519267\" class=\"nitro-dropcaps \">Denne aksjonen gjelder levering av spesialutstyr og programvare for \u00e5 styrke mulighetene for laboratorieunders\u00f8kelse av beslaglagte digitale bevis knyttet til \u00f8konomisk kriminalitet. I denne aksjonen er hovedmottakeren Direktoratet for kriminalomsorg \/ A.E.A. som p\u00e5 grunn av sin natur er den materielt ansvarlige avdelingen til det greske politihovedkvarteret for \u00e5 utf\u00f8re alle n\u00f8dvendige laboratorietester p\u00e5 bevis for kriminelle handlinger, og spesielt, for den aktuelle handlingen, unders\u00f8kelse av konfiskert digitalt bevis knyttet til \u00f8konomisk kriminalitet som gitt sin posisjon, brukes Hellas som en viktig rute for smuglere til landene i Nord-Europa.<\/div>\n<div class=\"wpb_text_column wpb_content_element \">\n<div class=\"wpb_wrapper\">\n<p><strong><u>Budsjett: <\/u><\/strong>\u20ac341 137,00 (80 % EU-bidrag \u2013 20 % statsbidrag \u2013 moms ikke inkludert)<\/p>\n<p><strong><u>Varighet<\/u><\/strong><strong><u>:<\/u><\/strong> 18 m\u00e5neder (utl\u00f8per 30.06.2020)<\/p>\n<\/div>\n<\/div>\n<p>[\/vc_column_text][\/vc_column_inner][\/vc_row_inner][\/vc_column][\/vc_row][vc_row css=&raquo;.vc_custom_1510087190400{margin-top: -90px !important;}&raquo;][vc_column][vc_single_image image=&raquo;7124&#8243; img_size=&raquo;full&raquo; alignment=&raquo;center&raquo;][\/vc_column][\/vc_row]<\/p>\n<\/div>","protected":false},"excerpt":{"rendered":"<p>[vc_row][vc_column css=&raquo;.vc_custom_1511006756505{padding-right: 20px !important;padding-left: 50px !important;}&raquo;][vc_custom_heading text=&raquo;EXtending and Empowering the Capacity of Digital Evidence Examination through the ProcUremenT of Specialized Hardware and ForensIc Software and ReleVant Trainings of PolicE personnel&raquo; font_container=&raquo;tag:h4|text_align:left&raquo; google_fonts=&raquo;font_family:Roboto%3A100%2C100italic%2C300%2C300italic%2Cregular%2Citalic%2C500%2C500italic%2C700%2C700italic%2C900%2C900italic|font_style:400%20regular%3A400%3Anormal&raquo;][vc_row_inner][vc_column_inner][vc_column_text] Denne aksjonen gjelder levering av spesialutstyr og programvare for \u00e5 styrke mulighetene for laboratorieunders\u00f8kelse av beslaglagte digitale bevis knyttet til \u00f8konomisk kriminalitet. I&hellip;<\/p>\n","protected":false},"author":19,"featured_media":0,"parent":0,"menu_order":0,"comment_status":"closed","ping_status":"closed","template":"","meta":{"footnotes":""},"class_list":["post-10120","page","type-page","status-publish","hentry","description-off"],"yoast_head":"<!-- This site is optimized with the Yoast SEO plugin v26.9 - https:\/\/yoast.com\/product\/yoast-seo-wordpress\/ -->\n<title>EX.E.C.U.T.I.V.E. - \u03a5\u0394\u0395\u0391\u03a0<\/title>\n<meta name=\"robots\" content=\"index, follow, max-snippet:-1, max-image-preview:large, max-video-preview:-1\" \/>\n<link rel=\"canonical\" href=\"https:\/\/ydeap.gr\/no\/ex-e-c-u-t-i-v-e\/\" \/>\n<meta property=\"og:locale\" content=\"nb_NO\" \/>\n<meta property=\"og:type\" content=\"article\" \/>\n<meta property=\"og:title\" content=\"EX.E.C.U.T.I.V.E. - \u03a5\u0394\u0395\u0391\u03a0\" \/>\n<meta property=\"og:description\" content=\"[vc_row][vc_column css=&raquo;.vc_custom_1511006756505{padding-right: 20px !important;padding-left: 50px !important;}&raquo;][vc_custom_heading text=&raquo;EXtending and Empowering the Capacity of Digital Evidence Examination through the ProcUremenT of Specialized Hardware and ForensIc Software and ReleVant Trainings of PolicE personnel&raquo; font_container=&raquo;tag:h4|text_align:left&raquo; google_fonts=&raquo;font_family:Roboto%3A100%2C100italic%2C300%2C300italic%2Cregular%2Citalic%2C500%2C500italic%2C700%2C700italic%2C900%2C900italic|font_style:400%20regular%3A400%3Anormal&raquo;][vc_row_inner][vc_column_inner][vc_column_text] Denne aksjonen gjelder levering av spesialutstyr og programvare for \u00e5 styrke mulighetene for laboratorieunders\u00f8kelse av beslaglagte digitale bevis knyttet til \u00f8konomisk kriminalitet. I&hellip;\" \/>\n<meta property=\"og:url\" content=\"https:\/\/ydeap.gr\/no\/ex-e-c-u-t-i-v-e\/\" \/>\n<meta property=\"og:site_name\" content=\"\u03a5\u0394\u0395\u0391\u03a0\" \/>\n<meta property=\"article:modified_time\" content=\"2023-06-16T16:14:07+00:00\" \/>\n<meta name=\"twitter:card\" content=\"summary_large_image\" \/>\n<meta name=\"twitter:label1\" content=\"Ansl. lesetid\" \/>\n\t<meta name=\"twitter:data1\" content=\"1 minutt\" \/>\n<script type=\"application\/ld+json\" class=\"yoast-schema-graph\">{\"@context\":\"https:\/\/schema.org\",\"@graph\":[{\"@type\":\"WebPage\",\"@id\":\"https:\/\/ydeap.gr\/no\/ex-e-c-u-t-i-v-e\/\",\"url\":\"https:\/\/ydeap.gr\/no\/ex-e-c-u-t-i-v-e\/\",\"name\":\"EX.E.C.U.T.I.V.E. - \u03a5\u0394\u0395\u0391\u03a0\",\"isPartOf\":{\"@id\":\"https:\/\/ydeap.gr\/no\/#website\"},\"datePublished\":\"2019-02-26T11:15:12+00:00\",\"dateModified\":\"2023-06-16T16:14:07+00:00\",\"breadcrumb\":{\"@id\":\"https:\/\/ydeap.gr\/no\/ex-e-c-u-t-i-v-e\/#breadcrumb\"},\"inLanguage\":\"nb-NO\",\"potentialAction\":[{\"@type\":\"ReadAction\",\"target\":[\"https:\/\/ydeap.gr\/no\/ex-e-c-u-t-i-v-e\/\"]}]},{\"@type\":\"BreadcrumbList\",\"@id\":\"https:\/\/ydeap.gr\/no\/ex-e-c-u-t-i-v-e\/#breadcrumb\",\"itemListElement\":[{\"@type\":\"ListItem\",\"position\":1,\"name\":\"\u0391\u03c1\u03c7\u03b9\u03ba\u03ae\",\"item\":\"https:\/\/ydeap.gr\/no\/\"},{\"@type\":\"ListItem\",\"position\":2,\"name\":\"EX.E.C.U.T.I.V.E.\"}]},{\"@type\":\"WebSite\",\"@id\":\"https:\/\/ydeap.gr\/no\/#website\",\"url\":\"https:\/\/ydeap.gr\/no\/\",\"name\":\"\u03a5\u0394\u0395\u0391\u03a0\",\"description\":\"\u0391\u03a1\u03a7\u0399\u039a\u0397\",\"potentialAction\":[{\"@type\":\"SearchAction\",\"target\":{\"@type\":\"EntryPoint\",\"urlTemplate\":\"https:\/\/ydeap.gr\/no\/?s={search_term_string}\"},\"query-input\":{\"@type\":\"PropertyValueSpecification\",\"valueRequired\":true,\"valueName\":\"search_term_string\"}}],\"inLanguage\":\"nb-NO\"}]}<\/script>\n<!-- \/ Yoast SEO plugin. -->","yoast_head_json":{"title":"EX.E.C.U.T.I.V.E. - \u03a5\u0394\u0395\u0391\u03a0","robots":{"index":"index","follow":"follow","max-snippet":"max-snippet:-1","max-image-preview":"max-image-preview:large","max-video-preview":"max-video-preview:-1"},"canonical":"https:\/\/ydeap.gr\/no\/ex-e-c-u-t-i-v-e\/","og_locale":"nb_NO","og_type":"article","og_title":"EX.E.C.U.T.I.V.E. - \u03a5\u0394\u0395\u0391\u03a0","og_description":"[vc_row][vc_column css=&raquo;.vc_custom_1511006756505{padding-right: 20px !important;padding-left: 50px !important;}&raquo;][vc_custom_heading text=&raquo;EXtending and Empowering the Capacity of Digital Evidence Examination through the ProcUremenT of Specialized Hardware and ForensIc Software and ReleVant Trainings of PolicE personnel&raquo; font_container=&raquo;tag:h4|text_align:left&raquo; google_fonts=&raquo;font_family:Roboto%3A100%2C100italic%2C300%2C300italic%2Cregular%2Citalic%2C500%2C500italic%2C700%2C700italic%2C900%2C900italic|font_style:400%20regular%3A400%3Anormal&raquo;][vc_row_inner][vc_column_inner][vc_column_text] Denne aksjonen gjelder levering av spesialutstyr og programvare for \u00e5 styrke mulighetene for laboratorieunders\u00f8kelse av beslaglagte digitale bevis knyttet til \u00f8konomisk kriminalitet. I&hellip;","og_url":"https:\/\/ydeap.gr\/no\/ex-e-c-u-t-i-v-e\/","og_site_name":"\u03a5\u0394\u0395\u0391\u03a0","article_modified_time":"2023-06-16T16:14:07+00:00","twitter_card":"summary_large_image","twitter_misc":{"Ansl. lesetid":"1 minutt"},"schema":{"@context":"https:\/\/schema.org","@graph":[{"@type":"WebPage","@id":"https:\/\/ydeap.gr\/no\/ex-e-c-u-t-i-v-e\/","url":"https:\/\/ydeap.gr\/no\/ex-e-c-u-t-i-v-e\/","name":"EX.E.C.U.T.I.V.E. - \u03a5\u0394\u0395\u0391\u03a0","isPartOf":{"@id":"https:\/\/ydeap.gr\/no\/#website"},"datePublished":"2019-02-26T11:15:12+00:00","dateModified":"2023-06-16T16:14:07+00:00","breadcrumb":{"@id":"https:\/\/ydeap.gr\/no\/ex-e-c-u-t-i-v-e\/#breadcrumb"},"inLanguage":"nb-NO","potentialAction":[{"@type":"ReadAction","target":["https:\/\/ydeap.gr\/no\/ex-e-c-u-t-i-v-e\/"]}]},{"@type":"BreadcrumbList","@id":"https:\/\/ydeap.gr\/no\/ex-e-c-u-t-i-v-e\/#breadcrumb","itemListElement":[{"@type":"ListItem","position":1,"name":"\u0391\u03c1\u03c7\u03b9\u03ba\u03ae","item":"https:\/\/ydeap.gr\/no\/"},{"@type":"ListItem","position":2,"name":"EX.E.C.U.T.I.V.E."}]},{"@type":"WebSite","@id":"https:\/\/ydeap.gr\/no\/#website","url":"https:\/\/ydeap.gr\/no\/","name":"\u03a5\u0394\u0395\u0391\u03a0","description":"\u0391\u03a1\u03a7\u0399\u039a\u0397","potentialAction":[{"@type":"SearchAction","target":{"@type":"EntryPoint","urlTemplate":"https:\/\/ydeap.gr\/no\/?s={search_term_string}"},"query-input":{"@type":"PropertyValueSpecification","valueRequired":true,"valueName":"search_term_string"}}],"inLanguage":"nb-NO"}]}},"_links":{"self":[{"href":"https:\/\/ydeap.gr\/no\/wp-json\/wp\/v2\/pages\/10120","targetHints":{"allow":["GET"]}}],"collection":[{"href":"https:\/\/ydeap.gr\/no\/wp-json\/wp\/v2\/pages"}],"about":[{"href":"https:\/\/ydeap.gr\/no\/wp-json\/wp\/v2\/types\/page"}],"author":[{"embeddable":true,"href":"https:\/\/ydeap.gr\/no\/wp-json\/wp\/v2\/users\/19"}],"replies":[{"embeddable":true,"href":"https:\/\/ydeap.gr\/no\/wp-json\/wp\/v2\/comments?post=10120"}],"version-history":[{"count":7,"href":"https:\/\/ydeap.gr\/no\/wp-json\/wp\/v2\/pages\/10120\/revisions"}],"predecessor-version":[{"id":10392,"href":"https:\/\/ydeap.gr\/no\/wp-json\/wp\/v2\/pages\/10120\/revisions\/10392"}],"wp:attachment":[{"href":"https:\/\/ydeap.gr\/no\/wp-json\/wp\/v2\/media?parent=10120"}],"curies":[{"name":"wp","href":"https:\/\/api.w.org\/{rel}","templated":true}]}}