{"id":10116,"date":"2019-02-26T13:27:05","date_gmt":"2019-02-26T11:27:05","guid":{"rendered":"https:\/\/ydeap.eu\/p-r-inc-e\/"},"modified":"2023-06-16T19:14:07","modified_gmt":"2023-06-16T16:14:07","slug":"p-r-inc-e","status":"publish","type":"page","link":"https:\/\/ydeap.gr\/no\/p-r-inc-e\/","title":{"rendered":"P.R.INC.E."},"content":{"rendered":"<div class=\"wpb-content-wrapper\"><p>[vc_row][vc_column css=&raquo;.vc_custom_1511006756505{padding-right: 20px !important;padding-left: 50px !important;}&raquo;][vc_row_inner][vc_column_inner][vc_custom_heading text=&raquo;Beredskap og respons for CBRNE-hendelser&raquo; font_container=&raquo;tag:h4|text_align:left&raquo; google_fonts=&raquo;font_family:Roboto%3A100%2C100italic%2C300%2C300italic%2Cregular%2Citalic%2C500%2C500italic%2C700%2C700italic%2C900%2C900italic|font_style:400%20regular%3A400%3Anormal&raquo;][vc_column_text]<span class=\"big tc no-bg fl fwb bs-50\">Denne<\/span> handlingen refererer til styrking av byr\u00e5ene, direkte eller indirekte, i m\u00f8te med CBRN-E-trusler, og har som sitt endelige m\u00e5l utvikling av utdannings- og etterutdanningsprogrammer, til fordel for de ansatte i de viktigste involverte Sikkerhets- og Sivilbeskyttelsesmyndigheter s\u00e5 vel som andre byr\u00e5er i landet<br \/>\nByr\u00e5ene som deltar i aksjonen er f\u00f8lgende:[\/vc_column_text][vc_single_image image=&raquo;8136&#8243; img_size=&raquo;full&raquo; css=&raquo;.vc_custom_1657866078924{margin-top: 15px !important;margin-bottom: 15px !important;}&raquo;][vc_column_text]Gjennomf\u00f8ringen av aksjonen vil gi den en europeisk karakter ettersom den inkluderer et oppl\u00e6ringsprogram for f\u00f8rstehjelpere (First Responders) av organene i landene som deltar i aksjonen, samt gjennomf\u00f8ring av \u00f8velser, et radiologisk angrep i det historiske sentrum av aksjonen. Athen i Hellas og et kjemisk angrep i Porto i Portugal<\/p>\n<p>Det inkluderer ogs\u00e5 anskaffelse av spesialutstyr og kombinerer klasseroms- og felttrening i simulerte og realistiske situasjoner. \u00d8velsen i felt kombinerer kapasiteter som kan yte maksimalt i \u00e5 h\u00e5ndtere slike trusler.<\/p>\n<p><strong><u>Budsjett: <\/u><\/strong>\u20ac 2 875 646,40 (90 % EU-bidrag \u2013 10 % statsbidrag \u2013 mva ikke inkludert)<\/p>\n<p><strong><u>Varighet<\/u><\/strong><strong><u>:<\/u><\/strong> 36 m\u00e5neder (utl\u00f8per 01.01.2022)[\/vc_column_text][vc_column_text css=&raquo;.vc_custom_1657866297057{margin-top: -30px !important;}&raquo;]<\/p>\n<ul>\n<li><a href=\"https:\/\/ydeap.gr\/nea-anakinosis\/6038\/\">PRINS &#8211; 1. \u00f8velse ved Lisboa marinebase i Almada<\/a><\/li>\n<li><a href=\"https:\/\/ydeap.gr\/nea-anakinosis\/ekpaideusi-ergou-prince\/\">PRINCE PROSJEKTTRENING<\/a><\/li>\n<li><a href=\"https:\/\/ydeap.gr\/nea-anakinosis\/theoritiki-kai-praktiki-ekpaideysi-proton-antapokriton-se-chvrp-peristatika\/\">Teoretisk og praktisk oppl\u00e6ring av f\u00f8rstehjelpere i CBRN-hendelser<\/a><\/li>\n<\/ul>\n<p>[\/vc_column_text][\/vc_column_inner][\/vc_row_inner][\/vc_column][\/vc_row][vc_row css=&raquo;.vc_custom_1510087190400{margin-top: -90px !important;}&raquo;][vc_column][vc_single_image image=&raquo;7124&#8243; img_size=&raquo;full&raquo; alignment=&raquo;center&raquo;][vc_custom_heading text=&raquo;F\u00d8LG OSS HER&raquo; font_container=&raquo;tag:h2|font_size:12|text_align:center|color:%236087a2|line_height:1&#8243; google_fonts=&raquo;font_family:Open%20Sans%3A300%2C300italic%2Cregular%2Citalic%2C600%2C600italic%2C700%2C700italic%2C800%2C800italic|font_style:400%20regular%3A400%3Anormal&raquo;][vc_column_text]<\/p>\n<p style=\"text-align: center;\"><img loading=\"lazy\" decoding=\"async\" class=\"alignnone size-full wp-image-306\" src=\"https:\/\/ydeap.gr\/wp-content\/uploads\/2017\/11\/facebook.jpg\" alt=\"\" width=\"8\" height=\"18\">   <img loading=\"lazy\" decoding=\"async\" class=\"alignnone size-full wp-image-307\" src=\"https:\/\/ydeap.gr\/wp-content\/uploads\/2017\/11\/twiter-logo.png\" alt=\"\" width=\"18\" height=\"15\">  <img loading=\"lazy\" decoding=\"async\" class=\"alignnone size-full wp-image-311\" src=\"https:\/\/ydeap.gr\/wp-content\/uploads\/2017\/11\/in-logo.png\" alt=\"\" width=\"21\" height=\"18\"><\/p>\n<p>[\/vc_column_text][\/vc_column][\/vc_row]<\/p>\n<\/div>","protected":false},"excerpt":{"rendered":"<p>[vc_row][vc_column css=&raquo;.vc_custom_1511006756505{padding-right: 20px !important;padding-left: 50px !important;}&raquo;][vc_row_inner][vc_column_inner][vc_custom_heading text=&raquo;Beredskap og respons for CBRNE-hendelser&raquo; font_container=&raquo;tag:h4|text_align:left&raquo; google_fonts=&raquo;font_family:Roboto%3A100%2C100italic%2C300%2C300italic%2Cregular%2Citalic%2C500%2C500italic%2C700%2C700italic%2C900%2C900italic|font_style:400%20regular%3A400%3Anormal&raquo;][vc_column_text]Denne handlingen refererer til styrking av byr\u00e5ene, direkte eller indirekte, i m\u00f8te med CBRN-E-trusler, og har som sitt endelige m\u00e5l utvikling av utdannings- og etterutdanningsprogrammer, til fordel for de ansatte i de viktigste involverte Sikkerhets- og Sivilbeskyttelsesmyndigheter s\u00e5 vel som andre byr\u00e5er i&hellip;<\/p>\n","protected":false},"author":19,"featured_media":0,"parent":0,"menu_order":0,"comment_status":"closed","ping_status":"closed","template":"","meta":{"footnotes":""},"class_list":["post-10116","page","type-page","status-publish","hentry","description-off"],"yoast_head":"<!-- This site is optimized with the Yoast SEO plugin v26.9 - https:\/\/yoast.com\/product\/yoast-seo-wordpress\/ -->\n<title>P.R.INC.E. - \u03a5\u0394\u0395\u0391\u03a0<\/title>\n<meta name=\"robots\" content=\"index, follow, max-snippet:-1, max-image-preview:large, max-video-preview:-1\" \/>\n<link rel=\"canonical\" href=\"https:\/\/ydeap.gr\/no\/p-r-inc-e\/\" \/>\n<meta property=\"og:locale\" content=\"nb_NO\" \/>\n<meta property=\"og:type\" content=\"article\" \/>\n<meta property=\"og:title\" content=\"P.R.INC.E. - \u03a5\u0394\u0395\u0391\u03a0\" \/>\n<meta property=\"og:description\" content=\"[vc_row][vc_column css=&raquo;.vc_custom_1511006756505{padding-right: 20px !important;padding-left: 50px !important;}&raquo;][vc_row_inner][vc_column_inner][vc_custom_heading text=&raquo;Beredskap og respons for CBRNE-hendelser&raquo; font_container=&raquo;tag:h4|text_align:left&raquo; google_fonts=&raquo;font_family:Roboto%3A100%2C100italic%2C300%2C300italic%2Cregular%2Citalic%2C500%2C500italic%2C700%2C700italic%2C900%2C900italic|font_style:400%20regular%3A400%3Anormal&raquo;][vc_column_text]Denne handlingen refererer til styrking av byr\u00e5ene, direkte eller indirekte, i m\u00f8te med CBRN-E-trusler, og har som sitt endelige m\u00e5l utvikling av utdannings- og etterutdanningsprogrammer, til fordel for de ansatte i de viktigste involverte Sikkerhets- og Sivilbeskyttelsesmyndigheter s\u00e5 vel som andre byr\u00e5er i&hellip;\" \/>\n<meta property=\"og:url\" content=\"https:\/\/ydeap.gr\/no\/p-r-inc-e\/\" \/>\n<meta property=\"og:site_name\" content=\"\u03a5\u0394\u0395\u0391\u03a0\" \/>\n<meta property=\"article:modified_time\" content=\"2023-06-16T16:14:07+00:00\" \/>\n<meta property=\"og:image\" content=\"https:\/\/ydeap.gr\/wp-content\/uploads\/2017\/11\/facebook.jpg\" \/>\n<meta name=\"twitter:card\" content=\"summary_large_image\" \/>\n<meta name=\"twitter:label1\" content=\"Ansl. lesetid\" \/>\n\t<meta name=\"twitter:data1\" content=\"2 minutter\" \/>\n<script type=\"application\/ld+json\" class=\"yoast-schema-graph\">{\"@context\":\"https:\/\/schema.org\",\"@graph\":[{\"@type\":\"WebPage\",\"@id\":\"https:\/\/ydeap.gr\/no\/p-r-inc-e\/\",\"url\":\"https:\/\/ydeap.gr\/no\/p-r-inc-e\/\",\"name\":\"P.R.INC.E. - \u03a5\u0394\u0395\u0391\u03a0\",\"isPartOf\":{\"@id\":\"https:\/\/ydeap.gr\/no\/#website\"},\"primaryImageOfPage\":{\"@id\":\"https:\/\/ydeap.gr\/no\/p-r-inc-e\/#primaryimage\"},\"image\":{\"@id\":\"https:\/\/ydeap.gr\/no\/p-r-inc-e\/#primaryimage\"},\"thumbnailUrl\":\"https:\/\/ydeap.gr\/wp-content\/uploads\/2017\/11\/facebook.jpg\",\"datePublished\":\"2019-02-26T11:27:05+00:00\",\"dateModified\":\"2023-06-16T16:14:07+00:00\",\"breadcrumb\":{\"@id\":\"https:\/\/ydeap.gr\/no\/p-r-inc-e\/#breadcrumb\"},\"inLanguage\":\"nb-NO\",\"potentialAction\":[{\"@type\":\"ReadAction\",\"target\":[\"https:\/\/ydeap.gr\/no\/p-r-inc-e\/\"]}]},{\"@type\":\"ImageObject\",\"inLanguage\":\"nb-NO\",\"@id\":\"https:\/\/ydeap.gr\/no\/p-r-inc-e\/#primaryimage\",\"url\":\"https:\/\/ydeap.gr\/wp-content\/uploads\/2017\/11\/facebook.jpg\",\"contentUrl\":\"https:\/\/ydeap.gr\/wp-content\/uploads\/2017\/11\/facebook.jpg\"},{\"@type\":\"BreadcrumbList\",\"@id\":\"https:\/\/ydeap.gr\/no\/p-r-inc-e\/#breadcrumb\",\"itemListElement\":[{\"@type\":\"ListItem\",\"position\":1,\"name\":\"\u0391\u03c1\u03c7\u03b9\u03ba\u03ae\",\"item\":\"https:\/\/ydeap.gr\/no\/\"},{\"@type\":\"ListItem\",\"position\":2,\"name\":\"P.R.INC.E.\"}]},{\"@type\":\"WebSite\",\"@id\":\"https:\/\/ydeap.gr\/no\/#website\",\"url\":\"https:\/\/ydeap.gr\/no\/\",\"name\":\"\u03a5\u0394\u0395\u0391\u03a0\",\"description\":\"\u0391\u03a1\u03a7\u0399\u039a\u0397\",\"potentialAction\":[{\"@type\":\"SearchAction\",\"target\":{\"@type\":\"EntryPoint\",\"urlTemplate\":\"https:\/\/ydeap.gr\/no\/?s={search_term_string}\"},\"query-input\":{\"@type\":\"PropertyValueSpecification\",\"valueRequired\":true,\"valueName\":\"search_term_string\"}}],\"inLanguage\":\"nb-NO\"}]}<\/script>\n<!-- \/ Yoast SEO plugin. -->","yoast_head_json":{"title":"P.R.INC.E. - \u03a5\u0394\u0395\u0391\u03a0","robots":{"index":"index","follow":"follow","max-snippet":"max-snippet:-1","max-image-preview":"max-image-preview:large","max-video-preview":"max-video-preview:-1"},"canonical":"https:\/\/ydeap.gr\/no\/p-r-inc-e\/","og_locale":"nb_NO","og_type":"article","og_title":"P.R.INC.E. - \u03a5\u0394\u0395\u0391\u03a0","og_description":"[vc_row][vc_column css=&raquo;.vc_custom_1511006756505{padding-right: 20px !important;padding-left: 50px !important;}&raquo;][vc_row_inner][vc_column_inner][vc_custom_heading text=&raquo;Beredskap og respons for CBRNE-hendelser&raquo; font_container=&raquo;tag:h4|text_align:left&raquo; google_fonts=&raquo;font_family:Roboto%3A100%2C100italic%2C300%2C300italic%2Cregular%2Citalic%2C500%2C500italic%2C700%2C700italic%2C900%2C900italic|font_style:400%20regular%3A400%3Anormal&raquo;][vc_column_text]Denne handlingen refererer til styrking av byr\u00e5ene, direkte eller indirekte, i m\u00f8te med CBRN-E-trusler, og har som sitt endelige m\u00e5l utvikling av utdannings- og etterutdanningsprogrammer, til fordel for de ansatte i de viktigste involverte Sikkerhets- og Sivilbeskyttelsesmyndigheter s\u00e5 vel som andre byr\u00e5er i&hellip;","og_url":"https:\/\/ydeap.gr\/no\/p-r-inc-e\/","og_site_name":"\u03a5\u0394\u0395\u0391\u03a0","article_modified_time":"2023-06-16T16:14:07+00:00","og_image":[{"url":"https:\/\/ydeap.gr\/wp-content\/uploads\/2017\/11\/facebook.jpg","type":"","width":"","height":""}],"twitter_card":"summary_large_image","twitter_misc":{"Ansl. lesetid":"2 minutter"},"schema":{"@context":"https:\/\/schema.org","@graph":[{"@type":"WebPage","@id":"https:\/\/ydeap.gr\/no\/p-r-inc-e\/","url":"https:\/\/ydeap.gr\/no\/p-r-inc-e\/","name":"P.R.INC.E. - \u03a5\u0394\u0395\u0391\u03a0","isPartOf":{"@id":"https:\/\/ydeap.gr\/no\/#website"},"primaryImageOfPage":{"@id":"https:\/\/ydeap.gr\/no\/p-r-inc-e\/#primaryimage"},"image":{"@id":"https:\/\/ydeap.gr\/no\/p-r-inc-e\/#primaryimage"},"thumbnailUrl":"https:\/\/ydeap.gr\/wp-content\/uploads\/2017\/11\/facebook.jpg","datePublished":"2019-02-26T11:27:05+00:00","dateModified":"2023-06-16T16:14:07+00:00","breadcrumb":{"@id":"https:\/\/ydeap.gr\/no\/p-r-inc-e\/#breadcrumb"},"inLanguage":"nb-NO","potentialAction":[{"@type":"ReadAction","target":["https:\/\/ydeap.gr\/no\/p-r-inc-e\/"]}]},{"@type":"ImageObject","inLanguage":"nb-NO","@id":"https:\/\/ydeap.gr\/no\/p-r-inc-e\/#primaryimage","url":"https:\/\/ydeap.gr\/wp-content\/uploads\/2017\/11\/facebook.jpg","contentUrl":"https:\/\/ydeap.gr\/wp-content\/uploads\/2017\/11\/facebook.jpg"},{"@type":"BreadcrumbList","@id":"https:\/\/ydeap.gr\/no\/p-r-inc-e\/#breadcrumb","itemListElement":[{"@type":"ListItem","position":1,"name":"\u0391\u03c1\u03c7\u03b9\u03ba\u03ae","item":"https:\/\/ydeap.gr\/no\/"},{"@type":"ListItem","position":2,"name":"P.R.INC.E."}]},{"@type":"WebSite","@id":"https:\/\/ydeap.gr\/no\/#website","url":"https:\/\/ydeap.gr\/no\/","name":"\u03a5\u0394\u0395\u0391\u03a0","description":"\u0391\u03a1\u03a7\u0399\u039a\u0397","potentialAction":[{"@type":"SearchAction","target":{"@type":"EntryPoint","urlTemplate":"https:\/\/ydeap.gr\/no\/?s={search_term_string}"},"query-input":{"@type":"PropertyValueSpecification","valueRequired":true,"valueName":"search_term_string"}}],"inLanguage":"nb-NO"}]}},"_links":{"self":[{"href":"https:\/\/ydeap.gr\/no\/wp-json\/wp\/v2\/pages\/10116","targetHints":{"allow":["GET"]}}],"collection":[{"href":"https:\/\/ydeap.gr\/no\/wp-json\/wp\/v2\/pages"}],"about":[{"href":"https:\/\/ydeap.gr\/no\/wp-json\/wp\/v2\/types\/page"}],"author":[{"embeddable":true,"href":"https:\/\/ydeap.gr\/no\/wp-json\/wp\/v2\/users\/19"}],"replies":[{"embeddable":true,"href":"https:\/\/ydeap.gr\/no\/wp-json\/wp\/v2\/comments?post=10116"}],"version-history":[{"count":7,"href":"https:\/\/ydeap.gr\/no\/wp-json\/wp\/v2\/pages\/10116\/revisions"}],"predecessor-version":[{"id":10391,"href":"https:\/\/ydeap.gr\/no\/wp-json\/wp\/v2\/pages\/10116\/revisions\/10391"}],"wp:attachment":[{"href":"https:\/\/ydeap.gr\/no\/wp-json\/wp\/v2\/media?parent=10116"}],"curies":[{"name":"wp","href":"https:\/\/api.w.org\/{rel}","templated":true}]}}