{"id":10111,"date":"2019-02-26T12:59:57","date_gmt":"2019-02-26T10:59:57","guid":{"rendered":"https:\/\/ydeap.eu\/he-f-e-st-o-s\/"},"modified":"2023-06-16T19:14:07","modified_gmt":"2023-06-16T16:14:07","slug":"he-f-e-st-o-s","status":"publish","type":"page","link":"https:\/\/ydeap.gr\/no\/he-f-e-st-o-s\/","title":{"rendered":"HE.F.E.ST.O.S."},"content":{"rendered":"<div class=\"wpb-content-wrapper\"><p>[vc_row][vc_column css=&raquo;.vc_custom_1511006756505{padding-right: 20px !important;padding-left: 50px !important;}&raquo;][vc_custom_heading text=&raquo;Hellensk anti-svindelutstyr og relevant oppl\u00e6ring for \u00e5 styrke operasjonsevnen mot smugling&raquo; font_container=&raquo;tag:h4|text_align:left&raquo; google_fonts=&raquo;font_family:Roboto%3A100%2C100italic%2C300%2C300italic%2Cregular%2Citalic%2C500%2C500italic%2C700%2C700italic%2C900%2C900italic|font_style:400%20regular%3A400%3Anormal&raquo;][vc_row_inner][vc_column_inner][vc_column_text]<span class=\"big tc no-bg fl fwb bs-50\">&#8211;<\/span> Hellas, p\u00e5 grunn av sin geografiske beliggenhet og omfattende land- og sj\u00f8grenser, som forbinder det \u00f8stlige Middelhavet med Sentral-Europa, er ogs\u00e5 et knutepunkt for smugling av ulovlige varer (tobakk, forfalskede produkter, hvitvasking av penger, narkotikasmugling, v\u00e5pen og alkoholholdige drikkevarer) som menneskehandel.[\/vc_column_text][\/vc_column_inner][\/vc_row_inner][vc_row_inner css=&raquo;.vc_custom_1511007657032{margin-top: 50px !important;}&raquo;][vc_column_inner][vc_column_text css=&raquo;.vc_custom_1551180922288{margin-top: 20px !important;}&raquo;]Ulovlig produktsmugling koster EU og Hellas millioner av euro per \u00e5r, gjennom tapte skatteinntekter, et tap som belaster europeiske skattebetalere, samtidig som det frar\u00f8ver jobber fra den legitime forsyningskjeden.<\/p>\n<p>Det greske politiet og den greske kystvakten, som rettsh\u00e5ndhevende myndigheter, i samarbeid med nasjonale og internasjonale p\u00e5talemyndigheter, m\u00e5 ha spesialisert og teknisk avansert utstyr med parallell oppl\u00e6ring av sitt personell, med sikte p\u00e5 \u00e5 bekjempe organiserte nettverk og ulovlig handel med varer.<\/p>\n<p>Prosjektet dreier seg spesielt om:<\/p>\n<p>\u0391. Levering av b\u00e6rbare r\u00f8ntgenapparater og oppl\u00e6ring av operat\u00f8rer til \u00e5 inspisere containere og kj\u00f8ret\u00f8y ved landets inn-\/utgangsporter.<\/p>\n<p>B. Tilveiebringelse av ubemannede luftfart\u00f8yer (droner), med doble dag- og nattkameraer og oppl\u00e6ring av operat\u00f8rer til \u00e5 observere m\u00e5l p\u00e5 vei- og maritime nettverk samt i landlige omr\u00e5der.<\/p>\n<p>C. Tilveiebringelse av politihunder for avsl\u00f8ring av ulovlige tobakksprodukter og pengesedler, inkludert deres oppl\u00e6ring og oppl\u00e6ring av deres f\u00f8rere.<\/p>\n<p>D. Felles (reell) \u00f8velse mellom involverte Tjenester og formidlingsaktiviteter (workshop).<\/p>\n<p><strong><u>Budsjett: <\/u><\/strong>\u20ac 577 200,00 (80 % EU-bidrag \u2013 20 % statsbidrag \u2013 mva ikke inkludert)<\/p>\n<p><strong><u>Varighet<\/u><\/strong><strong><u>:<\/u><\/strong> 18 m\u00e5neder (utl\u00f8per 30.06.2020)[\/vc_column_text][\/vc_column_inner][\/vc_row_inner][\/vc_column][\/vc_row][vc_row css=&raquo;.vc_custom_1510087190400{margin-top: -90px !important;}&raquo;][vc_column][vc_single_image image=&raquo;7124&#8243; img_size=&raquo;full&raquo; alignment=&raquo;center&raquo;][vc_custom_heading text=&raquo;F\u00d8LG OSS HER&raquo; font_container=&raquo;tag:h2|font_size:12|text_align:center|color:%236087a2|line_height:1&#8243; google_fonts=&raquo;font_family:Open%20Sans%3A300%2C300italic%2Cregular%2Citalic%2C600%2C600italic%2C700%2C700italic%2C800%2C800italic|font_style:400%20regular%3A400%3Anormal&raquo;][vc_column_text]<\/p>\n<p style=\"text-align: center;\"><img loading=\"lazy\" decoding=\"async\" class=\"alignnone size-full wp-image-306\" src=\"https:\/\/ydeap.gr\/wp-content\/uploads\/2017\/11\/facebook.jpg\" alt=\"\" width=\"8\" height=\"18\">   <img loading=\"lazy\" decoding=\"async\" class=\"alignnone size-full wp-image-307\" src=\"https:\/\/ydeap.gr\/wp-content\/uploads\/2017\/11\/twiter-logo.png\" alt=\"\" width=\"18\" height=\"15\">  <img loading=\"lazy\" decoding=\"async\" class=\"alignnone size-full wp-image-311\" src=\"https:\/\/ydeap.gr\/wp-content\/uploads\/2017\/11\/in-logo.png\" alt=\"\" width=\"21\" height=\"18\"><\/p>\n<p>[\/vc_column_text][\/vc_column][\/vc_row]<\/p>\n<\/div>","protected":false},"excerpt":{"rendered":"<p>[vc_row][vc_column css=&raquo;.vc_custom_1511006756505{padding-right: 20px !important;padding-left: 50px !important;}&raquo;][vc_custom_heading text=&raquo;Hellensk anti-svindelutstyr og relevant oppl\u00e6ring for \u00e5 styrke operasjonsevnen mot smugling&raquo; font_container=&raquo;tag:h4|text_align:left&raquo; google_fonts=&raquo;font_family:Roboto%3A100%2C100italic%2C300%2C300italic%2Cregular%2Citalic%2C500%2C500italic%2C700%2C700italic%2C900%2C900italic|font_style:400%20regular%3A400%3Anormal&raquo;][vc_row_inner][vc_column_inner][vc_column_text]&#8211; Hellas, p\u00e5 grunn av sin geografiske beliggenhet og omfattende land- og sj\u00f8grenser, som forbinder det \u00f8stlige Middelhavet med Sentral-Europa, er ogs\u00e5 et knutepunkt for smugling av ulovlige varer (tobakk, forfalskede produkter, hvitvasking av penger, narkotikasmugling, v\u00e5pen&hellip;<\/p>\n","protected":false},"author":19,"featured_media":0,"parent":0,"menu_order":0,"comment_status":"closed","ping_status":"closed","template":"","meta":{"footnotes":""},"class_list":["post-10111","page","type-page","status-publish","hentry","description-off"],"yoast_head":"<!-- This site is optimized with the Yoast SEO plugin v26.9 - https:\/\/yoast.com\/product\/yoast-seo-wordpress\/ -->\n<title>HE.F.E.ST.O.S. - \u03a5\u0394\u0395\u0391\u03a0<\/title>\n<meta name=\"robots\" content=\"index, follow, max-snippet:-1, max-image-preview:large, max-video-preview:-1\" \/>\n<link rel=\"canonical\" href=\"https:\/\/ydeap.gr\/no\/he-f-e-st-o-s\/\" \/>\n<meta property=\"og:locale\" content=\"nb_NO\" \/>\n<meta property=\"og:type\" content=\"article\" \/>\n<meta property=\"og:title\" content=\"HE.F.E.ST.O.S. - \u03a5\u0394\u0395\u0391\u03a0\" \/>\n<meta property=\"og:description\" content=\"[vc_row][vc_column css=&raquo;.vc_custom_1511006756505{padding-right: 20px !important;padding-left: 50px !important;}&raquo;][vc_custom_heading text=&raquo;Hellensk anti-svindelutstyr og relevant oppl\u00e6ring for \u00e5 styrke operasjonsevnen mot smugling&raquo; font_container=&raquo;tag:h4|text_align:left&raquo; google_fonts=&raquo;font_family:Roboto%3A100%2C100italic%2C300%2C300italic%2Cregular%2Citalic%2C500%2C500italic%2C700%2C700italic%2C900%2C900italic|font_style:400%20regular%3A400%3Anormal&raquo;][vc_row_inner][vc_column_inner][vc_column_text]&#8211; Hellas, p\u00e5 grunn av sin geografiske beliggenhet og omfattende land- og sj\u00f8grenser, som forbinder det \u00f8stlige Middelhavet med Sentral-Europa, er ogs\u00e5 et knutepunkt for smugling av ulovlige varer (tobakk, forfalskede produkter, hvitvasking av penger, narkotikasmugling, v\u00e5pen&hellip;\" \/>\n<meta property=\"og:url\" content=\"https:\/\/ydeap.gr\/no\/he-f-e-st-o-s\/\" \/>\n<meta property=\"og:site_name\" content=\"\u03a5\u0394\u0395\u0391\u03a0\" \/>\n<meta property=\"article:modified_time\" content=\"2023-06-16T16:14:07+00:00\" \/>\n<meta property=\"og:image\" content=\"https:\/\/ydeap.gr\/wp-content\/uploads\/2017\/11\/facebook.jpg\" \/>\n<meta name=\"twitter:card\" content=\"summary_large_image\" \/>\n<meta name=\"twitter:label1\" content=\"Ansl. lesetid\" \/>\n\t<meta name=\"twitter:data1\" content=\"2 minutter\" \/>\n<script type=\"application\/ld+json\" class=\"yoast-schema-graph\">{\"@context\":\"https:\/\/schema.org\",\"@graph\":[{\"@type\":\"WebPage\",\"@id\":\"https:\/\/ydeap.gr\/no\/he-f-e-st-o-s\/\",\"url\":\"https:\/\/ydeap.gr\/no\/he-f-e-st-o-s\/\",\"name\":\"HE.F.E.ST.O.S. - \u03a5\u0394\u0395\u0391\u03a0\",\"isPartOf\":{\"@id\":\"https:\/\/ydeap.gr\/no\/#website\"},\"primaryImageOfPage\":{\"@id\":\"https:\/\/ydeap.gr\/no\/he-f-e-st-o-s\/#primaryimage\"},\"image\":{\"@id\":\"https:\/\/ydeap.gr\/no\/he-f-e-st-o-s\/#primaryimage\"},\"thumbnailUrl\":\"https:\/\/ydeap.gr\/wp-content\/uploads\/2017\/11\/facebook.jpg\",\"datePublished\":\"2019-02-26T10:59:57+00:00\",\"dateModified\":\"2023-06-16T16:14:07+00:00\",\"breadcrumb\":{\"@id\":\"https:\/\/ydeap.gr\/no\/he-f-e-st-o-s\/#breadcrumb\"},\"inLanguage\":\"nb-NO\",\"potentialAction\":[{\"@type\":\"ReadAction\",\"target\":[\"https:\/\/ydeap.gr\/no\/he-f-e-st-o-s\/\"]}]},{\"@type\":\"ImageObject\",\"inLanguage\":\"nb-NO\",\"@id\":\"https:\/\/ydeap.gr\/no\/he-f-e-st-o-s\/#primaryimage\",\"url\":\"https:\/\/ydeap.gr\/wp-content\/uploads\/2017\/11\/facebook.jpg\",\"contentUrl\":\"https:\/\/ydeap.gr\/wp-content\/uploads\/2017\/11\/facebook.jpg\"},{\"@type\":\"BreadcrumbList\",\"@id\":\"https:\/\/ydeap.gr\/no\/he-f-e-st-o-s\/#breadcrumb\",\"itemListElement\":[{\"@type\":\"ListItem\",\"position\":1,\"name\":\"\u0391\u03c1\u03c7\u03b9\u03ba\u03ae\",\"item\":\"https:\/\/ydeap.gr\/no\/\"},{\"@type\":\"ListItem\",\"position\":2,\"name\":\"HE.F.E.ST.O.S.\"}]},{\"@type\":\"WebSite\",\"@id\":\"https:\/\/ydeap.gr\/no\/#website\",\"url\":\"https:\/\/ydeap.gr\/no\/\",\"name\":\"\u03a5\u0394\u0395\u0391\u03a0\",\"description\":\"\u0391\u03a1\u03a7\u0399\u039a\u0397\",\"potentialAction\":[{\"@type\":\"SearchAction\",\"target\":{\"@type\":\"EntryPoint\",\"urlTemplate\":\"https:\/\/ydeap.gr\/no\/?s={search_term_string}\"},\"query-input\":{\"@type\":\"PropertyValueSpecification\",\"valueRequired\":true,\"valueName\":\"search_term_string\"}}],\"inLanguage\":\"nb-NO\"}]}<\/script>\n<!-- \/ Yoast SEO plugin. -->","yoast_head_json":{"title":"HE.F.E.ST.O.S. - \u03a5\u0394\u0395\u0391\u03a0","robots":{"index":"index","follow":"follow","max-snippet":"max-snippet:-1","max-image-preview":"max-image-preview:large","max-video-preview":"max-video-preview:-1"},"canonical":"https:\/\/ydeap.gr\/no\/he-f-e-st-o-s\/","og_locale":"nb_NO","og_type":"article","og_title":"HE.F.E.ST.O.S. - \u03a5\u0394\u0395\u0391\u03a0","og_description":"[vc_row][vc_column css=&raquo;.vc_custom_1511006756505{padding-right: 20px !important;padding-left: 50px !important;}&raquo;][vc_custom_heading text=&raquo;Hellensk anti-svindelutstyr og relevant oppl\u00e6ring for \u00e5 styrke operasjonsevnen mot smugling&raquo; font_container=&raquo;tag:h4|text_align:left&raquo; google_fonts=&raquo;font_family:Roboto%3A100%2C100italic%2C300%2C300italic%2Cregular%2Citalic%2C500%2C500italic%2C700%2C700italic%2C900%2C900italic|font_style:400%20regular%3A400%3Anormal&raquo;][vc_row_inner][vc_column_inner][vc_column_text]&#8211; Hellas, p\u00e5 grunn av sin geografiske beliggenhet og omfattende land- og sj\u00f8grenser, som forbinder det \u00f8stlige Middelhavet med Sentral-Europa, er ogs\u00e5 et knutepunkt for smugling av ulovlige varer (tobakk, forfalskede produkter, hvitvasking av penger, narkotikasmugling, v\u00e5pen&hellip;","og_url":"https:\/\/ydeap.gr\/no\/he-f-e-st-o-s\/","og_site_name":"\u03a5\u0394\u0395\u0391\u03a0","article_modified_time":"2023-06-16T16:14:07+00:00","og_image":[{"url":"https:\/\/ydeap.gr\/wp-content\/uploads\/2017\/11\/facebook.jpg","type":"","width":"","height":""}],"twitter_card":"summary_large_image","twitter_misc":{"Ansl. lesetid":"2 minutter"},"schema":{"@context":"https:\/\/schema.org","@graph":[{"@type":"WebPage","@id":"https:\/\/ydeap.gr\/no\/he-f-e-st-o-s\/","url":"https:\/\/ydeap.gr\/no\/he-f-e-st-o-s\/","name":"HE.F.E.ST.O.S. - \u03a5\u0394\u0395\u0391\u03a0","isPartOf":{"@id":"https:\/\/ydeap.gr\/no\/#website"},"primaryImageOfPage":{"@id":"https:\/\/ydeap.gr\/no\/he-f-e-st-o-s\/#primaryimage"},"image":{"@id":"https:\/\/ydeap.gr\/no\/he-f-e-st-o-s\/#primaryimage"},"thumbnailUrl":"https:\/\/ydeap.gr\/wp-content\/uploads\/2017\/11\/facebook.jpg","datePublished":"2019-02-26T10:59:57+00:00","dateModified":"2023-06-16T16:14:07+00:00","breadcrumb":{"@id":"https:\/\/ydeap.gr\/no\/he-f-e-st-o-s\/#breadcrumb"},"inLanguage":"nb-NO","potentialAction":[{"@type":"ReadAction","target":["https:\/\/ydeap.gr\/no\/he-f-e-st-o-s\/"]}]},{"@type":"ImageObject","inLanguage":"nb-NO","@id":"https:\/\/ydeap.gr\/no\/he-f-e-st-o-s\/#primaryimage","url":"https:\/\/ydeap.gr\/wp-content\/uploads\/2017\/11\/facebook.jpg","contentUrl":"https:\/\/ydeap.gr\/wp-content\/uploads\/2017\/11\/facebook.jpg"},{"@type":"BreadcrumbList","@id":"https:\/\/ydeap.gr\/no\/he-f-e-st-o-s\/#breadcrumb","itemListElement":[{"@type":"ListItem","position":1,"name":"\u0391\u03c1\u03c7\u03b9\u03ba\u03ae","item":"https:\/\/ydeap.gr\/no\/"},{"@type":"ListItem","position":2,"name":"HE.F.E.ST.O.S."}]},{"@type":"WebSite","@id":"https:\/\/ydeap.gr\/no\/#website","url":"https:\/\/ydeap.gr\/no\/","name":"\u03a5\u0394\u0395\u0391\u03a0","description":"\u0391\u03a1\u03a7\u0399\u039a\u0397","potentialAction":[{"@type":"SearchAction","target":{"@type":"EntryPoint","urlTemplate":"https:\/\/ydeap.gr\/no\/?s={search_term_string}"},"query-input":{"@type":"PropertyValueSpecification","valueRequired":true,"valueName":"search_term_string"}}],"inLanguage":"nb-NO"}]}},"_links":{"self":[{"href":"https:\/\/ydeap.gr\/no\/wp-json\/wp\/v2\/pages\/10111","targetHints":{"allow":["GET"]}}],"collection":[{"href":"https:\/\/ydeap.gr\/no\/wp-json\/wp\/v2\/pages"}],"about":[{"href":"https:\/\/ydeap.gr\/no\/wp-json\/wp\/v2\/types\/page"}],"author":[{"embeddable":true,"href":"https:\/\/ydeap.gr\/no\/wp-json\/wp\/v2\/users\/19"}],"replies":[{"embeddable":true,"href":"https:\/\/ydeap.gr\/no\/wp-json\/wp\/v2\/comments?post=10111"}],"version-history":[{"count":7,"href":"https:\/\/ydeap.gr\/no\/wp-json\/wp\/v2\/pages\/10111\/revisions"}],"predecessor-version":[{"id":10390,"href":"https:\/\/ydeap.gr\/no\/wp-json\/wp\/v2\/pages\/10111\/revisions\/10390"}],"wp:attachment":[{"href":"https:\/\/ydeap.gr\/no\/wp-json\/wp\/v2\/media?parent=10111"}],"curies":[{"name":"wp","href":"https:\/\/api.w.org\/{rel}","templated":true}]}}