{"id":10106,"date":"2021-08-28T12:20:18","date_gmt":"2021-08-28T09:20:18","guid":{"rendered":"https:\/\/ydeap.eu\/sektorutviklingsprogram\/"},"modified":"2023-08-16T12:29:02","modified_gmt":"2023-08-16T09:29:02","slug":"sektorutviklingsprogram","status":"publish","type":"page","link":"https:\/\/ydeap.gr\/no\/sektorutviklingsprogram\/","title":{"rendered":"Sektorutviklingsprogram"},"content":{"rendered":"<div class=\"wpb-content-wrapper\"><p>[vc_row][vc_column css=&raquo;.vc_custom_1511006756505{padding-right: 20px !important;padding-left: 50px !important;}&raquo;][vc_single_image image=&raquo;8690&#8243; img_size=&raquo;full&raquo; alignment=&raquo;center&raquo;][vc_row_inner][vc_column_inner][vc_column_text]Sektorutviklingsprogrammet (SDP) til departementet for innbyggerbeskyttelse for den f\u00f8rste programmeringsperioden av EPA 2021-2025 ble godkjent med nr. VIL. 88394 fra 04.08.2021 (Government Gazette 3630\/B&#8217;\/06.08.2021) &laquo;Godkjenning av det sektorielle utviklingsprogrammet til departementet for borgerbeskyttelse i EPA 2021-2025&raquo; av viseministeren for utvikling og investeringer. Den f\u00f8rste programperioden begynner 1. juli 2021. Det totale budsjettet til TPA for programperioden 2021-2025 bel\u00f8per seg til \u20ac 28 200 000 og er tildelt departementet for innbyggerbeskyttelse, i henhold til nr.: 141748\/27.12.2021 Beslutning Mr. Minister for utvikling og investeringer (Statstidende 6358\/B\/31.12.2021) &laquo;F\u00f8rste revisjon av det nasjonale utviklingsprogrammet (NDP) 2021-2025&raquo;. Innenfor programmets rammer er det vedtatt et integrert system for planlegging, styring, overv\u00e5king og kontroll av intervensjonene finansiert av de nasjonale ressursene til Public Investment Program (PPE). Med gjennomf\u00f8ringen av programmet introduseres mellomlangsiktig m\u00e5lsetting og underordning av PDE-intervensjoner til strategiske m\u00e5l og prioriterte utviklingsprioriteringer. I TPA 2021-2025 er det definert 5 utviklingsm\u00e5l ang\u00e5ende fem pilarer:<\/p>\n<p>1. Smart utvikling<br \/>\n2. Gr\u00f8nn utvikling<br \/>\n3. Samfunnsutvikling<br \/>\n4. Infrastrukturutvikling<br \/>\n5. Ekstroversjon<\/p>\n<p>Administrasjonstjenesten for europeiske og utviklingsprogrammer i departementet for borgerbeskyttelse ble utpekt som den kompetente administrasjonstjenesten for styring, overv\u00e5king og kontroll av implementeringen av TPA.[\/vc_column_text][\/vc_column_inner][\/vc_row_inner][vc_column_text]<\/p>\n<h5>VELG FIL<\/h5>\n<p>[\/vc_column_text][\/vc_column][\/vc_row][vc_row][vc_column width=&raquo;1\/6&#8243;][vc_single_image image=&raquo;7186&#8243; alignment=&raquo;center&raquo;][\/vc_column][vc_column width=&raquo;5\/6&#8243;][vc_column_text]<\/p>\n<p style=\"text-align: left;\"><a href=\"https:\/\/ydeap.gr\/wp-content\/uploads\/2021\/08\/%CE%95%CE%A0%CE%91-%CE%9A%CE%A5%CE%91.pdf\">Ministerbeslutning 88394 (Government Gazette 3630\/\u0392&#8217;\/06.08.2021) &laquo;Godkjenning av det sektorielle utviklingsprogrammet til departementet for innbyggerbeskyttelse i EPA 2021-2025&raquo;<\/a><\/p>\n<p>[\/vc_column_text][\/vc_column][\/vc_row][vc_row][vc_column width=&raquo;1\/6&#8243;][vc_single_image image=&raquo;7186&#8243; alignment=&raquo;center&raquo;][\/vc_column][vc_column width=&raquo;5\/6&#8243;][vc_column_text]<\/p>\n<p style=\"text-align: left;\"><a href=\"https:\/\/ydeap.gr\/wp-content\/uploads\/2022\/04\/%CE%A6.%CE%95.%CE%9A.-%CE%92%CE%84-1381.pdf\">Ministerbeslutning 28919 (Government Gazette 1381\/\u0392\u0384\/23.03.2022) &laquo;F\u00f8rste revisjon av det sektorielle utviklingsprogrammet (SDP) til departementet for innbyggerbeskyttelse i det nasjonale utviklingsprogrammet (NDP) 2021-2025&raquo;<\/a><\/p>\n<p>[\/vc_column_text][\/vc_column][\/vc_row]<\/p>\n<\/div>","protected":false},"excerpt":{"rendered":"<p>[vc_row][vc_column css=&raquo;.vc_custom_1511006756505{padding-right: 20px !important;padding-left: 50px !important;}&raquo;][vc_single_image image=&raquo;8690&#8243; img_size=&raquo;full&raquo; alignment=&raquo;center&raquo;][vc_row_inner][vc_column_inner][vc_column_text]Sektorutviklingsprogrammet (SDP) til departementet for innbyggerbeskyttelse for den f\u00f8rste programmeringsperioden av EPA 2021-2025 ble godkjent med nr. VIL. 88394 fra 04.08.2021 (Government Gazette 3630\/B&#8217;\/06.08.2021) &laquo;Godkjenning av det sektorielle utviklingsprogrammet til departementet for borgerbeskyttelse i EPA 2021-2025&raquo; av viseministeren for utvikling og investeringer. Den f\u00f8rste programperioden begynner 1.&hellip;<\/p>\n","protected":false},"author":19,"featured_media":0,"parent":0,"menu_order":0,"comment_status":"closed","ping_status":"closed","template":"","meta":{"footnotes":""},"class_list":["post-10106","page","type-page","status-publish","hentry","description-off"],"yoast_head":"<!-- This site is optimized with the Yoast SEO plugin v26.9 - https:\/\/yoast.com\/product\/yoast-seo-wordpress\/ -->\n<title>Sektorutviklingsprogram - \u03a5\u0394\u0395\u0391\u03a0<\/title>\n<meta name=\"robots\" content=\"index, follow, max-snippet:-1, max-image-preview:large, max-video-preview:-1\" \/>\n<link rel=\"canonical\" href=\"https:\/\/ydeap.gr\/no\/sektorutviklingsprogram\/\" \/>\n<meta property=\"og:locale\" content=\"nb_NO\" \/>\n<meta property=\"og:type\" content=\"article\" \/>\n<meta property=\"og:title\" content=\"Sektorutviklingsprogram - \u03a5\u0394\u0395\u0391\u03a0\" \/>\n<meta property=\"og:description\" content=\"[vc_row][vc_column css=&raquo;.vc_custom_1511006756505{padding-right: 20px !important;padding-left: 50px !important;}&raquo;][vc_single_image image=&raquo;8690&#8243; img_size=&raquo;full&raquo; alignment=&raquo;center&raquo;][vc_row_inner][vc_column_inner][vc_column_text]Sektorutviklingsprogrammet (SDP) til departementet for innbyggerbeskyttelse for den f\u00f8rste programmeringsperioden av EPA 2021-2025 ble godkjent med nr. VIL. 88394 fra 04.08.2021 (Government Gazette 3630\/B&#8217;\/06.08.2021) &laquo;Godkjenning av det sektorielle utviklingsprogrammet til departementet for borgerbeskyttelse i EPA 2021-2025&raquo; av viseministeren for utvikling og investeringer. Den f\u00f8rste programperioden begynner 1.&hellip;\" \/>\n<meta property=\"og:url\" content=\"https:\/\/ydeap.gr\/no\/sektorutviklingsprogram\/\" \/>\n<meta property=\"og:site_name\" content=\"\u03a5\u0394\u0395\u0391\u03a0\" \/>\n<meta property=\"article:modified_time\" content=\"2023-08-16T09:29:02+00:00\" \/>\n<meta name=\"twitter:card\" content=\"summary_large_image\" \/>\n<meta name=\"twitter:label1\" content=\"Ansl. lesetid\" \/>\n\t<meta name=\"twitter:data1\" content=\"2 minutter\" \/>\n<script type=\"application\/ld+json\" class=\"yoast-schema-graph\">{\"@context\":\"https:\/\/schema.org\",\"@graph\":[{\"@type\":\"WebPage\",\"@id\":\"https:\/\/ydeap.gr\/no\/sektorutviklingsprogram\/\",\"url\":\"https:\/\/ydeap.gr\/no\/sektorutviklingsprogram\/\",\"name\":\"Sektorutviklingsprogram - \u03a5\u0394\u0395\u0391\u03a0\",\"isPartOf\":{\"@id\":\"https:\/\/ydeap.gr\/no\/#website\"},\"datePublished\":\"2021-08-28T09:20:18+00:00\",\"dateModified\":\"2023-08-16T09:29:02+00:00\",\"breadcrumb\":{\"@id\":\"https:\/\/ydeap.gr\/no\/sektorutviklingsprogram\/#breadcrumb\"},\"inLanguage\":\"nb-NO\",\"potentialAction\":[{\"@type\":\"ReadAction\",\"target\":[\"https:\/\/ydeap.gr\/no\/sektorutviklingsprogram\/\"]}]},{\"@type\":\"BreadcrumbList\",\"@id\":\"https:\/\/ydeap.gr\/no\/sektorutviklingsprogram\/#breadcrumb\",\"itemListElement\":[{\"@type\":\"ListItem\",\"position\":1,\"name\":\"\u0391\u03c1\u03c7\u03b9\u03ba\u03ae\",\"item\":\"https:\/\/ydeap.gr\/no\/\"},{\"@type\":\"ListItem\",\"position\":2,\"name\":\"Sektorutviklingsprogram\"}]},{\"@type\":\"WebSite\",\"@id\":\"https:\/\/ydeap.gr\/no\/#website\",\"url\":\"https:\/\/ydeap.gr\/no\/\",\"name\":\"\u03a5\u0394\u0395\u0391\u03a0\",\"description\":\"\u0391\u03a1\u03a7\u0399\u039a\u0397\",\"potentialAction\":[{\"@type\":\"SearchAction\",\"target\":{\"@type\":\"EntryPoint\",\"urlTemplate\":\"https:\/\/ydeap.gr\/no\/?s={search_term_string}\"},\"query-input\":{\"@type\":\"PropertyValueSpecification\",\"valueRequired\":true,\"valueName\":\"search_term_string\"}}],\"inLanguage\":\"nb-NO\"}]}<\/script>\n<!-- \/ Yoast SEO plugin. -->","yoast_head_json":{"title":"Sektorutviklingsprogram - \u03a5\u0394\u0395\u0391\u03a0","robots":{"index":"index","follow":"follow","max-snippet":"max-snippet:-1","max-image-preview":"max-image-preview:large","max-video-preview":"max-video-preview:-1"},"canonical":"https:\/\/ydeap.gr\/no\/sektorutviklingsprogram\/","og_locale":"nb_NO","og_type":"article","og_title":"Sektorutviklingsprogram - \u03a5\u0394\u0395\u0391\u03a0","og_description":"[vc_row][vc_column css=&raquo;.vc_custom_1511006756505{padding-right: 20px !important;padding-left: 50px !important;}&raquo;][vc_single_image image=&raquo;8690&#8243; img_size=&raquo;full&raquo; alignment=&raquo;center&raquo;][vc_row_inner][vc_column_inner][vc_column_text]Sektorutviklingsprogrammet (SDP) til departementet for innbyggerbeskyttelse for den f\u00f8rste programmeringsperioden av EPA 2021-2025 ble godkjent med nr. VIL. 88394 fra 04.08.2021 (Government Gazette 3630\/B&#8217;\/06.08.2021) &laquo;Godkjenning av det sektorielle utviklingsprogrammet til departementet for borgerbeskyttelse i EPA 2021-2025&raquo; av viseministeren for utvikling og investeringer. Den f\u00f8rste programperioden begynner 1.&hellip;","og_url":"https:\/\/ydeap.gr\/no\/sektorutviklingsprogram\/","og_site_name":"\u03a5\u0394\u0395\u0391\u03a0","article_modified_time":"2023-08-16T09:29:02+00:00","twitter_card":"summary_large_image","twitter_misc":{"Ansl. lesetid":"2 minutter"},"schema":{"@context":"https:\/\/schema.org","@graph":[{"@type":"WebPage","@id":"https:\/\/ydeap.gr\/no\/sektorutviklingsprogram\/","url":"https:\/\/ydeap.gr\/no\/sektorutviklingsprogram\/","name":"Sektorutviklingsprogram - \u03a5\u0394\u0395\u0391\u03a0","isPartOf":{"@id":"https:\/\/ydeap.gr\/no\/#website"},"datePublished":"2021-08-28T09:20:18+00:00","dateModified":"2023-08-16T09:29:02+00:00","breadcrumb":{"@id":"https:\/\/ydeap.gr\/no\/sektorutviklingsprogram\/#breadcrumb"},"inLanguage":"nb-NO","potentialAction":[{"@type":"ReadAction","target":["https:\/\/ydeap.gr\/no\/sektorutviklingsprogram\/"]}]},{"@type":"BreadcrumbList","@id":"https:\/\/ydeap.gr\/no\/sektorutviklingsprogram\/#breadcrumb","itemListElement":[{"@type":"ListItem","position":1,"name":"\u0391\u03c1\u03c7\u03b9\u03ba\u03ae","item":"https:\/\/ydeap.gr\/no\/"},{"@type":"ListItem","position":2,"name":"Sektorutviklingsprogram"}]},{"@type":"WebSite","@id":"https:\/\/ydeap.gr\/no\/#website","url":"https:\/\/ydeap.gr\/no\/","name":"\u03a5\u0394\u0395\u0391\u03a0","description":"\u0391\u03a1\u03a7\u0399\u039a\u0397","potentialAction":[{"@type":"SearchAction","target":{"@type":"EntryPoint","urlTemplate":"https:\/\/ydeap.gr\/no\/?s={search_term_string}"},"query-input":{"@type":"PropertyValueSpecification","valueRequired":true,"valueName":"search_term_string"}}],"inLanguage":"nb-NO"}]}},"_links":{"self":[{"href":"https:\/\/ydeap.gr\/no\/wp-json\/wp\/v2\/pages\/10106","targetHints":{"allow":["GET"]}}],"collection":[{"href":"https:\/\/ydeap.gr\/no\/wp-json\/wp\/v2\/pages"}],"about":[{"href":"https:\/\/ydeap.gr\/no\/wp-json\/wp\/v2\/types\/page"}],"author":[{"embeddable":true,"href":"https:\/\/ydeap.gr\/no\/wp-json\/wp\/v2\/users\/19"}],"replies":[{"embeddable":true,"href":"https:\/\/ydeap.gr\/no\/wp-json\/wp\/v2\/comments?post=10106"}],"version-history":[{"count":4,"href":"https:\/\/ydeap.gr\/no\/wp-json\/wp\/v2\/pages\/10106\/revisions"}],"predecessor-version":[{"id":11079,"href":"https:\/\/ydeap.gr\/no\/wp-json\/wp\/v2\/pages\/10106\/revisions\/11079"}],"wp:attachment":[{"href":"https:\/\/ydeap.gr\/no\/wp-json\/wp\/v2\/media?parent=10106"}],"curies":[{"name":"wp","href":"https:\/\/api.w.org\/{rel}","templated":true}]}}