{"id":10086,"date":"2021-10-25T12:44:27","date_gmt":"2021-10-25T09:44:27","guid":{"rendered":"https:\/\/ydeap.eu\/personvernerklaering\/"},"modified":"2023-06-20T16:36:21","modified_gmt":"2023-06-20T13:36:21","slug":"personvernerklaering","status":"publish","type":"page","link":"https:\/\/ydeap.gr\/no\/personvernerklaering\/","title":{"rendered":"Personvernerkl\u00e6ring"},"content":{"rendered":"<div class=\"wpb-content-wrapper\"><p>[vc_row css=&raquo;.vc_custom_1510087190400{margin-top: -90px !important;}&raquo;][vc_column][vc_custom_heading text=&raquo;Personvernerkl\u00e6ring&raquo; css=&raquo;.vc_custom_1685627963569{margin-top: 20px !important;}&raquo;][vc_column_text]<\/p>\n<div id=\"nitro_custom_css_1577586515\" class=\"nitro-dropcaps \">\n<p>P\u00e5 ydeap.gr, tilgjengelig fra https:\/\/www.ydeap.gr\/, er en av v\u00e5re hovedprioriteringer personvernet til v\u00e5re bes\u00f8kende. Dette personvernerkl\u00e6ringsdokumentet inneholder typer informasjon samlet inn og registrert av ydeap.gr og hvordan vi bruker den.<\/p>\n<p>Hvis du har flere sp\u00f8rsm\u00e5l eller trenger mer informasjon om v\u00e5re retningslinjer for personvern, ikke n\u00f8l med \u00e5 kontakte oss.<\/p>\n<p>Denne personvernerkl\u00e6ringen gjelder kun for v\u00e5re nettaktiviteter og gjelder for bes\u00f8kende p\u00e5 nettstedet v\u00e5rt ang\u00e5ende informasjonen som deles og\/eller samles inn p\u00e5 ydeap.gr. Denne policyen gjelder ikke for informasjon som samles inn offline eller via kanaler utenfor denne nettsiden. V\u00e5r personvernpolicy ble opprettet ved hjelp av Free Privacy Policy Generator.<\/p>\n<p>Samtykke<br \/>\nVed \u00e5 bruke nettstedet v\u00e5rt godtar du v\u00e5r personvernerkl\u00e6ring og godtar vilk\u00e5rene.<\/p>\n<p>Informasjon vi samler inn<br \/>\nPersonopplysningene du blir bedt om \u00e5 oppgi, og \u00e5rsakene til at du blir bedt om \u00e5 oppgi den, vil bli tydeliggjort p\u00e5 det tidspunktet vi ber deg om \u00e5 oppgi personopplysningene dine.<\/p>\n<p>Hvis du kontakter oss direkte, kan vi motta tilleggsinformasjon om deg, slik som navn, e-postadresse, telefonnummer, innholdet i meldingen og\/eller vedleggene du m\u00e5tte sende oss, og all annen informasjon du m\u00e5tte velge. \u00e5 skaffe.<\/p>\n<p>N\u00e5r du registrerer deg for en konto, kan vi be om din kontaktinformasjon, inkludert informasjon som navn, firmanavn, adresse, e-postadresse og telefonnummer.<\/p>\n<p>Hvordan vi bruker informasjonen din<br \/>\nVi bruker informasjonen vi samler inn p\u00e5 en rekke m\u00e5ter, inkludert:<\/p>\n<p>Vi leverer, driver og vedlikeholder nettstedet v\u00e5rt<br \/>\nVi forbedrer, tilpasser og utvider nettstedet v\u00e5rt<br \/>\nVi forst\u00e5r og analyserer hvordan du bruker nettstedet v\u00e5rt<br \/>\nVi utvikler nye tjenester, funksjoner og funksjoner<br \/>\nVi kontakter deg, enten direkte eller gjennom en av v\u00e5re partnere, inkludert kundeservice, for \u00e5 gi deg oppdateringer og annen informasjon om nettstedet og for markedsf\u00f8rings- og reklameform\u00e5l<br \/>\nSend oss \u200b\u200ben e-post<br \/>\nFinn og forhindre svindel<br \/>\nLoggfiler<br \/>\nYdeap.gr f\u00f8lger en standard prosess for bruk av loggfiler. Disse filene registrerer bes\u00f8kende n\u00e5r de bes\u00f8ker nettsteder. Alle hostingselskaper gj\u00f8r dette og er en del av vertstjenesteanalyse. Informasjon som samles inn fra loggfiler inkluderer IP-adresser (Internet Protocol), nettlesertype, Internett-leverand\u00f8r (ISP), dato- og tidsstempel, henvisnings-\/utgangssider og muligens antall klikk. Disse er ikke knyttet til personlig identifiserbar informasjon. Form\u00e5let med informasjonen er \u00e5 analysere trender, administrere nettstedet, spore brukertrafikk p\u00e5 nettstedet og samle inn demografisk informasjon.<\/p>\n<p>Informasjonskapsler og Web Beacons<br \/>\nSom alle andre nettsider, bruker ydeap.gr &laquo;informasjonskapsler&raquo;. Disse informasjonskapslene brukes til \u00e5 lagre informasjon, inkludert bes\u00f8kendes preferanser og sidene p\u00e5 nettstedet som den bes\u00f8kende har bes\u00f8kt eller bes\u00f8kt. Informasjonen brukes til \u00e5 optimalisere brukeropplevelsen ved \u00e5 tilpasse innholdet p\u00e5 nettstedet v\u00e5rt basert p\u00e5 bes\u00f8kendes nettlesertype og\/eller annen informasjon.<\/p>\n<p>For mer generell informasjon om informasjonskapsler, les artikkelen &laquo;informasjonskapsler&raquo; fra Generatoren for personvernregler.<\/p>\n<p>Advertising Partners personvernregler<br \/>\nDu kan konsultere denne listen for \u00e5 finne personvernreglene for hver av ydeap.grs annonseringspartnere.<\/p>\n<p>Tredjeparts annonseservere eller annonsenettverk bruker teknologier som informasjonskapsler, JavaScript eller Web Beacons brukt i deres respektive annonser og lenker som vises p\u00e5 ydeap.gr, som sendes direkte til brukernes nettlesere. De f\u00e5r automatisk IP-adressen din n\u00e5r dette skjer. Disse teknologiene brukes til \u00e5 m\u00e5le effektiviteten til deres annonsekampanjer og\/eller for \u00e5 tilpasse annonseinnholdet du ser p\u00e5 nettsidene du bes\u00f8ker.<\/p>\n<p>V\u00e6r oppmerksom p\u00e5 at ydeap.gr ikke har tilgang til eller kontroll over disse informasjonskapslene som brukes av tredjepartsannons\u00f8rer.<\/p>\n<p>Tredjeparts personvernregler<br \/>\nPersonvernerkl\u00e6ringen til ydeap.gr gjelder ikke for andre annons\u00f8rer eller nettsteder. Derfor anbefaler vi deg \u00e5 konsultere de respektive personvernreglene til disse tredjeparts annonseserverne for mer detaljert informasjon. Det kan inkludere deres praksis og instruksjoner om hvordan du velger bort visse alternativer.<\/p>\n<p>Du kan velge \u00e5 deaktivere informasjonskapsler gjennom de individuelle innstillingene i nettleseren din. For \u00e5 finne ut mer detaljert informasjon om h\u00e5ndtering av informasjonskapsler med spesifikke nettlesere, kan du finne den p\u00e5 de respektive nettsidene til nettleserne.<\/p>\n<p>GDPR databeskyttelsesrettigheter<br \/>\nVi vil gjerne s\u00f8rge for at du er fullstendig klar over alle dine databeskyttelsesrettigheter. Hver bruker har rett til f\u00f8lgende:<\/p>\n<p>Rett til innsyn \u2013 Du har rett til \u00e5 be om kopier av dine personopplysninger. Vi kan kreve en liten avgift for denne tjenesten.<\/p>\n<p>Rett til retting \u2013 Du har rett til \u00e5 be om at vi retter all informasjon du mener er un\u00f8yaktig. Du har ogs\u00e5 rett til \u00e5 be om at vi fyller ut informasjon som du mener er ufullstendig.<\/p>\n<p>Rett til sletting \u2013 Du har rett til \u00e5 be om at vi sletter dine personopplysninger, under visse betingelser.<\/p>\n<p>Rett til begrensning av behandling \u2013 Du har rett til \u00e5 be om at vi begrenser behandlingen av dine personopplysninger, under visse betingelser<\/p><\/div>\n<p>[\/vc_column_text][\/vc_column][\/vc_row][vc_row][vc_column][vc_empty_space][vc_single_image image=&raquo;9161&#8243; img_size=&raquo;full&raquo; alignment=&raquo;center&raquo;][\/vc_column][\/vc_row]<\/p>\n<\/div>","protected":false},"excerpt":{"rendered":"<p>[vc_row css=&raquo;.vc_custom_1510087190400{margin-top: -90px !important;}&raquo;][vc_column][vc_custom_heading text=&raquo;Personvernerkl\u00e6ring&raquo; css=&raquo;.vc_custom_1685627963569{margin-top: 20px !important;}&raquo;][vc_column_text] P\u00e5 ydeap.gr, tilgjengelig fra https:\/\/www.ydeap.gr\/, er en av v\u00e5re hovedprioriteringer personvernet til v\u00e5re bes\u00f8kende. Dette personvernerkl\u00e6ringsdokumentet inneholder typer informasjon samlet inn og registrert av ydeap.gr og hvordan vi bruker den. Hvis du har flere sp\u00f8rsm\u00e5l eller trenger mer informasjon om v\u00e5re retningslinjer for personvern, ikke n\u00f8l med&hellip;<\/p>\n","protected":false},"author":19,"featured_media":0,"parent":0,"menu_order":0,"comment_status":"closed","ping_status":"closed","template":"","meta":{"footnotes":""},"class_list":["post-10086","page","type-page","status-publish","hentry","description-off"],"yoast_head":"<!-- This site is optimized with the Yoast SEO plugin v26.9 - https:\/\/yoast.com\/product\/yoast-seo-wordpress\/ -->\n<title>Personvernerkl\u00e6ring - \u03a5\u0394\u0395\u0391\u03a0<\/title>\n<meta name=\"robots\" content=\"index, follow, max-snippet:-1, max-image-preview:large, max-video-preview:-1\" \/>\n<link rel=\"canonical\" href=\"https:\/\/ydeap.gr\/no\/personvernerklaering\/\" \/>\n<meta property=\"og:locale\" content=\"nb_NO\" \/>\n<meta property=\"og:type\" content=\"article\" \/>\n<meta property=\"og:title\" content=\"Personvernerkl\u00e6ring - \u03a5\u0394\u0395\u0391\u03a0\" \/>\n<meta property=\"og:description\" content=\"[vc_row css=&raquo;.vc_custom_1510087190400{margin-top: -90px !important;}&raquo;][vc_column][vc_custom_heading text=&raquo;Personvernerkl\u00e6ring&raquo; css=&raquo;.vc_custom_1685627963569{margin-top: 20px !important;}&raquo;][vc_column_text] P\u00e5 ydeap.gr, tilgjengelig fra https:\/\/www.ydeap.gr\/, er en av v\u00e5re hovedprioriteringer personvernet til v\u00e5re bes\u00f8kende. Dette personvernerkl\u00e6ringsdokumentet inneholder typer informasjon samlet inn og registrert av ydeap.gr og hvordan vi bruker den. Hvis du har flere sp\u00f8rsm\u00e5l eller trenger mer informasjon om v\u00e5re retningslinjer for personvern, ikke n\u00f8l med&hellip;\" \/>\n<meta property=\"og:url\" content=\"https:\/\/ydeap.gr\/no\/personvernerklaering\/\" \/>\n<meta property=\"og:site_name\" content=\"\u03a5\u0394\u0395\u0391\u03a0\" \/>\n<meta property=\"article:modified_time\" content=\"2023-06-20T13:36:21+00:00\" \/>\n<meta name=\"twitter:card\" content=\"summary_large_image\" \/>\n<meta name=\"twitter:label1\" content=\"Ansl. lesetid\" \/>\n\t<meta name=\"twitter:data1\" content=\"5 minutter\" \/>\n<script type=\"application\/ld+json\" class=\"yoast-schema-graph\">{\"@context\":\"https:\/\/schema.org\",\"@graph\":[{\"@type\":\"WebPage\",\"@id\":\"https:\/\/ydeap.gr\/no\/personvernerklaering\/\",\"url\":\"https:\/\/ydeap.gr\/no\/personvernerklaering\/\",\"name\":\"Personvernerkl\u00e6ring - \u03a5\u0394\u0395\u0391\u03a0\",\"isPartOf\":{\"@id\":\"https:\/\/ydeap.gr\/no\/#website\"},\"datePublished\":\"2021-10-25T09:44:27+00:00\",\"dateModified\":\"2023-06-20T13:36:21+00:00\",\"breadcrumb\":{\"@id\":\"https:\/\/ydeap.gr\/no\/personvernerklaering\/#breadcrumb\"},\"inLanguage\":\"nb-NO\",\"potentialAction\":[{\"@type\":\"ReadAction\",\"target\":[\"https:\/\/ydeap.gr\/no\/personvernerklaering\/\"]}]},{\"@type\":\"BreadcrumbList\",\"@id\":\"https:\/\/ydeap.gr\/no\/personvernerklaering\/#breadcrumb\",\"itemListElement\":[{\"@type\":\"ListItem\",\"position\":1,\"name\":\"\u0391\u03c1\u03c7\u03b9\u03ba\u03ae\",\"item\":\"https:\/\/ydeap.gr\/no\/\"},{\"@type\":\"ListItem\",\"position\":2,\"name\":\"Personvernerkl\u00e6ring\"}]},{\"@type\":\"WebSite\",\"@id\":\"https:\/\/ydeap.gr\/no\/#website\",\"url\":\"https:\/\/ydeap.gr\/no\/\",\"name\":\"\u03a5\u0394\u0395\u0391\u03a0\",\"description\":\"\u0391\u03a1\u03a7\u0399\u039a\u0397\",\"potentialAction\":[{\"@type\":\"SearchAction\",\"target\":{\"@type\":\"EntryPoint\",\"urlTemplate\":\"https:\/\/ydeap.gr\/no\/?s={search_term_string}\"},\"query-input\":{\"@type\":\"PropertyValueSpecification\",\"valueRequired\":true,\"valueName\":\"search_term_string\"}}],\"inLanguage\":\"nb-NO\"}]}<\/script>\n<!-- \/ Yoast SEO plugin. -->","yoast_head_json":{"title":"Personvernerkl\u00e6ring - \u03a5\u0394\u0395\u0391\u03a0","robots":{"index":"index","follow":"follow","max-snippet":"max-snippet:-1","max-image-preview":"max-image-preview:large","max-video-preview":"max-video-preview:-1"},"canonical":"https:\/\/ydeap.gr\/no\/personvernerklaering\/","og_locale":"nb_NO","og_type":"article","og_title":"Personvernerkl\u00e6ring - \u03a5\u0394\u0395\u0391\u03a0","og_description":"[vc_row css=&raquo;.vc_custom_1510087190400{margin-top: -90px !important;}&raquo;][vc_column][vc_custom_heading text=&raquo;Personvernerkl\u00e6ring&raquo; css=&raquo;.vc_custom_1685627963569{margin-top: 20px !important;}&raquo;][vc_column_text] P\u00e5 ydeap.gr, tilgjengelig fra https:\/\/www.ydeap.gr\/, er en av v\u00e5re hovedprioriteringer personvernet til v\u00e5re bes\u00f8kende. Dette personvernerkl\u00e6ringsdokumentet inneholder typer informasjon samlet inn og registrert av ydeap.gr og hvordan vi bruker den. Hvis du har flere sp\u00f8rsm\u00e5l eller trenger mer informasjon om v\u00e5re retningslinjer for personvern, ikke n\u00f8l med&hellip;","og_url":"https:\/\/ydeap.gr\/no\/personvernerklaering\/","og_site_name":"\u03a5\u0394\u0395\u0391\u03a0","article_modified_time":"2023-06-20T13:36:21+00:00","twitter_card":"summary_large_image","twitter_misc":{"Ansl. lesetid":"5 minutter"},"schema":{"@context":"https:\/\/schema.org","@graph":[{"@type":"WebPage","@id":"https:\/\/ydeap.gr\/no\/personvernerklaering\/","url":"https:\/\/ydeap.gr\/no\/personvernerklaering\/","name":"Personvernerkl\u00e6ring - \u03a5\u0394\u0395\u0391\u03a0","isPartOf":{"@id":"https:\/\/ydeap.gr\/no\/#website"},"datePublished":"2021-10-25T09:44:27+00:00","dateModified":"2023-06-20T13:36:21+00:00","breadcrumb":{"@id":"https:\/\/ydeap.gr\/no\/personvernerklaering\/#breadcrumb"},"inLanguage":"nb-NO","potentialAction":[{"@type":"ReadAction","target":["https:\/\/ydeap.gr\/no\/personvernerklaering\/"]}]},{"@type":"BreadcrumbList","@id":"https:\/\/ydeap.gr\/no\/personvernerklaering\/#breadcrumb","itemListElement":[{"@type":"ListItem","position":1,"name":"\u0391\u03c1\u03c7\u03b9\u03ba\u03ae","item":"https:\/\/ydeap.gr\/no\/"},{"@type":"ListItem","position":2,"name":"Personvernerkl\u00e6ring"}]},{"@type":"WebSite","@id":"https:\/\/ydeap.gr\/no\/#website","url":"https:\/\/ydeap.gr\/no\/","name":"\u03a5\u0394\u0395\u0391\u03a0","description":"\u0391\u03a1\u03a7\u0399\u039a\u0397","potentialAction":[{"@type":"SearchAction","target":{"@type":"EntryPoint","urlTemplate":"https:\/\/ydeap.gr\/no\/?s={search_term_string}"},"query-input":{"@type":"PropertyValueSpecification","valueRequired":true,"valueName":"search_term_string"}}],"inLanguage":"nb-NO"}]}},"_links":{"self":[{"href":"https:\/\/ydeap.gr\/no\/wp-json\/wp\/v2\/pages\/10086","targetHints":{"allow":["GET"]}}],"collection":[{"href":"https:\/\/ydeap.gr\/no\/wp-json\/wp\/v2\/pages"}],"about":[{"href":"https:\/\/ydeap.gr\/no\/wp-json\/wp\/v2\/types\/page"}],"author":[{"embeddable":true,"href":"https:\/\/ydeap.gr\/no\/wp-json\/wp\/v2\/users\/19"}],"replies":[{"embeddable":true,"href":"https:\/\/ydeap.gr\/no\/wp-json\/wp\/v2\/comments?post=10086"}],"version-history":[{"count":6,"href":"https:\/\/ydeap.gr\/no\/wp-json\/wp\/v2\/pages\/10086\/revisions"}],"predecessor-version":[{"id":10566,"href":"https:\/\/ydeap.gr\/no\/wp-json\/wp\/v2\/pages\/10086\/revisions\/10566"}],"wp:attachment":[{"href":"https:\/\/ydeap.gr\/no\/wp-json\/wp\/v2\/media?parent=10086"}],"curies":[{"name":"wp","href":"https:\/\/api.w.org\/{rel}","templated":true}]}}