{"id":10081,"date":"2017-11-07T18:51:25","date_gmt":"2017-11-07T16:51:25","guid":{"rendered":"https:\/\/ydeap.eu\/svindelklager\/"},"modified":"2026-01-30T12:07:06","modified_gmt":"2026-01-30T10:07:06","slug":"anmeldelser","status":"publish","type":"page","link":"https:\/\/ydeap.gr\/no\/anmeldelser\/","title":{"rendered":"Anmeldelser"},"content":{"rendered":"<div class=\"wpb-content-wrapper\"><p>[vc_row][vc_column css=&raquo;.vc_custom_1511006756505{padding-right: 20px !important;padding-left: 50px !important;}&raquo;][vc_row_inner][vc_column_inner css=&raquo;.vc_custom_1511006867340{padding-top: 10px !important;padding-right: 0px !important;padding-left: 0px !important;}&raquo;][vc_single_image image=&raquo;7220&#8243; img_size=&raquo;full&raquo; alignment=&raquo;center&raquo;][vc_column_text css=&raquo;&raquo;]<\/p>\n<div class=\"vc_row wpb_row vc_inner vc_row-fluid\">\n<div class=\"wpb_column vc_column_container vc_col-sm-12\">\n<div class=\"vc_column-inner \">\n<div class=\"wpb_wrapper\">\n<h4 id=\"nitro_custom_css_1447041089\" class=\"nitro-dropcaps \" style=\"text-align: center;\">Det nasjonale kontaktpunktet \u03b3\u03b9\u03b1 varsler vedr\u00f8rende samfinansierte programmer\/prosjekter er Den nasjonale \u00e5penhetsmyndigheten (NTA)\/AFCOS, som er organet med ansvar for nasjonal samordning i sp\u00f8rsm\u00e5l om bekjempelse av svindel i Hellas (Lov 4622\/2019).<\/h4>\n<\/div>\n<\/div>\n<\/div>\n<\/div>\n<p>[\/vc_column_text][\/vc_column_inner][\/vc_row_inner][vc_row_inner css=&raquo;.vc_custom_1512387681637{margin-top: 50px !important;margin-bottom: 50px !important;border-top-width: 1px !important;border-right-width: 1px !important;border-bottom-width: 1px !important;border-left-width: 1px !important;background-color: #f4f7f9 !important;border-left-color: #dfe8ed !important;border-left-style: solid !important;border-right-color: #dfe8ed !important;border-right-style: solid !important;border-top-color: #dfe8ed !important;border-top-style: solid !important;border-bottom-color: #dfe8ed !important;border-bottom-style: solid !important;}&raquo;][vc_column_inner width=&raquo;1\/6&#8243;][vc_single_image image=&raquo;7206&#8243; img_size=&raquo;full&raquo; alignment=&raquo;center&raquo;][\/vc_column_inner][vc_column_inner width=&raquo;5\/6&#8243; css=&raquo;.vc_custom_1512468697962{border-left-width: 1px !important;border-left-color: #dfe8ed !important;border-left-style: solid !important;}&raquo;][vc_column_text css=&raquo;&raquo;]<a href=\"https:\/\/aead.gr\/complaints\/\"><strong>INNKOMST EN KLAGE<\/strong><\/a>[\/vc_column_text][\/vc_column_inner][\/vc_row_inner][vc_column_text]<em>VEDLEGG LOVGIVNING<\/em>[\/vc_column_text][vc_row_inner css=&raquo;.vc_custom_1512387681637{margin-top: 50px !important;margin-bottom: 50px !important;border-top-width: 1px !important;border-right-width: 1px !important;border-bottom-width: 1px !important;border-left-width: 1px !important;background-color: #f4f7f9 !important;border-left-color: #dfe8ed !important;border-left-style: solid !important;border-right-color: #dfe8ed !important;border-right-style: solid !important;border-top-color: #dfe8ed !important;border-top-style: solid !important;border-bottom-color: #dfe8ed !important;border-bottom-style: solid !important;}&raquo;][vc_column_inner width=&raquo;1\/6&#8243;][vc_single_image image=&raquo;7186&#8243; img_size=&raquo;full&raquo; alignment=&raquo;center&raquo;][\/vc_column_inner][vc_column_inner width=&raquo;5\/6&#8243; css=&raquo;.vc_custom_1512468697962{border-left-width: 1px !important;border-left-color: #dfe8ed !important;border-left-style: solid !important;}&raquo;][vc_column_text]<a href=\"https:\/\/ydeap.gr\/wp-content\/uploads\/2018\/03\/883.2013.pdf\">Forskrift nr. 883\/2013 fra Europaparlamentet <\/a>[\/vc_column_text][\/vc_column_inner][\/vc_row_inner][vc_row_inner css=&raquo;.vc_custom_1512387681637{margin-top: 50px !important;margin-bottom: 50px !important;border-top-width: 1px !important;border-right-width: 1px !important;border-bottom-width: 1px !important;border-left-width: 1px !important;background-color: #f4f7f9 !important;border-left-color: #dfe8ed !important;border-left-style: solid !important;border-right-color: #dfe8ed !important;border-right-style: solid !important;border-top-color: #dfe8ed !important;border-top-style: solid !important;border-bottom-color: #dfe8ed !important;border-bottom-style: solid !important;}&raquo;][vc_column_inner width=&raquo;1\/6&#8243;][vc_single_image image=&raquo;7186&#8243; img_size=&raquo;full&raquo; alignment=&raquo;center&raquo;][\/vc_column_inner][vc_column_inner width=&raquo;5\/6&#8243; css=&raquo;.vc_custom_1512468697962{border-left-width: 1px !important;border-left-color: #dfe8ed !important;border-left-style: solid !important;}&raquo;][vc_column_text]<a href=\"https:\/\/ydeap.gr\/wp-content\/uploads\/2018\/04\/%CE%9A%CE%B1%CF%84-%CE%B5%CE%BE%CE%BF%CF%85%CF%83.-%CE%9A%CE%B1%CE%BD-1973_2015.pdf\">EU Executive Regulation 2015\/1977 <\/a>[\/vc_column_text][\/vc_column_inner][\/vc_row_inner][vc_row_inner css=&raquo;.vc_custom_1512387681637{margin-top: 50px !important;margin-bottom: 50px !important;border-top-width: 1px !important;border-right-width: 1px !important;border-bottom-width: 1px !important;border-left-width: 1px !important;background-color: #f4f7f9 !important;border-left-color: #dfe8ed !important;border-left-style: solid !important;border-right-color: #dfe8ed !important;border-right-style: solid !important;border-top-color: #dfe8ed !important;border-top-style: solid !important;border-bottom-color: #dfe8ed !important;border-bottom-style: solid !important;}&raquo;][vc_column_inner width=&raquo;1\/6&#8243;][vc_single_image image=&raquo;7186&#8243; img_size=&raquo;full&raquo; alignment=&raquo;center&raquo;][\/vc_column_inner][vc_column_inner width=&raquo;5\/6&#8243; css=&raquo;.vc_custom_1512468697962{border-left-width: 1px !important;border-left-color: #dfe8ed !important;border-left-style: solid !important;}&raquo;][vc_column_text]<a href=\"https:\/\/ydeap.gr\/wp-content\/uploads\/2018\/04\/%CE%95%CE%BA%CF%84-%CE%9A%CE%B1%CE%BD-2015_1977.pdf\">Ved autorisasjon EU-forordning 2015\/1973 <\/a>[\/vc_column_text][\/vc_column_inner][\/vc_row_inner][vc_row_inner css=&raquo;.vc_custom_1512387681637{margin-top: 50px !important;margin-bottom: 50px !important;border-top-width: 1px !important;border-right-width: 1px !important;border-bottom-width: 1px !important;border-left-width: 1px !important;background-color: #f4f7f9 !important;border-left-color: #dfe8ed !important;border-left-style: solid !important;border-right-color: #dfe8ed !important;border-right-style: solid !important;border-top-color: #dfe8ed !important;border-top-style: solid !important;border-bottom-color: #dfe8ed !important;border-bottom-style: solid !important;}&raquo;][vc_column_inner width=&raquo;1\/6&#8243;][vc_single_image image=&raquo;7186&#8243; img_size=&raquo;full&raquo; alignment=&raquo;center&raquo;][\/vc_column_inner][vc_column_inner width=&raquo;5\/6&#8243; css=&raquo;.vc_custom_1512468697962{border-left-width: 1px !important;border-left-color: #dfe8ed !important;border-left-style: solid !important;}&raquo;][vc_column_text]<a href=\"https:\/\/ydeap.gr\/wp-content\/uploads\/2018\/03\/N.4320.15.pdf\">Lov 4320\/15 (Statstidende 29 A) &laquo;Arrangementer for \u00e5 ta umiddelbare tiltak for \u00e5 h\u00e5ndtere den humanit\u00e6re krisen, organiseringen av regjeringen og statlige organer og andre bestemmelser&raquo;<\/a>[\/vc_column_text][\/vc_column_inner][\/vc_row_inner][vc_row_inner css=&raquo;.vc_custom_1512387681637{margin-top: 50px !important;margin-bottom: 50px !important;border-top-width: 1px !important;border-right-width: 1px !important;border-bottom-width: 1px !important;border-left-width: 1px !important;background-color: #f4f7f9 !important;border-left-color: #dfe8ed !important;border-left-style: solid !important;border-right-color: #dfe8ed !important;border-right-style: solid !important;border-top-color: #dfe8ed !important;border-top-style: solid !important;border-bottom-color: #dfe8ed !important;border-bottom-style: solid !important;}&raquo;][vc_column_inner width=&raquo;1\/6&#8243;][vc_single_image image=&raquo;7186&#8243; img_size=&raquo;full&raquo; alignment=&raquo;center&raquo;][\/vc_column_inner][vc_column_inner width=&raquo;5\/6&#8243; css=&raquo;.vc_custom_1512468697962{border-left-width: 1px !important;border-left-color: #dfe8ed !important;border-left-style: solid !important;}&raquo;][vc_column_text]<a href=\"https:\/\/ydeap.gr\/wp-content\/uploads\/2018\/03\/84971..2016.pdf\">Utnevnelse av generalsekret\u00e6r for kampen mot korrupsjon<\/a>[\/vc_column_text][\/vc_column_inner][\/vc_row_inner][vc_row_inner css=&raquo;.vc_custom_1512387681637{margin-top: 50px !important;margin-bottom: 50px !important;border-top-width: 1px !important;border-right-width: 1px !important;border-bottom-width: 1px !important;border-left-width: 1px !important;background-color: #f4f7f9 !important;border-left-color: #dfe8ed !important;border-left-style: solid !important;border-right-color: #dfe8ed !important;border-right-style: solid !important;border-top-color: #dfe8ed !important;border-top-style: solid !important;border-bottom-color: #dfe8ed !important;border-bottom-style: solid !important;}&raquo;][vc_column_inner width=&raquo;1\/6&#8243;][vc_single_image image=&raquo;7186&#8243; img_size=&raquo;full&raquo; alignment=&raquo;center&raquo;][\/vc_column_inner][vc_column_inner width=&raquo;5\/6&#8243; css=&raquo;.vc_custom_1512468697962{border-left-width: 1px !important;border-left-color: #dfe8ed !important;border-left-style: solid !important;}&raquo;][vc_column_text]<a href=\"https:\/\/ydeap.gr\/wp-content\/uploads\/2018\/04\/EL-TRA-General-Guidelines-on-National-Anti-Fraud-Strategies.pdf\">Retningslinjer for nasjonale anti-svindelstrategier fra European Anti-Fraud Office (OLAF) <\/a>[\/vc_column_text][\/vc_column_inner][\/vc_row_inner][\/vc_column][\/vc_row][vc_row css=&raquo;.vc_custom_1510087190400{margin-top: -90px !important;}&raquo;][vc_column][vc_single_image image=&raquo;7124&#8243; img_size=&raquo;full&raquo; alignment=&raquo;center&raquo;][vc_custom_heading text=&raquo;F\u00d8LG OSS HER&raquo; font_container=&raquo;tag:h2|font_size:12|text_align:center|color:%236087a2|line_height:1&#8243; google_fonts=&raquo;font_family:Open%20Sans%3A300%2C300italic%2Cregular%2Citalic%2C600%2C600italic%2C700%2C700italic%2C800%2C800italic|font_style:400%20regular%3A400%3Anormal&raquo;][vc_column_text]<\/p>\n<p style=\"text-align: center;\"><a href=\"https:\/\/www.facebook.com\/pg\/%CE%A5%CE%94%CE%95%CE%91%CE%A0-EDPD-1343665249045273\/posts\/?ref=page_internal\"><img loading=\"lazy\" decoding=\"async\" class=\"alignnone size-full wp-image-306\" src=\"https:\/\/ydeap.gr\/wp-content\/uploads\/2017\/11\/facebook.jpg\" alt=\"\" width=\"8\" height=\"18\" \/><\/a><\/p>\n<p>[\/vc_column_text][\/vc_column][\/vc_row][vc_row][vc_column][vc_column_text]<\/p>\n<p>[\/vc_column_text][\/vc_column][\/vc_row]<\/p>\n<\/div>","protected":false},"excerpt":{"rendered":"<p>[vc_row][vc_column css=&raquo;.vc_custom_1511006756505{padding-right: 20px !important;padding-left: 50px !important;}&raquo;][vc_row_inner][vc_column_inner css=&raquo;.vc_custom_1511006867340{padding-top: 10px !important;padding-right: 0px !important;padding-left: 0px !important;}&raquo;][vc_single_image image=&raquo;7220&#8243; img_size=&raquo;full&raquo; alignment=&raquo;center&raquo;][vc_column_text css=&raquo;&raquo;] Det nasjonale kontaktpunktet \u03b3\u03b9\u03b1 varsler vedr\u00f8rende samfinansierte programmer\/prosjekter er Den nasjonale \u00e5penhetsmyndigheten (NTA)\/AFCOS, som er organet med ansvar for nasjonal samordning i sp\u00f8rsm\u00e5l om bekjempelse av svindel i Hellas (Lov 4622\/2019). [\/vc_column_text][\/vc_column_inner][\/vc_row_inner][vc_row_inner css=&raquo;.vc_custom_1512387681637{margin-top: 50px !important;margin-bottom: 50px !important;border-top-width: 1px&hellip;<\/p>\n","protected":false},"author":19,"featured_media":0,"parent":0,"menu_order":0,"comment_status":"closed","ping_status":"closed","template":"","meta":{"footnotes":""},"class_list":["post-10081","page","type-page","status-publish","hentry","description-off"],"yoast_head":"<!-- This site is optimized with the Yoast SEO plugin v26.9 - https:\/\/yoast.com\/product\/yoast-seo-wordpress\/ -->\n<title>Anmeldelser - \u03a5\u0394\u0395\u0391\u03a0<\/title>\n<meta name=\"robots\" content=\"index, follow, max-snippet:-1, max-image-preview:large, max-video-preview:-1\" \/>\n<link rel=\"canonical\" href=\"https:\/\/ydeap.gr\/no\/anmeldelser\/\" \/>\n<meta property=\"og:locale\" content=\"nb_NO\" \/>\n<meta property=\"og:type\" content=\"article\" \/>\n<meta property=\"og:title\" content=\"Anmeldelser - \u03a5\u0394\u0395\u0391\u03a0\" \/>\n<meta property=\"og:description\" content=\"[vc_row][vc_column css=&raquo;.vc_custom_1511006756505{padding-right: 20px !important;padding-left: 50px !important;}&raquo;][vc_row_inner][vc_column_inner css=&raquo;.vc_custom_1511006867340{padding-top: 10px !important;padding-right: 0px !important;padding-left: 0px !important;}&raquo;][vc_single_image image=&raquo;7220&#8243; img_size=&raquo;full&raquo; alignment=&raquo;center&raquo;][vc_column_text css=&raquo;&raquo;] Det nasjonale kontaktpunktet \u03b3\u03b9\u03b1 varsler vedr\u00f8rende samfinansierte programmer\/prosjekter er Den nasjonale \u00e5penhetsmyndigheten (NTA)\/AFCOS, som er organet med ansvar for nasjonal samordning i sp\u00f8rsm\u00e5l om bekjempelse av svindel i Hellas (Lov 4622\/2019). [\/vc_column_text][\/vc_column_inner][\/vc_row_inner][vc_row_inner css=&raquo;.vc_custom_1512387681637{margin-top: 50px !important;margin-bottom: 50px !important;border-top-width: 1px&hellip;\" \/>\n<meta property=\"og:url\" content=\"https:\/\/ydeap.gr\/no\/anmeldelser\/\" \/>\n<meta property=\"og:site_name\" content=\"\u03a5\u0394\u0395\u0391\u03a0\" \/>\n<meta property=\"article:modified_time\" content=\"2026-01-30T10:07:06+00:00\" \/>\n<meta property=\"og:image\" content=\"https:\/\/ydeap.gr\/wp-content\/uploads\/2017\/11\/facebook.jpg\" \/>\n<meta name=\"twitter:card\" content=\"summary_large_image\" \/>\n<meta name=\"twitter:label1\" content=\"Ansl. lesetid\" \/>\n\t<meta name=\"twitter:data1\" content=\"5 minutter\" \/>\n<script type=\"application\/ld+json\" class=\"yoast-schema-graph\">{\"@context\":\"https:\/\/schema.org\",\"@graph\":[{\"@type\":\"WebPage\",\"@id\":\"https:\/\/ydeap.gr\/no\/anmeldelser\/\",\"url\":\"https:\/\/ydeap.gr\/no\/anmeldelser\/\",\"name\":\"Anmeldelser - \u03a5\u0394\u0395\u0391\u03a0\",\"isPartOf\":{\"@id\":\"https:\/\/ydeap.gr\/no\/#website\"},\"primaryImageOfPage\":{\"@id\":\"https:\/\/ydeap.gr\/no\/anmeldelser\/#primaryimage\"},\"image\":{\"@id\":\"https:\/\/ydeap.gr\/no\/anmeldelser\/#primaryimage\"},\"thumbnailUrl\":\"https:\/\/ydeap.gr\/wp-content\/uploads\/2017\/11\/facebook.jpg\",\"datePublished\":\"2017-11-07T16:51:25+00:00\",\"dateModified\":\"2026-01-30T10:07:06+00:00\",\"breadcrumb\":{\"@id\":\"https:\/\/ydeap.gr\/no\/anmeldelser\/#breadcrumb\"},\"inLanguage\":\"nb-NO\",\"potentialAction\":[{\"@type\":\"ReadAction\",\"target\":[\"https:\/\/ydeap.gr\/no\/anmeldelser\/\"]}]},{\"@type\":\"ImageObject\",\"inLanguage\":\"nb-NO\",\"@id\":\"https:\/\/ydeap.gr\/no\/anmeldelser\/#primaryimage\",\"url\":\"https:\/\/ydeap.gr\/wp-content\/uploads\/2017\/11\/facebook.jpg\",\"contentUrl\":\"https:\/\/ydeap.gr\/wp-content\/uploads\/2017\/11\/facebook.jpg\"},{\"@type\":\"BreadcrumbList\",\"@id\":\"https:\/\/ydeap.gr\/no\/anmeldelser\/#breadcrumb\",\"itemListElement\":[{\"@type\":\"ListItem\",\"position\":1,\"name\":\"\u0391\u03c1\u03c7\u03b9\u03ba\u03ae\",\"item\":\"https:\/\/ydeap.gr\/no\/\"},{\"@type\":\"ListItem\",\"position\":2,\"name\":\"Anmeldelser\"}]},{\"@type\":\"WebSite\",\"@id\":\"https:\/\/ydeap.gr\/no\/#website\",\"url\":\"https:\/\/ydeap.gr\/no\/\",\"name\":\"\u03a5\u0394\u0395\u0391\u03a0\",\"description\":\"\u0391\u03a1\u03a7\u0399\u039a\u0397\",\"potentialAction\":[{\"@type\":\"SearchAction\",\"target\":{\"@type\":\"EntryPoint\",\"urlTemplate\":\"https:\/\/ydeap.gr\/no\/?s={search_term_string}\"},\"query-input\":{\"@type\":\"PropertyValueSpecification\",\"valueRequired\":true,\"valueName\":\"search_term_string\"}}],\"inLanguage\":\"nb-NO\"}]}<\/script>\n<!-- \/ Yoast SEO plugin. -->","yoast_head_json":{"title":"Anmeldelser - \u03a5\u0394\u0395\u0391\u03a0","robots":{"index":"index","follow":"follow","max-snippet":"max-snippet:-1","max-image-preview":"max-image-preview:large","max-video-preview":"max-video-preview:-1"},"canonical":"https:\/\/ydeap.gr\/no\/anmeldelser\/","og_locale":"nb_NO","og_type":"article","og_title":"Anmeldelser - \u03a5\u0394\u0395\u0391\u03a0","og_description":"[vc_row][vc_column css=&raquo;.vc_custom_1511006756505{padding-right: 20px !important;padding-left: 50px !important;}&raquo;][vc_row_inner][vc_column_inner css=&raquo;.vc_custom_1511006867340{padding-top: 10px !important;padding-right: 0px !important;padding-left: 0px !important;}&raquo;][vc_single_image image=&raquo;7220&#8243; img_size=&raquo;full&raquo; alignment=&raquo;center&raquo;][vc_column_text css=&raquo;&raquo;] Det nasjonale kontaktpunktet \u03b3\u03b9\u03b1 varsler vedr\u00f8rende samfinansierte programmer\/prosjekter er Den nasjonale \u00e5penhetsmyndigheten (NTA)\/AFCOS, som er organet med ansvar for nasjonal samordning i sp\u00f8rsm\u00e5l om bekjempelse av svindel i Hellas (Lov 4622\/2019). [\/vc_column_text][\/vc_column_inner][\/vc_row_inner][vc_row_inner css=&raquo;.vc_custom_1512387681637{margin-top: 50px !important;margin-bottom: 50px !important;border-top-width: 1px&hellip;","og_url":"https:\/\/ydeap.gr\/no\/anmeldelser\/","og_site_name":"\u03a5\u0394\u0395\u0391\u03a0","article_modified_time":"2026-01-30T10:07:06+00:00","og_image":[{"url":"https:\/\/ydeap.gr\/wp-content\/uploads\/2017\/11\/facebook.jpg","type":"","width":"","height":""}],"twitter_card":"summary_large_image","twitter_misc":{"Ansl. lesetid":"5 minutter"},"schema":{"@context":"https:\/\/schema.org","@graph":[{"@type":"WebPage","@id":"https:\/\/ydeap.gr\/no\/anmeldelser\/","url":"https:\/\/ydeap.gr\/no\/anmeldelser\/","name":"Anmeldelser - \u03a5\u0394\u0395\u0391\u03a0","isPartOf":{"@id":"https:\/\/ydeap.gr\/no\/#website"},"primaryImageOfPage":{"@id":"https:\/\/ydeap.gr\/no\/anmeldelser\/#primaryimage"},"image":{"@id":"https:\/\/ydeap.gr\/no\/anmeldelser\/#primaryimage"},"thumbnailUrl":"https:\/\/ydeap.gr\/wp-content\/uploads\/2017\/11\/facebook.jpg","datePublished":"2017-11-07T16:51:25+00:00","dateModified":"2026-01-30T10:07:06+00:00","breadcrumb":{"@id":"https:\/\/ydeap.gr\/no\/anmeldelser\/#breadcrumb"},"inLanguage":"nb-NO","potentialAction":[{"@type":"ReadAction","target":["https:\/\/ydeap.gr\/no\/anmeldelser\/"]}]},{"@type":"ImageObject","inLanguage":"nb-NO","@id":"https:\/\/ydeap.gr\/no\/anmeldelser\/#primaryimage","url":"https:\/\/ydeap.gr\/wp-content\/uploads\/2017\/11\/facebook.jpg","contentUrl":"https:\/\/ydeap.gr\/wp-content\/uploads\/2017\/11\/facebook.jpg"},{"@type":"BreadcrumbList","@id":"https:\/\/ydeap.gr\/no\/anmeldelser\/#breadcrumb","itemListElement":[{"@type":"ListItem","position":1,"name":"\u0391\u03c1\u03c7\u03b9\u03ba\u03ae","item":"https:\/\/ydeap.gr\/no\/"},{"@type":"ListItem","position":2,"name":"Anmeldelser"}]},{"@type":"WebSite","@id":"https:\/\/ydeap.gr\/no\/#website","url":"https:\/\/ydeap.gr\/no\/","name":"\u03a5\u0394\u0395\u0391\u03a0","description":"\u0391\u03a1\u03a7\u0399\u039a\u0397","potentialAction":[{"@type":"SearchAction","target":{"@type":"EntryPoint","urlTemplate":"https:\/\/ydeap.gr\/no\/?s={search_term_string}"},"query-input":{"@type":"PropertyValueSpecification","valueRequired":true,"valueName":"search_term_string"}}],"inLanguage":"nb-NO"}]}},"_links":{"self":[{"href":"https:\/\/ydeap.gr\/no\/wp-json\/wp\/v2\/pages\/10081","targetHints":{"allow":["GET"]}}],"collection":[{"href":"https:\/\/ydeap.gr\/no\/wp-json\/wp\/v2\/pages"}],"about":[{"href":"https:\/\/ydeap.gr\/no\/wp-json\/wp\/v2\/types\/page"}],"author":[{"embeddable":true,"href":"https:\/\/ydeap.gr\/no\/wp-json\/wp\/v2\/users\/19"}],"replies":[{"embeddable":true,"href":"https:\/\/ydeap.gr\/no\/wp-json\/wp\/v2\/comments?post=10081"}],"version-history":[{"count":9,"href":"https:\/\/ydeap.gr\/no\/wp-json\/wp\/v2\/pages\/10081\/revisions"}],"predecessor-version":[{"id":13419,"href":"https:\/\/ydeap.gr\/no\/wp-json\/wp\/v2\/pages\/10081\/revisions\/13419"}],"wp:attachment":[{"href":"https:\/\/ydeap.gr\/no\/wp-json\/wp\/v2\/media?parent=10081"}],"curies":[{"name":"wp","href":"https:\/\/api.w.org\/{rel}","templated":true}]}}