{"id":10073,"date":"2017-11-07T11:22:32","date_gmt":"2017-11-07T09:22:32","guid":{"rendered":"https:\/\/ydeap.eu\/teknisk-stotte\/"},"modified":"2023-06-16T15:27:50","modified_gmt":"2023-06-16T12:27:50","slug":"teknisk-stotte","status":"publish","type":"page","link":"https:\/\/ydeap.gr\/no\/teknisk-stotte\/","title":{"rendered":"Teknisk st\u00f8tte"},"content":{"rendered":"<div class=\"wpb-content-wrapper\"><p>[vc_row css=&raquo;.vc_custom_1510087190400{margin-top: -90px !important;}&raquo;][vc_column][vc_empty_space height=&raquo;60px&raquo;][vc_column_text]<\/p>\n<div class=\"container\">\n<div class=\"vc_row wpb_row vc_row-fluid\">\n<div class=\"wpb_column vc_column_container vc_col-sm-12\">\n<div class=\"vc_column-inner vc_custom_1511006756505\">\n<div class=\"wpb_wrapper\">\n<div class=\"vc_row wpb_row vc_inner vc_row-fluid\">\n<div class=\"wpb_column vc_column_container vc_col-sm-12\">\n<div class=\"vc_column-inner \">\n<div class=\"wpb_wrapper\">\n<div id=\"nitro_custom_css_637768169\" class=\"nitro-dropcaps \"><span class=\"big tc no-bg fl fwb bs-50\">F<\/span>or hvert nasjonalt program kan teknisk bistand st\u00f8tte tiltak for forberedelse, forvaltning, overv\u00e5king, evaluering, informasjon og kommunikasjon, nettverksorganisering, regnskap og annen kontroll samt tiltak for \u00e5 styrke administrativ kapasitet. Tiltak kan omfatte:<\/div>\n<div class=\"wpb_text_column wpb_content_element \">\n<div class=\"wpb_wrapper\">\n<p>a) kostnader knyttet til forberedelse, utvelgelse, evaluering, styring og overv\u00e5king av programmet, handlingene eller prosjektene<\/p>\n<p>b) kostnader knyttet til regnskap og stedlig revisjon av handlinger eller prosjekter<\/p>\n<p>c) kostnader knyttet til evalueringer av programmet, handlingene eller prosjektene<\/p>\n<p>d) kostnader knyttet til informasjon, publisitet og \u00e5penhet i forhold til programmet, handlingene eller prosjektene, inkludert kostnader som p\u00e5l\u00f8per for informasjon, promotering og kostnader til informasjons- og bevisstgj\u00f8ringskampanjer knyttet til form\u00e5let med programmet, som organiseres bl.a. det lokale niv\u00e5et<\/p>\n<p>e) kostnader til kj\u00f8p, installasjon og vedlikehold av informasjonssystemer for styring, overv\u00e5king og evaluering av denne forskriften og s\u00e6rforskriftene<\/p>\n<p>f) utgifter til m\u00f8tene i overv\u00e5kingskomiteene og underkomiteene vedr\u00f8rende gjennomf\u00f8ringen av tiltakene, inkludert utgifter til eksperter og andre deltakere i disse komiteene og inkludert deltakere fra tredjeland, dersom deres tilstedev\u00e6relse er n\u00f8dvendig for en effektiv gjennomf\u00f8ring av programmene, handlinger eller prosjekter<\/p>\n<p>g) utgifter til styrking av den administrative kapasiteten ved implementering av fondene.<\/p>\n<p>Bevilgninger til teknisk bistand kan brukes til \u00e5 st\u00f8tte tiltak for \u00e5 redusere den administrative byrden for mottakere og kompetente myndigheter, inkludert elektroniske datautvekslingssystemer, og tiltak for \u00e5 styrke kapasiteten til medlemsstatenes myndigheter og mottakere til \u00e5 administrere og gj\u00f8re bruk av st\u00f8tten gitt av spesielle forskrifter. Tiltak kan ogs\u00e5 gjelde tidligere og etterf\u00f8lgende \u00f8konomiske rammer. Der en eller flere kompetente myndigheter er felles for mer enn ett nasjonalt program, kan bevilgninger til utgifter til teknisk bistand i hvert av de relevante programmene sl\u00e5s sammen, enten helt eller delvis.<\/p>\n<\/div>\n<\/div>\n<\/div>\n<\/div>\n<\/div>\n<\/div>\n<\/div>\n<\/div>\n<\/div>\n<\/div>\n<\/div>\n<div class=\"container\">\n<div class=\"vc_row wpb_row vc_row-fluid\"><\/div>\n<\/div>\n<p>[\/vc_column_text][vc_single_image image=&raquo;7124&#8243; img_size=&raquo;full&raquo; alignment=&raquo;center&raquo;][vc_custom_heading text=&raquo;F\u00d8LG OSS HER&raquo; font_container=&raquo;tag:h2|font_size:12|text_align:center|color:%236087a2|line_height:1&#8243; google_fonts=&raquo;font_family:Open%20Sans%3A300%2C300italic%2Cregular%2Citalic%2C600%2C600italic%2C700%2C700italic%2C800%2C800italic|font_style:400%20regular%3A400%3Anormal&raquo;][vc_column_text]<\/p>\n<p style=\"text-align: center;\"><a href=\"https:\/\/www.facebook.com\/pg\/%CE%A5%CE%94%CE%95%CE%91%CE%A0-EDPD-1343665249045273\/posts\/?ref=page_internal\"><img loading=\"lazy\" decoding=\"async\" class=\"alignnone size-full wp-image-306\" src=\"https:\/\/ydeap.gr\/wp-content\/uploads\/2017\/11\/facebook.jpg\" alt=\"\" width=\"8\" height=\"18\"><\/a><\/p>\n<p>[\/vc_column_text][\/vc_column][\/vc_row]<\/p>\n<\/div>","protected":false},"excerpt":{"rendered":"<p>[vc_row css=&raquo;.vc_custom_1510087190400{margin-top: -90px !important;}&raquo;][vc_column][vc_empty_space height=&raquo;60px&raquo;][vc_column_text] For hvert nasjonalt program kan teknisk bistand st\u00f8tte tiltak for forberedelse, forvaltning, overv\u00e5king, evaluering, informasjon og kommunikasjon, nettverksorganisering, regnskap og annen kontroll samt tiltak for \u00e5 styrke administrativ kapasitet. Tiltak kan omfatte: a) kostnader knyttet til forberedelse, utvelgelse, evaluering, styring og overv\u00e5king av programmet, handlingene eller prosjektene b) kostnader knyttet&hellip;<\/p>\n","protected":false},"author":19,"featured_media":0,"parent":0,"menu_order":0,"comment_status":"closed","ping_status":"closed","template":"","meta":{"footnotes":""},"class_list":["post-10073","page","type-page","status-publish","hentry","description-off"],"yoast_head":"<!-- This site is optimized with the Yoast SEO plugin v26.9 - https:\/\/yoast.com\/product\/yoast-seo-wordpress\/ -->\n<title>Teknisk st\u00f8tte - \u03a5\u0394\u0395\u0391\u03a0<\/title>\n<meta name=\"robots\" content=\"index, follow, max-snippet:-1, max-image-preview:large, max-video-preview:-1\" \/>\n<link rel=\"canonical\" href=\"https:\/\/ydeap.gr\/no\/teknisk-stotte\/\" \/>\n<meta property=\"og:locale\" content=\"nb_NO\" \/>\n<meta property=\"og:type\" content=\"article\" \/>\n<meta property=\"og:title\" content=\"Teknisk st\u00f8tte - \u03a5\u0394\u0395\u0391\u03a0\" \/>\n<meta property=\"og:description\" content=\"[vc_row css=&raquo;.vc_custom_1510087190400{margin-top: -90px !important;}&raquo;][vc_column][vc_empty_space height=&raquo;60px&raquo;][vc_column_text] For hvert nasjonalt program kan teknisk bistand st\u00f8tte tiltak for forberedelse, forvaltning, overv\u00e5king, evaluering, informasjon og kommunikasjon, nettverksorganisering, regnskap og annen kontroll samt tiltak for \u00e5 styrke administrativ kapasitet. Tiltak kan omfatte: a) kostnader knyttet til forberedelse, utvelgelse, evaluering, styring og overv\u00e5king av programmet, handlingene eller prosjektene b) kostnader knyttet&hellip;\" \/>\n<meta property=\"og:url\" content=\"https:\/\/ydeap.gr\/no\/teknisk-stotte\/\" \/>\n<meta property=\"og:site_name\" content=\"\u03a5\u0394\u0395\u0391\u03a0\" \/>\n<meta property=\"article:modified_time\" content=\"2023-06-16T12:27:50+00:00\" \/>\n<meta property=\"og:image\" content=\"https:\/\/ydeap.gr\/wp-content\/uploads\/2017\/11\/facebook.jpg\" \/>\n<meta name=\"twitter:card\" content=\"summary_large_image\" \/>\n<meta name=\"twitter:label1\" content=\"Ansl. lesetid\" \/>\n\t<meta name=\"twitter:data1\" content=\"2 minutter\" \/>\n<script type=\"application\/ld+json\" class=\"yoast-schema-graph\">{\"@context\":\"https:\/\/schema.org\",\"@graph\":[{\"@type\":\"WebPage\",\"@id\":\"https:\/\/ydeap.gr\/no\/teknisk-stotte\/\",\"url\":\"https:\/\/ydeap.gr\/no\/teknisk-stotte\/\",\"name\":\"Teknisk st\u00f8tte - \u03a5\u0394\u0395\u0391\u03a0\",\"isPartOf\":{\"@id\":\"https:\/\/ydeap.gr\/no\/#website\"},\"primaryImageOfPage\":{\"@id\":\"https:\/\/ydeap.gr\/no\/teknisk-stotte\/#primaryimage\"},\"image\":{\"@id\":\"https:\/\/ydeap.gr\/no\/teknisk-stotte\/#primaryimage\"},\"thumbnailUrl\":\"https:\/\/ydeap.gr\/wp-content\/uploads\/2017\/11\/facebook.jpg\",\"datePublished\":\"2017-11-07T09:22:32+00:00\",\"dateModified\":\"2023-06-16T12:27:50+00:00\",\"breadcrumb\":{\"@id\":\"https:\/\/ydeap.gr\/no\/teknisk-stotte\/#breadcrumb\"},\"inLanguage\":\"nb-NO\",\"potentialAction\":[{\"@type\":\"ReadAction\",\"target\":[\"https:\/\/ydeap.gr\/no\/teknisk-stotte\/\"]}]},{\"@type\":\"ImageObject\",\"inLanguage\":\"nb-NO\",\"@id\":\"https:\/\/ydeap.gr\/no\/teknisk-stotte\/#primaryimage\",\"url\":\"https:\/\/ydeap.gr\/wp-content\/uploads\/2017\/11\/facebook.jpg\",\"contentUrl\":\"https:\/\/ydeap.gr\/wp-content\/uploads\/2017\/11\/facebook.jpg\"},{\"@type\":\"BreadcrumbList\",\"@id\":\"https:\/\/ydeap.gr\/no\/teknisk-stotte\/#breadcrumb\",\"itemListElement\":[{\"@type\":\"ListItem\",\"position\":1,\"name\":\"\u0391\u03c1\u03c7\u03b9\u03ba\u03ae\",\"item\":\"https:\/\/ydeap.gr\/no\/\"},{\"@type\":\"ListItem\",\"position\":2,\"name\":\"Teknisk st\u00f8tte\"}]},{\"@type\":\"WebSite\",\"@id\":\"https:\/\/ydeap.gr\/no\/#website\",\"url\":\"https:\/\/ydeap.gr\/no\/\",\"name\":\"\u03a5\u0394\u0395\u0391\u03a0\",\"description\":\"\u0391\u03a1\u03a7\u0399\u039a\u0397\",\"potentialAction\":[{\"@type\":\"SearchAction\",\"target\":{\"@type\":\"EntryPoint\",\"urlTemplate\":\"https:\/\/ydeap.gr\/no\/?s={search_term_string}\"},\"query-input\":{\"@type\":\"PropertyValueSpecification\",\"valueRequired\":true,\"valueName\":\"search_term_string\"}}],\"inLanguage\":\"nb-NO\"}]}<\/script>\n<!-- \/ Yoast SEO plugin. -->","yoast_head_json":{"title":"Teknisk st\u00f8tte - \u03a5\u0394\u0395\u0391\u03a0","robots":{"index":"index","follow":"follow","max-snippet":"max-snippet:-1","max-image-preview":"max-image-preview:large","max-video-preview":"max-video-preview:-1"},"canonical":"https:\/\/ydeap.gr\/no\/teknisk-stotte\/","og_locale":"nb_NO","og_type":"article","og_title":"Teknisk st\u00f8tte - \u03a5\u0394\u0395\u0391\u03a0","og_description":"[vc_row css=&raquo;.vc_custom_1510087190400{margin-top: -90px !important;}&raquo;][vc_column][vc_empty_space height=&raquo;60px&raquo;][vc_column_text] For hvert nasjonalt program kan teknisk bistand st\u00f8tte tiltak for forberedelse, forvaltning, overv\u00e5king, evaluering, informasjon og kommunikasjon, nettverksorganisering, regnskap og annen kontroll samt tiltak for \u00e5 styrke administrativ kapasitet. Tiltak kan omfatte: a) kostnader knyttet til forberedelse, utvelgelse, evaluering, styring og overv\u00e5king av programmet, handlingene eller prosjektene b) kostnader knyttet&hellip;","og_url":"https:\/\/ydeap.gr\/no\/teknisk-stotte\/","og_site_name":"\u03a5\u0394\u0395\u0391\u03a0","article_modified_time":"2023-06-16T12:27:50+00:00","og_image":[{"url":"https:\/\/ydeap.gr\/wp-content\/uploads\/2017\/11\/facebook.jpg","type":"","width":"","height":""}],"twitter_card":"summary_large_image","twitter_misc":{"Ansl. lesetid":"2 minutter"},"schema":{"@context":"https:\/\/schema.org","@graph":[{"@type":"WebPage","@id":"https:\/\/ydeap.gr\/no\/teknisk-stotte\/","url":"https:\/\/ydeap.gr\/no\/teknisk-stotte\/","name":"Teknisk st\u00f8tte - \u03a5\u0394\u0395\u0391\u03a0","isPartOf":{"@id":"https:\/\/ydeap.gr\/no\/#website"},"primaryImageOfPage":{"@id":"https:\/\/ydeap.gr\/no\/teknisk-stotte\/#primaryimage"},"image":{"@id":"https:\/\/ydeap.gr\/no\/teknisk-stotte\/#primaryimage"},"thumbnailUrl":"https:\/\/ydeap.gr\/wp-content\/uploads\/2017\/11\/facebook.jpg","datePublished":"2017-11-07T09:22:32+00:00","dateModified":"2023-06-16T12:27:50+00:00","breadcrumb":{"@id":"https:\/\/ydeap.gr\/no\/teknisk-stotte\/#breadcrumb"},"inLanguage":"nb-NO","potentialAction":[{"@type":"ReadAction","target":["https:\/\/ydeap.gr\/no\/teknisk-stotte\/"]}]},{"@type":"ImageObject","inLanguage":"nb-NO","@id":"https:\/\/ydeap.gr\/no\/teknisk-stotte\/#primaryimage","url":"https:\/\/ydeap.gr\/wp-content\/uploads\/2017\/11\/facebook.jpg","contentUrl":"https:\/\/ydeap.gr\/wp-content\/uploads\/2017\/11\/facebook.jpg"},{"@type":"BreadcrumbList","@id":"https:\/\/ydeap.gr\/no\/teknisk-stotte\/#breadcrumb","itemListElement":[{"@type":"ListItem","position":1,"name":"\u0391\u03c1\u03c7\u03b9\u03ba\u03ae","item":"https:\/\/ydeap.gr\/no\/"},{"@type":"ListItem","position":2,"name":"Teknisk st\u00f8tte"}]},{"@type":"WebSite","@id":"https:\/\/ydeap.gr\/no\/#website","url":"https:\/\/ydeap.gr\/no\/","name":"\u03a5\u0394\u0395\u0391\u03a0","description":"\u0391\u03a1\u03a7\u0399\u039a\u0397","potentialAction":[{"@type":"SearchAction","target":{"@type":"EntryPoint","urlTemplate":"https:\/\/ydeap.gr\/no\/?s={search_term_string}"},"query-input":{"@type":"PropertyValueSpecification","valueRequired":true,"valueName":"search_term_string"}}],"inLanguage":"nb-NO"}]}},"_links":{"self":[{"href":"https:\/\/ydeap.gr\/no\/wp-json\/wp\/v2\/pages\/10073","targetHints":{"allow":["GET"]}}],"collection":[{"href":"https:\/\/ydeap.gr\/no\/wp-json\/wp\/v2\/pages"}],"about":[{"href":"https:\/\/ydeap.gr\/no\/wp-json\/wp\/v2\/types\/page"}],"author":[{"embeddable":true,"href":"https:\/\/ydeap.gr\/no\/wp-json\/wp\/v2\/users\/19"}],"replies":[{"embeddable":true,"href":"https:\/\/ydeap.gr\/no\/wp-json\/wp\/v2\/comments?post=10073"}],"version-history":[{"count":3,"href":"https:\/\/ydeap.gr\/no\/wp-json\/wp\/v2\/pages\/10073\/revisions"}],"predecessor-version":[{"id":10076,"href":"https:\/\/ydeap.gr\/no\/wp-json\/wp\/v2\/pages\/10073\/revisions\/10076"}],"wp:attachment":[{"href":"https:\/\/ydeap.gr\/no\/wp-json\/wp\/v2\/media?parent=10073"}],"curies":[{"name":"wp","href":"https:\/\/api.w.org\/{rel}","templated":true}]}}