{"id":10015,"date":"2017-11-27T21:22:50","date_gmt":"2017-11-27T19:22:50","guid":{"rendered":"https:\/\/ydeap.eu\/invitasjoner\/"},"modified":"2023-06-16T19:14:03","modified_gmt":"2023-06-16T16:14:03","slug":"invitasjoner","status":"publish","type":"page","link":"https:\/\/ydeap.gr\/no\/invitasjoner\/","title":{"rendered":"Invitasjoner"},"content":{"rendered":"<div class=\"wpb-content-wrapper\"><p>[vc_row][vc_column css=&raquo;.vc_custom_1511006756505{padding-right: 20px !important;padding-left: 50px !important;}&raquo;][vc_single_image image=&raquo;8590&#8243; img_size=&raquo;full&raquo; alignment=&raquo;center&raquo;][vc_row_inner][vc_column_inner css=&raquo;.vc_custom_1511006867340{padding-top: 10px !important;padding-right: 0px !important;padding-left: 0px !important;}&raquo;][vc_single_image image=&raquo;8724&#8243; img_size=&raquo;full&raquo; alignment=&raquo;center&raquo; style=&raquo;vc_box_shadow_3d&raquo;][\/vc_column_inner][\/vc_row_inner][vc_row_inner css=&raquo;.vc_custom_1596867411810{margin-bottom: 20px !important;}&raquo;][vc_column_inner][vc_custom_heading text=&raquo;Vedlagte filer&raquo; font_container=&raquo;tag:h4|text_align:left&raquo; google_fonts=&raquo;font_family:Roboto%3A100%2C100italic%2C300%2C300italic%2Cregular%2Citalic%2C500%2C500italic%2C700%2C700italic%2C900%2C900italic|font_style:400%20regular%3A400%3Anormal&raquo;][\/vc_column_inner][\/vc_row_inner][vc_row_inner css=&raquo;.vc_custom_1596868338610{margin-top: 5px !important;margin-bottom: 5px !important;border-bottom-width: 1px !important;background-color: #f4f7f9 !important;border-bottom-color: #dfe8ed !important;border-bottom-style: solid !important;}&raquo;][vc_column_inner width=&raquo;1\/6&#8243; background_position=&raquo;right center&raquo;][vc_single_image image=&raquo;7186&#8243; img_size=&raquo;full&raquo; alignment=&raquo;center&raquo;][\/vc_column_inner][vc_column_inner width=&raquo;5\/6&#8243;][vc_column_text]<a href=\"https:\/\/ydeap.gr\/wp-content\/uploads\/2023\/05\/9%CE%993%CE%9746%CE%9C%CE%A4%CE%9B%CE%92-8%CE%9D%CE%9E.pdf\"><span lang=\"EN-US\">&#8211;<\/span>Publisering av invitasjon med kode \u00abGR-G\/SGS\u00bb, A\/A OPS EEA 6615 og tittel \u00abSmall Grant Scheme \u2013 Improved Strategic Planning and Response to Emergencies\u00bb av programmet \u00abCapacity Building of National Asylum and Migration Management Systems\u00bb, i rammeverket for det europeiske \u00f8konomiske samarbeidsomr\u00e5dets finansielle mekanisme (XM EOX), perioden 2014-2021 [Frist for innsending av forslag: 03\/07\/2023]<\/a><\/p>\n<p><a href=\"https:\/\/ydeap.gr\/wp-content\/uploads\/2023\/05\/%CE%A5%CF%80%CE%BF%CF%83%CF%84%CE%B7%CF%81%CE%B9%CE%BA%CF%84%CE%B9%CE%BA%CE%AC-%CE%88%CE%B3%CE%B3%CF%81%CE%B1%CF%86%CE%B1-Supportive-Documentation.zip\">Vedlagte filer<\/a>[\/vc_column_text][\/vc_column_inner][\/vc_row_inner][vc_row_inner css=&raquo;.vc_custom_1596868338610{margin-top: 5px !important;margin-bottom: 5px !important;border-bottom-width: 1px !important;background-color: #f4f7f9 !important;border-bottom-color: #dfe8ed !important;border-bottom-style: solid !important;}&raquo;][vc_column_inner width=&raquo;1\/6&#8243; background_position=&raquo;right center&raquo;][vc_single_image image=&raquo;7186&#8243; img_size=&raquo;full&raquo; alignment=&raquo;center&raquo;][\/vc_column_inner][vc_column_inner width=&raquo;5\/6&#8243;][vc_column_text]<a href=\"https:\/\/ydeap.gr\/wp-content\/uploads\/2022\/08\/%CE%A8%CE%97%CE%9A546%CE%9C%CE%A4%CE%9B%CE%92-%CE%96%CE%A3%CE%93.pdf\">Publikasjon av invitasjon med tittelen &laquo;Actions of Bilateral Interest of the GR-G Programme &laquo;Development of the Management Capabilities of the National Asylum and Immigration Systems&raquo;&raquo; og A\/A OPS EEA 5942 for innsending av forslag innenfor rammen av programmet til Financial Mechanism of the European Economic Area perioden 2014-2021 (E\u00d8S 2014 \u2013 2021) \u2013 Bilateral Relations Fund.<\/a><\/p>\n<p><a href=\"https:\/\/ydeap.gr\/wp-content\/uploads\/2022\/08\/%CE%A3%CF%85%CE%BD%CE%B7%CE%BC%CE%BC%CE%AD%CE%BD%CE%B1-%CF%83%CF%84%CE%B7%CE%BD-%CF%85%CF%80-%CE%B1%CF%81%CE%B9%CE%B8.-5942-%CE%A0%CF%81%CF%8C%CF%83%CE%BA%CE%BB%CE%B7%CF%83%CE%B7.zip\">Vedlagte filer<\/a>[\/vc_column_text][\/vc_column_inner][\/vc_row_inner][vc_row_inner css=&raquo;.vc_custom_1596868338610{margin-top: 5px !important;margin-bottom: 5px !important;border-bottom-width: 1px !important;background-color: #f4f7f9 !important;border-bottom-color: #dfe8ed !important;border-bottom-style: solid !important;}&raquo;][vc_column_inner width=&raquo;1\/6&#8243; background_position=&raquo;right center&raquo;][vc_single_image image=&raquo;7186&#8243; img_size=&raquo;full&raquo; alignment=&raquo;center&raquo;][\/vc_column_inner][vc_column_inner width=&raquo;5\/6&#8243;][vc_column_text]<a href=\"https:\/\/ydeap.gr\/wp-content\/uploads\/2021\/09\/%CE%A0%CF%81%CE%BF%CC%81%CF%83%CE%BA%CE%BB%CE%B7%CF%83%CE%B7-4524-%CE%95%CE%9F%CE%A7.pdf\">Publisering av invitasjon med kode \u201cPM\/GR-G\u201d, N\/A OPS EEA 4524 og tittel \u201cManagement Costs of the Program \u201cDevelopment of the Management Capabilities of the National Asylum and Migration Systems\u201d (Capacity Building of National Asylum and Migration Management) Systems), innenfor rammen av det europeiske \u00f8konomiske samarbeidsomr\u00e5dets finansielle mekanisme (XM EOX), perioden 2014-2021.<\/a><\/p>\n<p><a href=\"https:\/\/ydeap.gr\/wp-content\/uploads\/2021\/09\/%CE%A3%CF%85%CE%BD%CE%B7%CE%BC%CE%BC%CE%B5%CC%81%CE%BD%CE%B1-%CE%A0%CF%81%CE%BF%CC%81%CF%83%CE%BA%CE%BB%CE%B7%CF%83%CE%B7%CF%82.rar.zip\">Vedlagte filer<\/a>[\/vc_column_text][\/vc_column_inner][\/vc_row_inner][vc_row_inner css=&raquo;.vc_custom_1596868338610{margin-top: 5px !important;margin-bottom: 5px !important;border-bottom-width: 1px !important;background-color: #f4f7f9 !important;border-bottom-color: #dfe8ed !important;border-bottom-style: solid !important;}&raquo;][vc_column_inner width=&raquo;1\/6&#8243; background_position=&raquo;right center&raquo;][vc_single_image image=&raquo;7186&#8243; img_size=&raquo;full&raquo; alignment=&raquo;center&raquo;][\/vc_column_inner][vc_column_inner width=&raquo;5\/6&#8243;][vc_column_text]<a href=\"https:\/\/ydeap.gr\/wp-content\/uploads\/2021\/09\/%CE%A0%CF%81%CE%BF%CC%81%CF%83%CE%BA%CE%BB%CE%B7%CF%83%CE%B7.pdf\">Publisering av en utlysning med kode &laquo;PDPs 3-4-6-8&raquo; og A\/A OPS EEA 4880 for innsending av forslag innenfor rammen av programmet for finansmekanismen i Det europeiske \u00f8konomiske samarbeidsomr\u00e5det for perioden 2014-2021 ( CM EEA 2014 \u2013 2021) med tittelen \u00abUtvikling av styringsevnene til nasjonale asyl- og immigrasjonssystemer.<\/a><\/p>\n<p><a href=\"https:\/\/ydeap.gr\/wp-content\/uploads\/2021\/09\/%CE%A3%CF%85%CE%BD%CE%B7%CE%BC%CE%BC%CE%B5%CC%81%CE%BD%CE%B1-1.rar-2.zip\">Vedlagte filer<\/a>[\/vc_column_text][\/vc_column_inner][\/vc_row_inner][vc_row_inner css=&raquo;.vc_custom_1596868338610{margin-top: 5px !important;margin-bottom: 5px !important;border-bottom-width: 1px !important;background-color: #f4f7f9 !important;border-bottom-color: #dfe8ed !important;border-bottom-style: solid !important;}&raquo;][vc_column_inner width=&raquo;1\/6&#8243; background_position=&raquo;right center&raquo;][vc_single_image image=&raquo;7186&#8243; img_size=&raquo;full&raquo; alignment=&raquo;center&raquo;][\/vc_column_inner][vc_column_inner width=&raquo;5\/6&#8243;][vc_column_text]<a href=\"https:\/\/ydeap.gr\/wp-content\/uploads\/2021\/06\/6%CE%99%CE%A5%CE%9B46%CE%9C%CE%A4%CE%9B%CE%92-%CE%A3%CE%9B6.pdf\">18.06.2021: Andre endring av utlysningen med tittelen &laquo;Utvikling av styringsevnene til de nasjonale asyl- og immigrasjonssystemene&raquo;, i sammenheng med den finansielle mekanismen i Det europeiske \u00f8konomiske samarbeidsomr\u00e5det (E\u00d8S), perioden 2014-2021.<\/a>[\/vc_column_text][\/vc_column_inner][\/vc_row_inner][vc_row_inner css=&raquo;.vc_custom_1596868338610{margin-top: 5px !important;margin-bottom: 5px !important;border-bottom-width: 1px !important;background-color: #f4f7f9 !important;border-bottom-color: #dfe8ed !important;border-bottom-style: solid !important;}&raquo;][vc_column_inner width=&raquo;1\/6&#8243; background_position=&raquo;right center&raquo;][vc_single_image image=&raquo;7186&#8243; img_size=&raquo;full&raquo; alignment=&raquo;center&raquo;][\/vc_column_inner][vc_column_inner width=&raquo;5\/6&#8243;][vc_column_text]<a href=\"https:\/\/ydeap.gr\/wp-content\/uploads\/2021\/01\/99%CE%9A546%CE%9C%CE%A4%CE%9B%CE%92-1%CE%A3%CE%A6.pdf\">22\/12\/2020: 1. <sup>endring<\/sup> av utlysningen av forslag med tittelen &laquo;Utvikling av styringsevnene til de nasjonale asyl- og immigrasjonssystemene&raquo;, i sammenheng med den finansielle mekanismen i Det europeiske \u00f8konomiske samarbeidsomr\u00e5det (E\u00d8S), perioden 2014-2021<\/a>[\/vc_column_text][\/vc_column_inner][\/vc_row_inner][vc_row_inner css=&raquo;.vc_custom_1596868338610{margin-top: 5px !important;margin-bottom: 5px !important;border-bottom-width: 1px !important;background-color: #f4f7f9 !important;border-bottom-color: #dfe8ed !important;border-bottom-style: solid !important;}&raquo;][vc_column_inner width=&raquo;1\/6&#8243; background_position=&raquo;right center&raquo;][vc_single_image image=&raquo;7186&#8243; img_size=&raquo;full&raquo; alignment=&raquo;center&raquo;][\/vc_column_inner][vc_column_inner width=&raquo;5\/6&#8243;][vc_column_text]<a href=\"https:\/\/ydeap.gr\/wp-content\/uploads\/2020\/08\/%CE%A99%CE%A9046%CE%9C%CE%A4%CE%9B%CE%92-%CE%A842.pdf\">23\/07\/2020: Innkalling av forslag med tittelen &laquo;Utvikling av styringsevnene til de nasjonale asyl- og immigrasjonssystemene&raquo;, innenfor rammen av den finansielle mekanismen i Det europeiske \u00f8konomiske samarbeidsomr\u00e5det (E\u00d8S), perioden 2014-2021<\/a><\/p>\n<p><a href=\"https:\/\/ydeap.gr\/wp-content\/uploads\/2020\/08\/%CE%A3%CF%85%CE%BD%CE%B7%CE%BC%CE%BC%CE%AD%CE%BD%CE%B1-%CE%88%CE%B3%CE%B3%CF%81%CE%B1%CF%86%CE%B1.zip\">Vedlagte filer<\/a>[\/vc_column_text][\/vc_column_inner][\/vc_row_inner][\/vc_column][\/vc_row][vc_row css=&raquo;.vc_custom_1510087190400{margin-top: -90px !important;}&raquo;][vc_column][vc_single_image image=&raquo;7124&#8243; img_size=&raquo;full&raquo; alignment=&raquo;center&raquo;][vc_custom_heading text=&raquo;F\u00d8LG OSS HER&raquo; font_container=&raquo;tag:h2|font_size:12|text_align:center|color:%236087a2|line_height:1&#8243; google_fonts=&raquo;font_family:Open%20Sans%3A300%2C300italic%2Cregular%2Citalic%2C600%2C600italic%2C700%2C700italic%2C800%2C800italic|font_style:400%20regular%3A400%3Anormal&raquo;][vc_column_text]<\/p>\n<p style=\"text-align: center;\"><a href=\"https:\/\/www.facebook.com\/pg\/%CE%A5%CE%94%CE%95%CE%91%CE%A0-EDPD-1343665249045273\/posts\/?ref=page_internal\"><img loading=\"lazy\" decoding=\"async\" class=\"alignnone size-full wp-image-306\" src=\"https:\/\/ydeap.gr\/wp-content\/uploads\/2017\/11\/facebook.jpg\" alt=\"\" width=\"8\" height=\"18\"><\/a><\/p>\n<p>[\/vc_column_text][\/vc_column][\/vc_row]<\/p>\n<\/div>","protected":false},"excerpt":{"rendered":"<p>[vc_row][vc_column css=&raquo;.vc_custom_1511006756505{padding-right: 20px !important;padding-left: 50px !important;}&raquo;][vc_single_image image=&raquo;8590&#8243; img_size=&raquo;full&raquo; alignment=&raquo;center&raquo;][vc_row_inner][vc_column_inner css=&raquo;.vc_custom_1511006867340{padding-top: 10px !important;padding-right: 0px !important;padding-left: 0px !important;}&raquo;][vc_single_image image=&raquo;8724&#8243; img_size=&raquo;full&raquo; alignment=&raquo;center&raquo; style=&raquo;vc_box_shadow_3d&raquo;][\/vc_column_inner][\/vc_row_inner][vc_row_inner css=&raquo;.vc_custom_1596867411810{margin-bottom: 20px !important;}&raquo;][vc_column_inner][vc_custom_heading text=&raquo;Vedlagte filer&raquo; font_container=&raquo;tag:h4|text_align:left&raquo; google_fonts=&raquo;font_family:Roboto%3A100%2C100italic%2C300%2C300italic%2Cregular%2Citalic%2C500%2C500italic%2C700%2C700italic%2C900%2C900italic|font_style:400%20regular%3A400%3Anormal&raquo;][\/vc_column_inner][\/vc_row_inner][vc_row_inner css=&raquo;.vc_custom_1596868338610{margin-top: 5px !important;margin-bottom: 5px !important;border-bottom-width: 1px !important;background-color: #f4f7f9 !important;border-bottom-color: #dfe8ed !important;border-bottom-style: solid !important;}&raquo;][vc_column_inner width=&raquo;1\/6&#8243; background_position=&raquo;right center&raquo;][vc_single_image image=&raquo;7186&#8243; img_size=&raquo;full&raquo; alignment=&raquo;center&raquo;][\/vc_column_inner][vc_column_inner width=&raquo;5\/6&#8243;][vc_column_text]&#8211;Publisering av invitasjon med kode \u00abGR-G\/SGS\u00bb, A\/A OPS EEA&hellip;<\/p>\n","protected":false},"author":19,"featured_media":0,"parent":0,"menu_order":0,"comment_status":"closed","ping_status":"closed","template":"","meta":{"footnotes":""},"class_list":["post-10015","page","type-page","status-publish","hentry","description-off"],"yoast_head":"<!-- This site is optimized with the Yoast SEO plugin v26.9 - https:\/\/yoast.com\/product\/yoast-seo-wordpress\/ -->\n<title>Invitasjoner - \u03a5\u0394\u0395\u0391\u03a0<\/title>\n<meta name=\"robots\" content=\"index, follow, max-snippet:-1, max-image-preview:large, max-video-preview:-1\" \/>\n<link rel=\"canonical\" href=\"https:\/\/ydeap.gr\/no\/invitasjoner\/\" \/>\n<meta property=\"og:locale\" content=\"nb_NO\" \/>\n<meta property=\"og:type\" content=\"article\" \/>\n<meta property=\"og:title\" content=\"Invitasjoner - \u03a5\u0394\u0395\u0391\u03a0\" \/>\n<meta property=\"og:description\" content=\"[vc_row][vc_column css=&raquo;.vc_custom_1511006756505{padding-right: 20px !important;padding-left: 50px !important;}&raquo;][vc_single_image image=&raquo;8590&#8243; img_size=&raquo;full&raquo; alignment=&raquo;center&raquo;][vc_row_inner][vc_column_inner css=&raquo;.vc_custom_1511006867340{padding-top: 10px !important;padding-right: 0px !important;padding-left: 0px !important;}&raquo;][vc_single_image image=&raquo;8724&#8243; img_size=&raquo;full&raquo; alignment=&raquo;center&raquo; style=&raquo;vc_box_shadow_3d&raquo;][\/vc_column_inner][\/vc_row_inner][vc_row_inner css=&raquo;.vc_custom_1596867411810{margin-bottom: 20px !important;}&raquo;][vc_column_inner][vc_custom_heading text=&raquo;Vedlagte filer&raquo; font_container=&raquo;tag:h4|text_align:left&raquo; google_fonts=&raquo;font_family:Roboto%3A100%2C100italic%2C300%2C300italic%2Cregular%2Citalic%2C500%2C500italic%2C700%2C700italic%2C900%2C900italic|font_style:400%20regular%3A400%3Anormal&raquo;][\/vc_column_inner][\/vc_row_inner][vc_row_inner css=&raquo;.vc_custom_1596868338610{margin-top: 5px !important;margin-bottom: 5px !important;border-bottom-width: 1px !important;background-color: #f4f7f9 !important;border-bottom-color: #dfe8ed !important;border-bottom-style: solid !important;}&raquo;][vc_column_inner width=&raquo;1\/6&#8243; background_position=&raquo;right center&raquo;][vc_single_image image=&raquo;7186&#8243; img_size=&raquo;full&raquo; alignment=&raquo;center&raquo;][\/vc_column_inner][vc_column_inner width=&raquo;5\/6&#8243;][vc_column_text]&#8211;Publisering av invitasjon med kode \u00abGR-G\/SGS\u00bb, A\/A OPS EEA&hellip;\" \/>\n<meta property=\"og:url\" content=\"https:\/\/ydeap.gr\/no\/invitasjoner\/\" \/>\n<meta property=\"og:site_name\" content=\"\u03a5\u0394\u0395\u0391\u03a0\" \/>\n<meta property=\"article:modified_time\" content=\"2023-06-16T16:14:03+00:00\" \/>\n<meta property=\"og:image\" content=\"https:\/\/ydeap.gr\/wp-content\/uploads\/2017\/11\/facebook.jpg\" \/>\n<meta name=\"twitter:card\" content=\"summary_large_image\" \/>\n<meta name=\"twitter:label1\" content=\"Ansl. lesetid\" \/>\n\t<meta name=\"twitter:data1\" content=\"5 minutter\" \/>\n<script type=\"application\/ld+json\" class=\"yoast-schema-graph\">{\"@context\":\"https:\/\/schema.org\",\"@graph\":[{\"@type\":\"WebPage\",\"@id\":\"https:\/\/ydeap.gr\/no\/invitasjoner\/\",\"url\":\"https:\/\/ydeap.gr\/no\/invitasjoner\/\",\"name\":\"Invitasjoner - \u03a5\u0394\u0395\u0391\u03a0\",\"isPartOf\":{\"@id\":\"https:\/\/ydeap.gr\/no\/#website\"},\"primaryImageOfPage\":{\"@id\":\"https:\/\/ydeap.gr\/no\/invitasjoner\/#primaryimage\"},\"image\":{\"@id\":\"https:\/\/ydeap.gr\/no\/invitasjoner\/#primaryimage\"},\"thumbnailUrl\":\"https:\/\/ydeap.gr\/wp-content\/uploads\/2017\/11\/facebook.jpg\",\"datePublished\":\"2017-11-27T19:22:50+00:00\",\"dateModified\":\"2023-06-16T16:14:03+00:00\",\"breadcrumb\":{\"@id\":\"https:\/\/ydeap.gr\/no\/invitasjoner\/#breadcrumb\"},\"inLanguage\":\"nb-NO\",\"potentialAction\":[{\"@type\":\"ReadAction\",\"target\":[\"https:\/\/ydeap.gr\/no\/invitasjoner\/\"]}]},{\"@type\":\"ImageObject\",\"inLanguage\":\"nb-NO\",\"@id\":\"https:\/\/ydeap.gr\/no\/invitasjoner\/#primaryimage\",\"url\":\"https:\/\/ydeap.gr\/wp-content\/uploads\/2017\/11\/facebook.jpg\",\"contentUrl\":\"https:\/\/ydeap.gr\/wp-content\/uploads\/2017\/11\/facebook.jpg\"},{\"@type\":\"BreadcrumbList\",\"@id\":\"https:\/\/ydeap.gr\/no\/invitasjoner\/#breadcrumb\",\"itemListElement\":[{\"@type\":\"ListItem\",\"position\":1,\"name\":\"\u0391\u03c1\u03c7\u03b9\u03ba\u03ae\",\"item\":\"https:\/\/ydeap.gr\/no\/\"},{\"@type\":\"ListItem\",\"position\":2,\"name\":\"Invitasjoner\"}]},{\"@type\":\"WebSite\",\"@id\":\"https:\/\/ydeap.gr\/no\/#website\",\"url\":\"https:\/\/ydeap.gr\/no\/\",\"name\":\"\u03a5\u0394\u0395\u0391\u03a0\",\"description\":\"\u0391\u03a1\u03a7\u0399\u039a\u0397\",\"potentialAction\":[{\"@type\":\"SearchAction\",\"target\":{\"@type\":\"EntryPoint\",\"urlTemplate\":\"https:\/\/ydeap.gr\/no\/?s={search_term_string}\"},\"query-input\":{\"@type\":\"PropertyValueSpecification\",\"valueRequired\":true,\"valueName\":\"search_term_string\"}}],\"inLanguage\":\"nb-NO\"}]}<\/script>\n<!-- \/ Yoast SEO plugin. -->","yoast_head_json":{"title":"Invitasjoner - \u03a5\u0394\u0395\u0391\u03a0","robots":{"index":"index","follow":"follow","max-snippet":"max-snippet:-1","max-image-preview":"max-image-preview:large","max-video-preview":"max-video-preview:-1"},"canonical":"https:\/\/ydeap.gr\/no\/invitasjoner\/","og_locale":"nb_NO","og_type":"article","og_title":"Invitasjoner - \u03a5\u0394\u0395\u0391\u03a0","og_description":"[vc_row][vc_column css=&raquo;.vc_custom_1511006756505{padding-right: 20px !important;padding-left: 50px !important;}&raquo;][vc_single_image image=&raquo;8590&#8243; img_size=&raquo;full&raquo; alignment=&raquo;center&raquo;][vc_row_inner][vc_column_inner css=&raquo;.vc_custom_1511006867340{padding-top: 10px !important;padding-right: 0px !important;padding-left: 0px !important;}&raquo;][vc_single_image image=&raquo;8724&#8243; img_size=&raquo;full&raquo; alignment=&raquo;center&raquo; style=&raquo;vc_box_shadow_3d&raquo;][\/vc_column_inner][\/vc_row_inner][vc_row_inner css=&raquo;.vc_custom_1596867411810{margin-bottom: 20px !important;}&raquo;][vc_column_inner][vc_custom_heading text=&raquo;Vedlagte filer&raquo; font_container=&raquo;tag:h4|text_align:left&raquo; google_fonts=&raquo;font_family:Roboto%3A100%2C100italic%2C300%2C300italic%2Cregular%2Citalic%2C500%2C500italic%2C700%2C700italic%2C900%2C900italic|font_style:400%20regular%3A400%3Anormal&raquo;][\/vc_column_inner][\/vc_row_inner][vc_row_inner css=&raquo;.vc_custom_1596868338610{margin-top: 5px !important;margin-bottom: 5px !important;border-bottom-width: 1px !important;background-color: #f4f7f9 !important;border-bottom-color: #dfe8ed !important;border-bottom-style: solid !important;}&raquo;][vc_column_inner width=&raquo;1\/6&#8243; background_position=&raquo;right center&raquo;][vc_single_image image=&raquo;7186&#8243; img_size=&raquo;full&raquo; alignment=&raquo;center&raquo;][\/vc_column_inner][vc_column_inner width=&raquo;5\/6&#8243;][vc_column_text]&#8211;Publisering av invitasjon med kode \u00abGR-G\/SGS\u00bb, A\/A OPS EEA&hellip;","og_url":"https:\/\/ydeap.gr\/no\/invitasjoner\/","og_site_name":"\u03a5\u0394\u0395\u0391\u03a0","article_modified_time":"2023-06-16T16:14:03+00:00","og_image":[{"url":"https:\/\/ydeap.gr\/wp-content\/uploads\/2017\/11\/facebook.jpg","type":"","width":"","height":""}],"twitter_card":"summary_large_image","twitter_misc":{"Ansl. lesetid":"5 minutter"},"schema":{"@context":"https:\/\/schema.org","@graph":[{"@type":"WebPage","@id":"https:\/\/ydeap.gr\/no\/invitasjoner\/","url":"https:\/\/ydeap.gr\/no\/invitasjoner\/","name":"Invitasjoner - \u03a5\u0394\u0395\u0391\u03a0","isPartOf":{"@id":"https:\/\/ydeap.gr\/no\/#website"},"primaryImageOfPage":{"@id":"https:\/\/ydeap.gr\/no\/invitasjoner\/#primaryimage"},"image":{"@id":"https:\/\/ydeap.gr\/no\/invitasjoner\/#primaryimage"},"thumbnailUrl":"https:\/\/ydeap.gr\/wp-content\/uploads\/2017\/11\/facebook.jpg","datePublished":"2017-11-27T19:22:50+00:00","dateModified":"2023-06-16T16:14:03+00:00","breadcrumb":{"@id":"https:\/\/ydeap.gr\/no\/invitasjoner\/#breadcrumb"},"inLanguage":"nb-NO","potentialAction":[{"@type":"ReadAction","target":["https:\/\/ydeap.gr\/no\/invitasjoner\/"]}]},{"@type":"ImageObject","inLanguage":"nb-NO","@id":"https:\/\/ydeap.gr\/no\/invitasjoner\/#primaryimage","url":"https:\/\/ydeap.gr\/wp-content\/uploads\/2017\/11\/facebook.jpg","contentUrl":"https:\/\/ydeap.gr\/wp-content\/uploads\/2017\/11\/facebook.jpg"},{"@type":"BreadcrumbList","@id":"https:\/\/ydeap.gr\/no\/invitasjoner\/#breadcrumb","itemListElement":[{"@type":"ListItem","position":1,"name":"\u0391\u03c1\u03c7\u03b9\u03ba\u03ae","item":"https:\/\/ydeap.gr\/no\/"},{"@type":"ListItem","position":2,"name":"Invitasjoner"}]},{"@type":"WebSite","@id":"https:\/\/ydeap.gr\/no\/#website","url":"https:\/\/ydeap.gr\/no\/","name":"\u03a5\u0394\u0395\u0391\u03a0","description":"\u0391\u03a1\u03a7\u0399\u039a\u0397","potentialAction":[{"@type":"SearchAction","target":{"@type":"EntryPoint","urlTemplate":"https:\/\/ydeap.gr\/no\/?s={search_term_string}"},"query-input":{"@type":"PropertyValueSpecification","valueRequired":true,"valueName":"search_term_string"}}],"inLanguage":"nb-NO"}]}},"_links":{"self":[{"href":"https:\/\/ydeap.gr\/no\/wp-json\/wp\/v2\/pages\/10015","targetHints":{"allow":["GET"]}}],"collection":[{"href":"https:\/\/ydeap.gr\/no\/wp-json\/wp\/v2\/pages"}],"about":[{"href":"https:\/\/ydeap.gr\/no\/wp-json\/wp\/v2\/types\/page"}],"author":[{"embeddable":true,"href":"https:\/\/ydeap.gr\/no\/wp-json\/wp\/v2\/users\/19"}],"replies":[{"embeddable":true,"href":"https:\/\/ydeap.gr\/no\/wp-json\/wp\/v2\/comments?post=10015"}],"version-history":[{"count":9,"href":"https:\/\/ydeap.gr\/no\/wp-json\/wp\/v2\/pages\/10015\/revisions"}],"predecessor-version":[{"id":10358,"href":"https:\/\/ydeap.gr\/no\/wp-json\/wp\/v2\/pages\/10015\/revisions\/10358"}],"wp:attachment":[{"href":"https:\/\/ydeap.gr\/no\/wp-json\/wp\/v2\/media?parent=10015"}],"curies":[{"name":"wp","href":"https:\/\/api.w.org\/{rel}","templated":true}]}}