{"id":10003,"date":"2017-11-27T21:21:57","date_gmt":"2017-11-27T19:21:57","guid":{"rendered":"https:\/\/ydeap.eu\/institusjonelle-rammer\/"},"modified":"2023-06-16T19:14:02","modified_gmt":"2023-06-16T16:14:02","slug":"institusjonelle-rammer","status":"publish","type":"page","link":"https:\/\/ydeap.gr\/no\/institusjonelle-rammer\/","title":{"rendered":"Institusjonelle rammer"},"content":{"rendered":"<div class=\"wpb-content-wrapper\"><p>[vc_row][vc_column css=&raquo;.vc_custom_1511006756505{padding-right: 20px !important;padding-left: 50px !important;}&raquo;][vc_single_image image=&raquo;8590&#8243; img_size=&raquo;full&raquo; alignment=&raquo;center&raquo; css=&raquo;.vc_custom_1632379113720{padding-bottom: 20px !important;}&raquo;][vc_row_inner css=&raquo;.vc_custom_1621580068382{margin-bottom: 20px !important;}&raquo;][vc_column_inner][vc_custom_heading text=&raquo;VEDLAGTE FILER&raquo; font_container=&raquo;tag:h4|text_align:left&raquo; google_fonts=&raquo;font_family:Roboto%3A100%2C100italic%2C300%2C300italic%2Cregular%2Citalic%2C500%2C500italic%2C700%2C700italic%2C900%2C900italic|font_style:400%20regular%3A400%3Anormal&raquo;][\/vc_column_inner][\/vc_row_inner][vc_row_inner css=&raquo;.vc_custom_1628672925462{margin-top: 5px !important;margin-bottom: 5px !important;border-bottom-width: 1px !important;background-color: #f4f7f9 !important;border-bottom-color: #dfe8ed !important;border-bottom-style: solid !important;}&raquo;][vc_column_inner width=&raquo;1\/4&#8243;][vc_column_text]<img loading=\"lazy\" decoding=\"async\" class=\"wp-image-378 aligncenter\" src=\"https:\/\/ydeap.gr\/wp-content\/uploads\/2017\/11\/pdf.jpg\" alt=\"\" width=\"29\" height=\"28\">[\/vc_column_text][\/vc_column_inner][vc_column_inner width=&raquo;3\/4&#8243;][vc_column_text]<\/p>\n<div class=\"font-set3\" style=\"float: left; padding-left: 20px;\"><a href=\"https:\/\/ydeap.gr\/wp-content\/uploads\/2021\/05\/Protocol-38c.pdf\">Protokoll 38C om E\u00d8S-finansieringsmekanismen<\/a><\/div>\n<p>[\/vc_column_text][\/vc_column_inner][\/vc_row_inner][vc_row_inner css=&raquo;.vc_custom_1621581633138{margin-top: 5px !important;margin-bottom: 5px !important;border-bottom-width: 1px !important;background-color: #f4f7f9 !important;border-bottom-color: #dfe8ed !important;border-bottom-style: solid !important;}&raquo;][vc_column_inner width=&raquo;1\/4&#8243;][vc_column_text]<img loading=\"lazy\" decoding=\"async\" class=\"wp-image-378 aligncenter\" src=\"https:\/\/ydeap.gr\/wp-content\/uploads\/2017\/11\/pdf.jpg\" alt=\"\" width=\"29\" height=\"28\">[\/vc_column_text][\/vc_column_inner][vc_column_inner width=&raquo;3\/4&#8243;][vc_column_text]<\/p>\n<div class=\"font-set3\" style=\"float: left; padding-left: 20px;\"><a href=\"https:\/\/ydeap.gr\/wp-content\/uploads\/2021\/08\/1.MoU-ON-THE-IMPLEMENTATION-OF-THE-EEA-FINANCIAL-MECHANISM-2014-2021.pdf\">Protokoll 38C om samarbeidsavtalen for E\u00d8S-finansieringsmekanismen<br \/>\n(Memorandum of Understanding-MoU) mellom giverlandene og Den hellenske republikk.<\/a><\/div>\n<p>[\/vc_column_text][\/vc_column_inner][\/vc_row_inner][vc_row_inner css=&raquo;.vc_custom_1621581633138{margin-top: 5px !important;margin-bottom: 5px !important;border-bottom-width: 1px !important;background-color: #f4f7f9 !important;border-bottom-color: #dfe8ed !important;border-bottom-style: solid !important;}&raquo;][vc_column_inner width=&raquo;1\/4&#8243;][vc_column_text]<img loading=\"lazy\" decoding=\"async\" class=\"wp-image-378 aligncenter\" src=\"https:\/\/ydeap.gr\/wp-content\/uploads\/2017\/11\/pdf.jpg\" alt=\"\" width=\"29\" height=\"28\">[\/vc_column_text][\/vc_column_inner][vc_column_inner width=&raquo;3\/4&#8243;][vc_column_text]<\/p>\n<div class=\"font-set3\" style=\"float: left; padding-left: 20px;\"><a href=\"https:\/\/ydeap.gr\/wp-content\/uploads\/2021\/08\/2.EEAFMRegulationFinal23092016.pdf\">Forordning om gjennomf\u00f8ring av det europeiske \u00f8konomiske samarbeidsomr\u00e5det (E\u00d8S) finansmekanisme 2014-2021<\/a><\/div>\n<p>[\/vc_column_text][\/vc_column_inner][\/vc_row_inner][vc_row_inner css=&raquo;.vc_custom_1628673302322{margin-top: 5px !important;margin-bottom: 5px !important;border-bottom-width: 1px !important;background-color: #f4f7f9 !important;}&raquo;][vc_column_inner width=&raquo;1\/4&#8243;][vc_column_text]<img loading=\"lazy\" decoding=\"async\" class=\"wp-image-378 aligncenter\" src=\"https:\/\/ydeap.gr\/wp-content\/uploads\/2017\/11\/pdf.jpg\" alt=\"\" width=\"29\" height=\"28\">[\/vc_column_text][\/vc_column_inner][vc_column_inner width=&raquo;3\/4&#8243;][vc_column_text]<\/p>\n<div class=\"font-set3\" style=\"float: left; padding-left: 20px;\"><a href=\"https:\/\/ydeap.gr\/wp-content\/uploads\/2021\/08\/3.GRAsylum-Programme-agreement-signed.pdf\">Program Programavtale \u00abKapasitetsbygging av nasjonale asyl- og migrasjonsstyringssystemer\u00bb<\/a><\/div>\n<p>[\/vc_column_text][\/vc_column_inner][\/vc_row_inner][vc_row_inner css=&raquo;.vc_custom_1628673291877{margin-top: 5px !important;margin-bottom: 5px !important;border-bottom-width: 1px !important;background-color: #f4f7f9 !important;}&raquo;][vc_column_inner width=&raquo;1\/4&#8243;][vc_column_text]<img loading=\"lazy\" decoding=\"async\" class=\"wp-image-378 aligncenter\" src=\"https:\/\/ydeap.gr\/wp-content\/uploads\/2017\/11\/pdf.jpg\" alt=\"\" width=\"29\" height=\"28\">[\/vc_column_text][\/vc_column_inner][vc_column_inner width=&raquo;3\/4&#8243;][vc_column_text]<\/p>\n<div class=\"font-set3\" style=\"float: left; padding-left: 20px;\"><a href=\"https:\/\/ydeap.gr\/wp-content\/uploads\/2021\/08\/4.Programme-agreement-GR-HOMEAFFAIRS-1st-amendment.pdf\">1. endring av programavtalen &laquo;Kapasitetsbygging av nasjonale asyl- og migrasjonsstyringssystemer&raquo;.<\/a><\/div>\n<p>[\/vc_column_text][\/vc_column_inner][\/vc_row_inner][vc_row_inner css=&raquo;.vc_custom_1628673281384{margin-top: 5px !important;margin-bottom: 5px !important;border-bottom-width: 1px !important;background-color: #f4f7f9 !important;}&raquo;][vc_column_inner width=&raquo;1\/4&#8243;][vc_column_text]<img loading=\"lazy\" decoding=\"async\" class=\"wp-image-378 aligncenter\" src=\"https:\/\/ydeap.gr\/wp-content\/uploads\/2017\/11\/pdf.jpg\" alt=\"\" width=\"29\" height=\"28\">[\/vc_column_text][\/vc_column_inner][vc_column_inner width=&raquo;3\/4&#8243;][vc_column_text css=&raquo;.vc_custom_1628673270555{padding-bottom: 2px !important;}&raquo;]<\/p>\n<div class=\"font-set3\" style=\"float: left; padding-left: 20px;\"><a href=\"https:\/\/ydeap.gr\/wp-content\/uploads\/2021\/08\/5.Programme-agreement-GR-HOMEAFFAIRS_FMO-modified-April21.pdf\">Andre endring av programavtalen \u00abKapasitetsbygging av nasjonale asyl- og migrasjonsstyringssystemer\u00bb<\/a><\/div>\n<p>[\/vc_column_text][\/vc_column_inner][\/vc_row_inner][vc_row_inner css=&raquo;.vc_custom_1628672946799{margin-top: 5px !important;margin-bottom: 5px !important;border-bottom-width: 1px !important;background-color: #f4f7f9 !important;}&raquo;][vc_column_inner width=&raquo;1\/4&#8243;][vc_column_text]<img loading=\"lazy\" decoding=\"async\" class=\"wp-image-378 aligncenter\" src=\"https:\/\/ydeap.gr\/wp-content\/uploads\/2017\/11\/pdf.jpg\" alt=\"\" width=\"29\" height=\"28\">[\/vc_column_text][\/vc_column_inner][vc_column_inner width=&raquo;3\/4&#8243;][vc_column_text css=&raquo;.vc_custom_1628673848195{padding-top: 2px !important;padding-bottom: 2px !important;}&raquo;]<\/p>\n<div class=\"font-set3\" style=\"float: left; padding-left: 20px;\"><a href=\"https:\/\/ydeap.gr\/wp-content\/uploads\/2021\/08\/6.Programme-agreement-GR-HOMEAFFAIRS-5.pdf\">Tredje endring av programavtalen \u00abKapasitetsbygging av nasjonale asyl- og migrasjonsstyringssystemer\u00bb<\/a><\/div>\n<p>[\/vc_column_text][\/vc_column_inner][\/vc_row_inner][vc_row_inner css=&raquo;.vc_custom_1628672946799{margin-top: 5px !important;margin-bottom: 5px !important;border-bottom-width: 1px !important;background-color: #f4f7f9 !important;}&raquo;][vc_column_inner width=&raquo;1\/4&#8243;][vc_column_text]<img loading=\"lazy\" decoding=\"async\" class=\"wp-image-378 aligncenter\" src=\"https:\/\/ydeap.gr\/wp-content\/uploads\/2017\/11\/pdf.jpg\" alt=\"\" width=\"29\" height=\"28\">[\/vc_column_text][\/vc_column_inner][vc_column_inner width=&raquo;3\/4&#8243; css=&raquo;.vc_custom_1628673163663{padding-bottom: 10px !important;}&raquo;][vc_column_text css=&raquo;.vc_custom_1628673854491{padding-top: 2px !important;padding-bottom: 2px !important;}&raquo;]<\/p>\n<div class=\"font-set3\" style=\"float: left; padding-left: 20px;\"><a href=\"https:\/\/ydeap.gr\/wp-content\/uploads\/2021\/08\/7.PIA_.pdf\">Ministerbeslutning om finansiering av programmet &laquo;Kapasitetsbygging av nasjonale asyl- og migrasjonsstyringssystemer&raquo;.<\/a><\/div>\n<p>[\/vc_column_text][\/vc_column_inner][\/vc_row_inner][vc_row_inner css=&raquo;.vc_custom_1628672946799{margin-top: 5px !important;margin-bottom: 5px !important;border-bottom-width: 1px !important;background-color: #f4f7f9 !important;}&raquo;][vc_column_inner width=&raquo;1\/4&#8243;][vc_column_text]<img loading=\"lazy\" decoding=\"async\" class=\"wp-image-378 aligncenter\" src=\"https:\/\/ydeap.gr\/wp-content\/uploads\/2017\/11\/pdf.jpg\" alt=\"\" width=\"29\" height=\"28\">[\/vc_column_text][\/vc_column_inner][vc_column_inner width=&raquo;3\/4&#8243; css=&raquo;.vc_custom_1628673163663{padding-bottom: 10px !important;}&raquo;][vc_column_text css=&raquo;.vc_custom_1628673861817{padding-top: 2px !important;padding-bottom: 2px !important;}&raquo;]<\/p>\n<div class=\"font-set3\" style=\"float: left; padding-left: 20px;\"><a href=\"https:\/\/ydeap.gr\/wp-content\/uploads\/2021\/08\/8.%CE%A4%CE%A1%CE%9F%CE%A0%CE%9F%CE%A0%CE%9F%CE%99%CE%97%CE%A3%CE%97-%CE%A5%CE%91-%CE%A6%CE%95%CE%9A-2983-%CE%92.pdf\">1. endring av ministerbeslutning om finansiering av programmet &laquo;Kapasitetsbygging av nasjonale asyl- og migrasjonsstyringssystemer&raquo;.<\/a><\/div>\n<p>[\/vc_column_text][\/vc_column_inner][\/vc_row_inner][vc_row_inner css=&raquo;.vc_custom_1628675146457{background-color: #f4f7f9 !important;}&raquo;][vc_column_inner width=&raquo;1\/4&#8243;][vc_column_text]<img loading=\"lazy\" decoding=\"async\" class=\"wp-image-378 aligncenter\" src=\"https:\/\/ydeap.gr\/wp-content\/uploads\/2017\/11\/pdf.jpg\" alt=\"\" width=\"29\" height=\"28\">[\/vc_column_text][\/vc_column_inner][vc_column_inner width=&raquo;3\/4&#8243; css=&raquo;.vc_custom_1628673163663{padding-bottom: 10px !important;}&raquo;][vc_column_text css=&raquo;.vc_custom_1628675165595{padding-top: 2px !important;padding-bottom: 2px !important;}&raquo;]<\/p>\n<div class=\"font-set3\" style=\"float: left; padding-left: 20px;\"><a href=\"https:\/\/ydeap.gr\/wp-content\/uploads\/2021\/08\/9.%CE%9A%CE%A5%CE%91-%CE%A3%CE%94%CE%95-%CE%95%CE%9F%CE%A7-2014-2021.pdf\">Felles ministerbeslutning om styrings- og kontrollsystemet for den finansielle mekanismen i Det europeiske \u00f8konomiske samarbeidsomr\u00e5det (E\u00d8S), perioden 2014-2021.<\/a><\/div>\n<p>[\/vc_column_text][\/vc_column_inner][\/vc_row_inner][vc_row_inner css=&raquo;.vc_custom_1628672946799{margin-top: 5px !important;margin-bottom: 5px !important;border-bottom-width: 1px !important;background-color: #f4f7f9 !important;}&raquo;][vc_column_inner width=&raquo;1\/4&#8243;][vc_column_text]<img loading=\"lazy\" decoding=\"async\" class=\"wp-image-378 aligncenter\" src=\"https:\/\/ydeap.gr\/wp-content\/uploads\/2017\/11\/pdf.jpg\" alt=\"\" width=\"29\" height=\"28\">[\/vc_column_text][\/vc_column_inner][vc_column_inner width=&raquo;3\/4&#8243; css=&raquo;.vc_custom_1628673163663{padding-bottom: 10px !important;}&raquo;][vc_column_text css=&raquo;.vc_custom_1628673876553{padding-top: 2px !important;padding-bottom: 2px !important;}&raquo;]<\/p>\n<div class=\"font-set3\" style=\"float: left; padding-left: 20px;\"><a href=\"https:\/\/ydeap.gr\/wp-content\/uploads\/2021\/08\/10.Detailed-MCS-_-Programme-GR-G-%CE%95DPD.pdf\">Spesialisering av styrings- og kontrollsystem p\u00e5 programniv\u00e5 Utvikling av styringsevnene til de nasjonale asyl- og migrasjonssystemene&raquo; (Kapasitetsbygging av nasjonale asyl- og migrasjonsstyringssystemer) <\/a><\/div>\n<p>[\/vc_column_text][\/vc_column_inner][\/vc_row_inner][\/vc_column][\/vc_row][vc_row css=&raquo;.vc_custom_1510087190400{margin-top: -90px !important;}&raquo;][vc_column][vc_single_image image=&raquo;7124&#8243; img_size=&raquo;full&raquo; alignment=&raquo;center&raquo;][vc_custom_heading text=&raquo;F\u00d8LG OSS HER&raquo; font_container=&raquo;tag:h2|font_size:12|text_align:center|color:%236087a2|line_height:1&#8243; google_fonts=&raquo;font_family:Open%20Sans%3A300%2C300italic%2Cregular%2Citalic%2C600%2C600italic%2C700%2C700italic%2C800%2C800italic|font_style:400%20regular%3A400%3Anormal&raquo;][vc_column_text]<\/p>\n<p style=\"text-align: center;\"><a href=\"https:\/\/www.facebook.com\/pg\/%CE%A5%CE%94%CE%95%CE%91%CE%A0-EDPD-1343665249045273\/posts\/?ref=page_internal\"><img loading=\"lazy\" decoding=\"async\" class=\"alignnone size-full wp-image-306\" src=\"https:\/\/ydeap.gr\/wp-content\/uploads\/2017\/11\/facebook.jpg\" alt=\"\" width=\"8\" height=\"18\"><\/a><\/p>\n<p>[\/vc_column_text][\/vc_column][\/vc_row]<\/p>\n<\/div>","protected":false},"excerpt":{"rendered":"<p>[vc_row][vc_column css=&raquo;.vc_custom_1511006756505{padding-right: 20px !important;padding-left: 50px !important;}&raquo;][vc_single_image image=&raquo;8590&#8243; img_size=&raquo;full&raquo; alignment=&raquo;center&raquo; css=&raquo;.vc_custom_1632379113720{padding-bottom: 20px !important;}&raquo;][vc_row_inner css=&raquo;.vc_custom_1621580068382{margin-bottom: 20px !important;}&raquo;][vc_column_inner][vc_custom_heading text=&raquo;VEDLAGTE FILER&raquo; font_container=&raquo;tag:h4|text_align:left&raquo; google_fonts=&raquo;font_family:Roboto%3A100%2C100italic%2C300%2C300italic%2Cregular%2Citalic%2C500%2C500italic%2C700%2C700italic%2C900%2C900italic|font_style:400%20regular%3A400%3Anormal&raquo;][\/vc_column_inner][\/vc_row_inner][vc_row_inner css=&raquo;.vc_custom_1628672925462{margin-top: 5px !important;margin-bottom: 5px !important;border-bottom-width: 1px !important;background-color: #f4f7f9 !important;border-bottom-color: #dfe8ed !important;border-bottom-style: solid !important;}&raquo;][vc_column_inner width=&raquo;1\/4&#8243;][vc_column_text][\/vc_column_text][\/vc_column_inner][vc_column_inner width=&raquo;3\/4&#8243;][vc_column_text] Protokoll 38C om E\u00d8S-finansieringsmekanismen [\/vc_column_text][\/vc_column_inner][\/vc_row_inner][vc_row_inner css=&raquo;.vc_custom_1621581633138{margin-top: 5px !important;margin-bottom: 5px !important;border-bottom-width: 1px !important;background-color: #f4f7f9 !important;border-bottom-color: #dfe8ed !important;border-bottom-style: solid !important;}&raquo;][vc_column_inner width=&raquo;1\/4&#8243;][vc_column_text][\/vc_column_text][\/vc_column_inner][vc_column_inner width=&raquo;3\/4&#8243;][vc_column_text] Protokoll&hellip;<\/p>\n","protected":false},"author":19,"featured_media":0,"parent":0,"menu_order":0,"comment_status":"closed","ping_status":"closed","template":"","meta":{"footnotes":""},"class_list":["post-10003","page","type-page","status-publish","hentry","description-off"],"yoast_head":"<!-- This site is optimized with the Yoast SEO plugin v26.9 - https:\/\/yoast.com\/product\/yoast-seo-wordpress\/ -->\n<title>Institusjonelle rammer - \u03a5\u0394\u0395\u0391\u03a0<\/title>\n<meta name=\"robots\" content=\"index, follow, max-snippet:-1, max-image-preview:large, max-video-preview:-1\" \/>\n<link rel=\"canonical\" href=\"https:\/\/ydeap.gr\/no\/institusjonelle-rammer\/\" \/>\n<meta property=\"og:locale\" content=\"nb_NO\" \/>\n<meta property=\"og:type\" content=\"article\" \/>\n<meta property=\"og:title\" content=\"Institusjonelle rammer - \u03a5\u0394\u0395\u0391\u03a0\" \/>\n<meta property=\"og:description\" content=\"[vc_row][vc_column css=&raquo;.vc_custom_1511006756505{padding-right: 20px !important;padding-left: 50px !important;}&raquo;][vc_single_image image=&raquo;8590&#8243; img_size=&raquo;full&raquo; alignment=&raquo;center&raquo; css=&raquo;.vc_custom_1632379113720{padding-bottom: 20px !important;}&raquo;][vc_row_inner css=&raquo;.vc_custom_1621580068382{margin-bottom: 20px !important;}&raquo;][vc_column_inner][vc_custom_heading text=&raquo;VEDLAGTE FILER&raquo; font_container=&raquo;tag:h4|text_align:left&raquo; google_fonts=&raquo;font_family:Roboto%3A100%2C100italic%2C300%2C300italic%2Cregular%2Citalic%2C500%2C500italic%2C700%2C700italic%2C900%2C900italic|font_style:400%20regular%3A400%3Anormal&raquo;][\/vc_column_inner][\/vc_row_inner][vc_row_inner css=&raquo;.vc_custom_1628672925462{margin-top: 5px !important;margin-bottom: 5px !important;border-bottom-width: 1px !important;background-color: #f4f7f9 !important;border-bottom-color: #dfe8ed !important;border-bottom-style: solid !important;}&raquo;][vc_column_inner width=&raquo;1\/4&#8243;][vc_column_text][\/vc_column_text][\/vc_column_inner][vc_column_inner width=&raquo;3\/4&#8243;][vc_column_text] Protokoll 38C om E\u00d8S-finansieringsmekanismen [\/vc_column_text][\/vc_column_inner][\/vc_row_inner][vc_row_inner css=&raquo;.vc_custom_1621581633138{margin-top: 5px !important;margin-bottom: 5px !important;border-bottom-width: 1px !important;background-color: #f4f7f9 !important;border-bottom-color: #dfe8ed !important;border-bottom-style: solid !important;}&raquo;][vc_column_inner width=&raquo;1\/4&#8243;][vc_column_text][\/vc_column_text][\/vc_column_inner][vc_column_inner width=&raquo;3\/4&#8243;][vc_column_text] Protokoll&hellip;\" \/>\n<meta property=\"og:url\" content=\"https:\/\/ydeap.gr\/no\/institusjonelle-rammer\/\" \/>\n<meta property=\"og:site_name\" content=\"\u03a5\u0394\u0395\u0391\u03a0\" \/>\n<meta property=\"article:modified_time\" content=\"2023-06-16T16:14:02+00:00\" \/>\n<meta property=\"og:image\" content=\"https:\/\/ydeap.gr\/wp-content\/uploads\/2017\/11\/pdf.jpg\" \/>\n<meta name=\"twitter:card\" content=\"summary_large_image\" \/>\n<meta name=\"twitter:label1\" content=\"Ansl. lesetid\" \/>\n\t<meta name=\"twitter:data1\" content=\"5 minutter\" \/>\n<script type=\"application\/ld+json\" class=\"yoast-schema-graph\">{\"@context\":\"https:\/\/schema.org\",\"@graph\":[{\"@type\":\"WebPage\",\"@id\":\"https:\/\/ydeap.gr\/no\/institusjonelle-rammer\/\",\"url\":\"https:\/\/ydeap.gr\/no\/institusjonelle-rammer\/\",\"name\":\"Institusjonelle rammer - \u03a5\u0394\u0395\u0391\u03a0\",\"isPartOf\":{\"@id\":\"https:\/\/ydeap.gr\/no\/#website\"},\"primaryImageOfPage\":{\"@id\":\"https:\/\/ydeap.gr\/no\/institusjonelle-rammer\/#primaryimage\"},\"image\":{\"@id\":\"https:\/\/ydeap.gr\/no\/institusjonelle-rammer\/#primaryimage\"},\"thumbnailUrl\":\"https:\/\/ydeap.gr\/wp-content\/uploads\/2017\/11\/pdf.jpg\",\"datePublished\":\"2017-11-27T19:21:57+00:00\",\"dateModified\":\"2023-06-16T16:14:02+00:00\",\"breadcrumb\":{\"@id\":\"https:\/\/ydeap.gr\/no\/institusjonelle-rammer\/#breadcrumb\"},\"inLanguage\":\"nb-NO\",\"potentialAction\":[{\"@type\":\"ReadAction\",\"target\":[\"https:\/\/ydeap.gr\/no\/institusjonelle-rammer\/\"]}]},{\"@type\":\"ImageObject\",\"inLanguage\":\"nb-NO\",\"@id\":\"https:\/\/ydeap.gr\/no\/institusjonelle-rammer\/#primaryimage\",\"url\":\"https:\/\/ydeap.gr\/wp-content\/uploads\/2017\/11\/pdf.jpg\",\"contentUrl\":\"https:\/\/ydeap.gr\/wp-content\/uploads\/2017\/11\/pdf.jpg\"},{\"@type\":\"BreadcrumbList\",\"@id\":\"https:\/\/ydeap.gr\/no\/institusjonelle-rammer\/#breadcrumb\",\"itemListElement\":[{\"@type\":\"ListItem\",\"position\":1,\"name\":\"\u0391\u03c1\u03c7\u03b9\u03ba\u03ae\",\"item\":\"https:\/\/ydeap.gr\/no\/\"},{\"@type\":\"ListItem\",\"position\":2,\"name\":\"Institusjonelle rammer\"}]},{\"@type\":\"WebSite\",\"@id\":\"https:\/\/ydeap.gr\/no\/#website\",\"url\":\"https:\/\/ydeap.gr\/no\/\",\"name\":\"\u03a5\u0394\u0395\u0391\u03a0\",\"description\":\"\u0391\u03a1\u03a7\u0399\u039a\u0397\",\"potentialAction\":[{\"@type\":\"SearchAction\",\"target\":{\"@type\":\"EntryPoint\",\"urlTemplate\":\"https:\/\/ydeap.gr\/no\/?s={search_term_string}\"},\"query-input\":{\"@type\":\"PropertyValueSpecification\",\"valueRequired\":true,\"valueName\":\"search_term_string\"}}],\"inLanguage\":\"nb-NO\"}]}<\/script>\n<!-- \/ Yoast SEO plugin. -->","yoast_head_json":{"title":"Institusjonelle rammer - \u03a5\u0394\u0395\u0391\u03a0","robots":{"index":"index","follow":"follow","max-snippet":"max-snippet:-1","max-image-preview":"max-image-preview:large","max-video-preview":"max-video-preview:-1"},"canonical":"https:\/\/ydeap.gr\/no\/institusjonelle-rammer\/","og_locale":"nb_NO","og_type":"article","og_title":"Institusjonelle rammer - \u03a5\u0394\u0395\u0391\u03a0","og_description":"[vc_row][vc_column css=&raquo;.vc_custom_1511006756505{padding-right: 20px !important;padding-left: 50px !important;}&raquo;][vc_single_image image=&raquo;8590&#8243; img_size=&raquo;full&raquo; alignment=&raquo;center&raquo; css=&raquo;.vc_custom_1632379113720{padding-bottom: 20px !important;}&raquo;][vc_row_inner css=&raquo;.vc_custom_1621580068382{margin-bottom: 20px !important;}&raquo;][vc_column_inner][vc_custom_heading text=&raquo;VEDLAGTE FILER&raquo; font_container=&raquo;tag:h4|text_align:left&raquo; google_fonts=&raquo;font_family:Roboto%3A100%2C100italic%2C300%2C300italic%2Cregular%2Citalic%2C500%2C500italic%2C700%2C700italic%2C900%2C900italic|font_style:400%20regular%3A400%3Anormal&raquo;][\/vc_column_inner][\/vc_row_inner][vc_row_inner css=&raquo;.vc_custom_1628672925462{margin-top: 5px !important;margin-bottom: 5px !important;border-bottom-width: 1px !important;background-color: #f4f7f9 !important;border-bottom-color: #dfe8ed !important;border-bottom-style: solid !important;}&raquo;][vc_column_inner width=&raquo;1\/4&#8243;][vc_column_text][\/vc_column_text][\/vc_column_inner][vc_column_inner width=&raquo;3\/4&#8243;][vc_column_text] Protokoll 38C om E\u00d8S-finansieringsmekanismen [\/vc_column_text][\/vc_column_inner][\/vc_row_inner][vc_row_inner css=&raquo;.vc_custom_1621581633138{margin-top: 5px !important;margin-bottom: 5px !important;border-bottom-width: 1px !important;background-color: #f4f7f9 !important;border-bottom-color: #dfe8ed !important;border-bottom-style: solid !important;}&raquo;][vc_column_inner width=&raquo;1\/4&#8243;][vc_column_text][\/vc_column_text][\/vc_column_inner][vc_column_inner width=&raquo;3\/4&#8243;][vc_column_text] Protokoll&hellip;","og_url":"https:\/\/ydeap.gr\/no\/institusjonelle-rammer\/","og_site_name":"\u03a5\u0394\u0395\u0391\u03a0","article_modified_time":"2023-06-16T16:14:02+00:00","og_image":[{"url":"https:\/\/ydeap.gr\/wp-content\/uploads\/2017\/11\/pdf.jpg","type":"","width":"","height":""}],"twitter_card":"summary_large_image","twitter_misc":{"Ansl. lesetid":"5 minutter"},"schema":{"@context":"https:\/\/schema.org","@graph":[{"@type":"WebPage","@id":"https:\/\/ydeap.gr\/no\/institusjonelle-rammer\/","url":"https:\/\/ydeap.gr\/no\/institusjonelle-rammer\/","name":"Institusjonelle rammer - \u03a5\u0394\u0395\u0391\u03a0","isPartOf":{"@id":"https:\/\/ydeap.gr\/no\/#website"},"primaryImageOfPage":{"@id":"https:\/\/ydeap.gr\/no\/institusjonelle-rammer\/#primaryimage"},"image":{"@id":"https:\/\/ydeap.gr\/no\/institusjonelle-rammer\/#primaryimage"},"thumbnailUrl":"https:\/\/ydeap.gr\/wp-content\/uploads\/2017\/11\/pdf.jpg","datePublished":"2017-11-27T19:21:57+00:00","dateModified":"2023-06-16T16:14:02+00:00","breadcrumb":{"@id":"https:\/\/ydeap.gr\/no\/institusjonelle-rammer\/#breadcrumb"},"inLanguage":"nb-NO","potentialAction":[{"@type":"ReadAction","target":["https:\/\/ydeap.gr\/no\/institusjonelle-rammer\/"]}]},{"@type":"ImageObject","inLanguage":"nb-NO","@id":"https:\/\/ydeap.gr\/no\/institusjonelle-rammer\/#primaryimage","url":"https:\/\/ydeap.gr\/wp-content\/uploads\/2017\/11\/pdf.jpg","contentUrl":"https:\/\/ydeap.gr\/wp-content\/uploads\/2017\/11\/pdf.jpg"},{"@type":"BreadcrumbList","@id":"https:\/\/ydeap.gr\/no\/institusjonelle-rammer\/#breadcrumb","itemListElement":[{"@type":"ListItem","position":1,"name":"\u0391\u03c1\u03c7\u03b9\u03ba\u03ae","item":"https:\/\/ydeap.gr\/no\/"},{"@type":"ListItem","position":2,"name":"Institusjonelle rammer"}]},{"@type":"WebSite","@id":"https:\/\/ydeap.gr\/no\/#website","url":"https:\/\/ydeap.gr\/no\/","name":"\u03a5\u0394\u0395\u0391\u03a0","description":"\u0391\u03a1\u03a7\u0399\u039a\u0397","potentialAction":[{"@type":"SearchAction","target":{"@type":"EntryPoint","urlTemplate":"https:\/\/ydeap.gr\/no\/?s={search_term_string}"},"query-input":{"@type":"PropertyValueSpecification","valueRequired":true,"valueName":"search_term_string"}}],"inLanguage":"nb-NO"}]}},"_links":{"self":[{"href":"https:\/\/ydeap.gr\/no\/wp-json\/wp\/v2\/pages\/10003","targetHints":{"allow":["GET"]}}],"collection":[{"href":"https:\/\/ydeap.gr\/no\/wp-json\/wp\/v2\/pages"}],"about":[{"href":"https:\/\/ydeap.gr\/no\/wp-json\/wp\/v2\/types\/page"}],"author":[{"embeddable":true,"href":"https:\/\/ydeap.gr\/no\/wp-json\/wp\/v2\/users\/19"}],"replies":[{"embeddable":true,"href":"https:\/\/ydeap.gr\/no\/wp-json\/wp\/v2\/comments?post=10003"}],"version-history":[{"count":15,"href":"https:\/\/ydeap.gr\/no\/wp-json\/wp\/v2\/pages\/10003\/revisions"}],"predecessor-version":[{"id":10356,"href":"https:\/\/ydeap.gr\/no\/wp-json\/wp\/v2\/pages\/10003\/revisions\/10356"}],"wp:attachment":[{"href":"https:\/\/ydeap.gr\/no\/wp-json\/wp\/v2\/media?parent=10003"}],"curies":[{"name":"wp","href":"https:\/\/api.w.org\/{rel}","templated":true}]}}